{"id":17594,"date":"2024-08-22T15:26:49","date_gmt":"2024-08-22T15:26:49","guid":{"rendered":"https:\/\/topholds.com\/?page_id=17594"},"modified":"2024-08-22T15:28:27","modified_gmt":"2024-08-22T15:28:27","slug":"rechtlicher-hinweis","status":"publish","type":"page","link":"https:\/\/topholds.com\/de\/rechtlicher-hinweis\/","title":{"rendered":"Rechtlicher Hinweis"},"content":{"rendered":"\t\t<div data-elementor-type=\"wp-page\" data-elementor-id=\"17594\" class=\"elementor elementor-17594 elementor-12193\">\n\t\t\t\t\t\t<section class=\"elementor-section elementor-top-section elementor-element elementor-element-d15bbd3 elementor-section-boxed elementor-section-height-default elementor-section-height-default\" data-id=\"d15bbd3\" data-element_type=\"section\" data-e-type=\"section\">\n\t\t\t\t\t\t<div class=\"elementor-container elementor-column-gap-default\">\n\t\t\t\t\t<div class=\"elementor-column elementor-col-100 elementor-top-column elementor-element elementor-element-9a94284\" data-id=\"9a94284\" data-element_type=\"column\" data-e-type=\"column\">\n\t\t\t<div class=\"elementor-widget-wrap elementor-element-populated\">\n\t\t\t\t\t\t<div class=\"elementor-element elementor-element-ec4f524 elementor-widget elementor-widget-text-editor\" data-id=\"ec4f524\" data-element_type=\"widget\" data-e-type=\"widget\" data-widget_type=\"text-editor.default\">\n\t\t\t\t<div class=\"elementor-widget-container\">\n\t\t\t\t\t\t\t\t\t<p><b>RECHTLICHER HINWEIS<\/b><\/p>\n<p><b>Allgemeine Informationen und Identifizierung des Inhabers der Website<\/b><b>&nbsp;<\/b><\/p>\n<p><b>Identit\u00e4t<\/b><span style=\"font-weight: 400;\">: <\/span><b>TECNICOS DE DISE\u00d1OS Y ESPACIOS, S.L.U. <\/b><b>&nbsp;<\/b><\/p>\n<p><b>USt-IdNr.<\/b><span style=\"font-weight: 400;\">: B49238389<\/span><span style=\"font-weight: 400;\">&nbsp;<\/span><\/p>\n<p><b>Postanschrift<\/b><span style=\"font-weight: 400;\">: C\/ CHURRUCA, N\u00ba 7, ESC A, 2\u00ba DRCHA<\/span><span style=\"font-weight: 400;\">&nbsp;<\/span><\/p>\n<p><b>Domain<\/b><span style=\"font-weight: 400;\">: www.topholds.com <\/span><b>E-Mail<\/b><span style=\"font-weight: 400;\">: info@topholds.com<\/span><span style=\"font-weight: 400;\">&nbsp;<\/span><\/p>\n<p><span style=\"font-weight: 400;\">Die Website www.topholds.com hat zum Ziel, Kunden, potenziellen Kunden und allen, die darauf zugreifen, Informationen \u00fcber die T\u00e4tigkeit und die angebotenen Dienstleistungen des Unternehmens bereitzustellen sowie Informationen bereitzustellen, die von Interesse sein k\u00f6nnten.<\/span><span style=\"font-weight: 400;\">&nbsp;<\/span><\/p>\n<p><b>Nutzungsbedingungen<\/b><b>&nbsp;<\/b><\/p>\n<p><span style=\"font-weight: 400;\">Mit dieser Website beabsichtigt <\/span><b>TECNICOS DE DISE\u00d1OS Y ESPACIOS, S.L.U.<\/b><span style=\"font-weight: 400;\">, einen n\u00fctzlichen Dienst anzubieten, daher sind die Vorschl\u00e4ge der Benutzer willkommen. <\/span><span style=\"font-weight: 400;\">&nbsp;<\/span><span style=\"font-weight: 400;\">Sollten Sie jedoch mit einigen der in diesem Hinweis enthaltenen Bedingungen nicht einverstanden sein, sollten Sie die Website nicht weiter nutzen. Der Zugriff auf die Website impliziert die vorbehaltlose Annahme dieser Bedingungen. Die nachstehenden Bedingungen regeln die zul\u00e4ssige Nutzung der Website www.topholds.com:<\/span><\/p>\n<ol>\n<li><b>Zugriff.<\/b><span style=\"font-weight: 400;\"> Der Benutzer wird informiert und akzeptiert, dass der Zugriff auf diese Website <\/span><span style=\"font-weight: 400;\">in keiner Weise den Beginn einer Gesch\u00e4ftsbeziehung mit <\/span><b>TECNICOS <\/b><b>DE DISE\u00d1OS Y ESPACIOS, S.L.U.<\/b><span style=\"font-weight: 400;\"> darstellt.&nbsp;<\/span><\/li>\n<li><b>\u00c4nderungen an der Website und Unterbrechungen oder Fehler beim Zugriff.<\/b><span style=\"font-weight: 400;\"> Die Website www.topholds.com beh\u00e4lt sich das Recht vor, jederzeit und ohne vorherige Ank\u00fcndigung \u00c4nderungen und Aktualisierungen der darin enthaltenen Informationen, ihrer Konfiguration und Pr\u00e4sentation sowie der Zugriffsbedingungen vorzunehmen.&nbsp;<\/span><\/li>\n<li><b>Inhalte und verlinkte Seiten.<\/b><span style=\"font-weight: 400;\"> Die auf dieser Website enthaltenen Informationen dienen ausschlie\u00dflich Informationszwecken. <\/span><b>TECNICOS DE DISE\u00d1OS Y ESPACIOS,<\/b><b><\/b><b>S.L.U.<\/b><span style=\"font-weight: 400;\"> beh\u00e4lt sich das Recht vor, die auf ihren Webseiten enthaltenen Informationen zu aktualisieren, zu \u00e4ndern oder zu l\u00f6schen und den Zugriff auf bestimmte Informationen f\u00fcr bestimmte Benutzer einzuschr\u00e4nken oder zu verhindern. <\/span><b>TECNICOS DE DISE\u00d1OS Y ESPACIOS,<\/b><b>&nbsp;<\/b><b>S.L.U.<\/b><span style=\"font-weight: 400;\"> \u00fcbernimmt keinerlei Verantwortung f\u00fcr die Informationen auf Websites Dritter, auf die \u00fcber &#8222;Links&#8220; oder Verkn\u00fcpfungen von der Website von <\/span><b>TECNICOS DE DISE\u00d1OS Y ESPACIOS, S.L.U.<\/b><span style=\"font-weight: 400;\"> zugegriffen werden kann. Das Vorhandensein von &#8222;Links&#8220; auf der Website von <\/span><b>TECNICOS DE DISE\u00d1OS Y ESPACIOS,<\/b><b>&nbsp;<\/b><b>S.L.U.<\/b><span style=\"font-weight: 400;\"> dient ausschlie\u00dflich Informationszwecken und stellt in keinem Fall eine Empfehlung dar.<\/span><\/li>\n<li><b>Schutz personenbezogener Daten.<\/b><span style=\"font-weight: 400;\"> Die mit dieser Website verkn\u00fcpften personenbezogenen Daten entsprechen den Anforderungen der DSGVO (EU) 2016\/679 sowie des spanischen Gesetzes LOPDPGDD 3\/2018 und anderer geltender spanischer Gesetze und Vorschriften in diesem Bereich. Daher erfolgt die \u00dcbermittlung von Daten durch die Betroffenen v\u00f6llig freiwillig. Weitere Informationen zu diesem Thema finden Sie im Abschnitt &#8222;Datenschutzerkl\u00e4rung&#8220; auf unserer Website.&nbsp;<\/span><\/li>\n<li><b>Geistiges Eigentum.<\/b><span style=\"font-weight: 400;\"> Die geistigen Eigentumsrechte an der Website, dem Grafikdesign und den Codes geh\u00f6ren <\/span><b>TECNICOS DE DISE\u00d1OS Y<\/b><b><\/b><b>ESPACIOS, S.L.U.<\/b><span style=\"font-weight: 400;\"> und daher ist ihre Vervielf\u00e4ltigung, Verbreitung, \u00f6ffentliche Wiedergabe, Transformation oder jede andere Aktivit\u00e4t, die mit den Inhalten dieser Website durchgef\u00fchrt werden kann, selbst unter Angabe der Quelle, ohne schriftliche Zustimmung von <\/span><b>TECNICOS DE DISE\u00d1OS Y ESPACIOS, S.L.U.<\/b><span style=\"font-weight: 400;\">, untersagt. Benutzer der Website, die Kommentare im Blog abgeben, \u00fcbertragen ihre geistigen Eigentumsrechte kostenlos und unterliegen den im vorherigen Abschnitt genannten Bedingungen.&nbsp;<\/span><\/li>\n<li><b>Haftung.<\/b> <b>TECNICOS DE DISE\u00d1OS Y ESPACIOS, S.L.U.<\/b><span style=\"font-weight: 400;\"> haftet in keinem Fall f\u00fcr Sch\u00e4den jeglicher Art, die direkt oder indirekt aus der Nichtbeachtung dieses Hinweises oder der Nichteinhaltung der in den Bedingungen festgelegten Pflichten entstehen. Ebenso schlie\u00dft <\/span><b>TECNICOS DE DISE\u00d1OS Y ESPACIOS, S.L.U.<\/b><span style=\"font-weight: 400;\"> jegliche Haftung f\u00fcr Sch\u00e4den jeglicher Art aus, die au\u00dferhalb ihrer tats\u00e4chlichen Kontrolle auf die \u00dcbertragung, Verbreitung, Speicherung, Bereitstellung, den Empfang, den Zugang zur Website oder deren Inhalte zur\u00fcckzuf\u00fchren sind.&nbsp;<\/span><\/li>\n<\/ol>\n<p><span style=\"font-weight: 400;\">7. <\/span><b>Anwendbares Recht.<\/b><span style=\"font-weight: 400;\"> Im Allgemeinen unterliegen die Beziehungen zwischen <\/span><b>TECNICOS DE<\/b><b>&nbsp;<\/b><b>DISE\u00d1OS Y ESPACIOS, S.L.U.<\/b><span style=\"font-weight: 400;\"> und den Nutzern ihrer telematischen Dienste, die auf dieser Website pr\u00e4sent sind, dem spanischen Recht und der spanischen Gerichtsbarkeit.<\/span><\/p>\t\t\t\t\t\t\t\t<\/div>\n\t\t\t\t<\/div>\n\t\t\t\t\t<\/div>\n\t\t<\/div>\n\t\t\t\t\t<\/div>\n\t\t<\/section>\n\t\t\t\t<\/div>\n\t\t","protected":false},"excerpt":{"rendered":"<p>RECHTLICHER HINWEIS Allgemeine Informationen und Identifizierung des Inhabers der Website&nbsp; Identit\u00e4t: TECNICOS DE DISE\u00d1OS Y ESPACIOS, S.L.U. &nbsp; USt-IdNr.: B49238389&nbsp;&#8230;<\/p>\n","protected":false},"author":2,"featured_media":0,"parent":0,"menu_order":0,"comment_status":"closed","ping_status":"closed","template":"","meta":{"footnotes":""},"class_list":["post-17594","page","type-page","status-publish","hentry"],"_links":{"self":[{"href":"https:\/\/topholds.com\/de\/wp-json\/wp\/v2\/pages\/17594","targetHints":{"allow":["GET"]}}],"collection":[{"href":"https:\/\/topholds.com\/de\/wp-json\/wp\/v2\/pages"}],"about":[{"href":"https:\/\/topholds.com\/de\/wp-json\/wp\/v2\/types\/page"}],"author":[{"embeddable":true,"href":"https:\/\/topholds.com\/de\/wp-json\/wp\/v2\/users\/2"}],"replies":[{"embeddable":true,"href":"https:\/\/topholds.com\/de\/wp-json\/wp\/v2\/comments?post=17594"}],"version-history":[{"count":10,"href":"https:\/\/topholds.com\/de\/wp-json\/wp\/v2\/pages\/17594\/revisions"}],"predecessor-version":[{"id":17604,"href":"https:\/\/topholds.com\/de\/wp-json\/wp\/v2\/pages\/17594\/revisions\/17604"}],"wp:attachment":[{"href":"https:\/\/topholds.com\/de\/wp-json\/wp\/v2\/media?parent=17594"}],"curies":[{"name":"wp","href":"https:\/\/api.w.org\/{rel}","templated":true}]}}