{"id":17679,"date":"2024-08-22T19:01:44","date_gmt":"2024-08-22T19:01:44","guid":{"rendered":"https:\/\/topholds.com\/?page_id=17679"},"modified":"2024-08-22T19:07:34","modified_gmt":"2024-08-22T19:07:34","slug":"cookies","status":"publish","type":"page","link":"https:\/\/topholds.com\/de\/cookies\/","title":{"rendered":"Cookies"},"content":{"rendered":"\t\t<div data-elementor-type=\"wp-page\" data-elementor-id=\"17679\" class=\"elementor elementor-17679 elementor-12188\">\n\t\t\t\t\t\t<section class=\"elementor-section elementor-top-section elementor-element elementor-element-f911ea5 elementor-section-boxed elementor-section-height-default elementor-section-height-default\" data-id=\"f911ea5\" data-element_type=\"section\" data-e-type=\"section\">\n\t\t\t\t\t\t<div class=\"elementor-container elementor-column-gap-default\">\n\t\t\t\t\t<div class=\"elementor-column elementor-col-100 elementor-top-column elementor-element elementor-element-bf299e4\" data-id=\"bf299e4\" data-element_type=\"column\" data-e-type=\"column\">\n\t\t\t<div class=\"elementor-widget-wrap elementor-element-populated\">\n\t\t\t\t\t\t<div class=\"elementor-element elementor-element-ff65c32 elementor-widget elementor-widget-text-editor\" data-id=\"ff65c32\" data-element_type=\"widget\" data-e-type=\"widget\" data-widget_type=\"text-editor.default\">\n\t\t\t\t<div class=\"elementor-widget-container\">\n\t\t\t\t\t\t\t\t\t<p><b>COOKIE-RICHTLINIE<\/b><b>&nbsp;<\/b><\/p>\n<p><span style=\"font-weight: 400;\">In \u00dcbereinstimmung mit Artikel 22.2 des Gesetzes 34\/2002 vom 11. Juli \u00fcber die Dienste der Informationsgesellschaft und den elektronischen Gesch\u00e4ftsverkehr informiert Sie diese Website \u00fcber die <\/span><b>Richtlinie zur Erhebung und Verarbeitung von Cookies<\/b><span style=\"font-weight: 400;\">.&nbsp;<\/span><\/p>\n<ol>\n<li><b> Einf\u00fchrung&nbsp;<\/b><\/li>\n<\/ol>\n<p><span style=\"font-weight: 400;\">Unsere Website, www.topholds.com (im Folgenden: \u201edie Website\u201c), verwendet Cookies und andere<\/span> <span style=\"font-weight: 400;\">verwandte Technologien (der Einfachheit halber werden alle Technologien <\/span><span style=\"font-weight: 400;\">&nbsp;<\/span><span style=\"font-weight: 400;\">als \u201eCookies\u201c bezeichnet). Cookies werden auch von Dritten platziert, die wir <\/span><span style=\"font-weight: 400;\">&nbsp;beauftragt haben. Im Folgenden informieren wir Sie \u00fcber deren Verwendung auf unserer Website.&nbsp;<\/span><\/p>\n<ol start=\"2\">\n<li><b> Was sind Cookies?&nbsp;<\/b><\/li>\n<\/ol>\n<p><span style=\"font-weight: 400;\">Ein Cookie ist eine kleine einfache Datei, die zusammen mit den Seiten dieser <\/span><span style=\"font-weight: 400;\">&nbsp;<\/span><span style=\"font-weight: 400;\">Website gesendet wird und die Ihr Browser auf der Festplatte Ihres Computers oder eines anderen <\/span><span style=\"font-weight: 400;\">&nbsp;<\/span><span style=\"font-weight: 400;\">Ger\u00e4ts speichert. Die gespeicherten Informationen k\u00f6nnen bei einem sp\u00e4teren Besuch an unsere Server oder <\/span><span style=\"font-weight: 400;\">&nbsp;an die relevanten Server Dritter zur\u00fcckgesendet werden.&nbsp;<\/span><\/p>\n<ol start=\"3\">\n<li><b> Was sind Scripts?&nbsp;<\/b><\/li>\n<\/ol>\n<p><span style=\"font-weight: 400;\">Ein Script ist ein Programmcode, der verwendet wird, um unsere Website korrekt und interaktiv <\/span><span style=\"font-weight: 400;\">&nbsp;<\/span><span style=\"font-weight: 400;\">zu machen. Dieser Code wird auf unserem Server oder auf Ihrem Ger\u00e4t ausgef\u00fchrt.&nbsp;<\/span><\/p>\n<ol start=\"4\">\n<li><b> Was ist ein Web-Beacon?&nbsp;<\/b><\/li>\n<\/ol>\n<p><span style=\"font-weight: 400;\">Ein Web-Beacon (oder Pixel-Tag) ist ein kleines und unsichtbares St\u00fcck Text oder Bild auf einer Website, das verwendet wird, um den Verkehr auf einer Website zu verfolgen. Zu diesem Zweck werden verschiedene Daten \u00fcber Sie mithilfe von Web-Beacons gespeichert.&nbsp;<\/span><\/p>\n<ol start=\"5\">\n<li><b> Cookies&nbsp;<\/b><\/li>\n<\/ol>\n<p><b>5.1 Technische oder funktionale Cookies&nbsp;<\/b><\/p>\n<p><span style=\"font-weight: 400;\">Einige Cookies stellen sicher, dass bestimmte Teile der Website korrekt funktionieren und <\/span><span style=\"font-weight: 400;\">&nbsp;<\/span><span style=\"font-weight: 400;\">dass Ihre Benutzervorlieben weiterhin gespeichert bleiben. Durch das Platzieren funktionaler Cookies <\/span><span style=\"font-weight: 400;\">&nbsp;<\/span><span style=\"font-weight: 400;\">erleichtern wir Ihnen den Besuch unserer Website. Auf diese Weise m\u00fcssen Sie nicht <\/span><span style=\"font-weight: 400;\">&nbsp;<\/span><span style=\"font-weight: 400;\">wiederholt dieselben Informationen eingeben, wenn Sie unsere Website besuchen, und zum Beispiel bleiben die <\/span><span style=\"font-weight: 400;\">&nbsp;<\/span><span style=\"font-weight: 400;\">Artikel in Ihrem Warenkorb, bis Sie bezahlt haben. Wir k\u00f6nnen diese Cookies ohne Ihre Zustimmung platzieren.&nbsp;<\/span><\/p>\n<p><b>5.2 Analytische Cookies&nbsp;<\/b><\/p>\n<p><span style=\"font-weight: 400;\">Wir verwenden analytische Cookies, um die Erfahrung auf der Website f\u00fcr unsere <\/span><span style=\"font-weight: 400;\">&nbsp;<\/span><span style=\"font-weight: 400;\">Nutzer zu optimieren. Mit diesen analytischen Cookies erhalten wir Erkenntnisse \u00fcber die Nutzung unserer <\/span><span style=\"font-weight: 400;\">&nbsp;Website. Wir bitten um Ihre Erlaubnis, analytische Cookies einzusetzen.&nbsp;<\/span><\/p>\n<p><b>5.3 Social-Media-Buttons<\/b><\/p>\n<p><span style=\"font-weight: 400;\">Auf unserer Website haben wir Schaltfl\u00e4chen integriert, um Seiten in sozialen Netzwerken wie Facebook zu bewerben (z.B. \u201eGef\u00e4llt mir\u201c, \u201ePin\u201c) oder zu teilen (z.B. \u201eTweeten\u201c). Diese <\/span><span style=\"font-weight: 400;\">&nbsp;<\/span><span style=\"font-weight: 400;\">Schaltfl\u00e4chen funktionieren mit Code von Facebook selbst. Dieser Code integriert <\/span><span style=\"font-weight: 400;\">&nbsp;<\/span><span style=\"font-weight: 400;\">Cookies. Diese Social-Media-Schaltfl\u00e4chen k\u00f6nnen bestimmte <\/span><span style=\"font-weight: 400;\">&nbsp;Informationen speichern und verarbeiten, wodurch personalisierte Anzeigen geschaltet werden k\u00f6nnen.&nbsp;<\/span><\/p>\n<p><span style=\"font-weight: 400;\">Bitte lesen Sie die Datenschutzrichtlinien dieser sozialen Netzwerke (die sich h\u00e4ufig \u00e4ndern k\u00f6nnen), um zu erfahren, was sie mit Ihren pers\u00f6nlichen Daten machen, die sie mit diesen Cookies verarbeiten. Die erhaltenen Daten werden so weit wie m\u00f6glich anonymisiert.&nbsp;&nbsp;<\/span><\/p>\n<ol start=\"6\">\n<li><b> Verwendete Cookies&nbsp;<\/b><\/li>\n<\/ol>\n<p><span style=\"font-weight: 400;\">\u25aa <\/span><i><span style=\"font-weight: 400;\">Google Analytics&nbsp;<\/span><\/i><\/p>\n<p><span style=\"font-weight: 400;\">\u25aa <\/span><i><span style=\"font-weight: 400;\">WordFence&nbsp;<\/span><\/i><\/p>\n<p><span style=\"font-weight: 400;\">\u25aa <\/span><i><span style=\"font-weight: 400;\">Google Fonts&nbsp;<\/span><\/i><\/p>\n<p><span style=\"font-weight: 400;\">\u25aa <\/span><i><span style=\"font-weight: 400;\">Google Maps&nbsp;<\/span><\/i><\/p>\n<p><span style=\"font-weight: 400;\">\u25aa <\/span><i><span style=\"font-weight: 400;\">YouTube&nbsp;<\/span><\/i><\/p>\n<p><span style=\"font-weight: 400;\">\u25aa <\/span><i><span style=\"font-weight: 400;\">Facebook&nbsp;<\/span><\/i><\/p>\n<p><span style=\"font-weight: 400;\">\u25aa <\/span><i><span style=\"font-weight: 400;\">Verschiedene (Instagram, LinkedIn, Twitter, etc.)<\/span><\/i><i><span style=\"font-weight: 400;\">&nbsp;<\/span><\/i><\/p>\n<ol start=\"7\">\n<li><b> Zustimmung&nbsp;<\/b><\/li>\n<\/ol>\n<p><span style=\"font-weight: 400;\">Wenn Sie unsere Website zum ersten Mal besuchen, zeigen wir Ihnen ein Popup-Fenster mit einer Erkl\u00e4rung zu den Cookies. Sobald Sie auf <\/span><span style=\"font-weight: 400;\">&nbsp;<\/span><span style=\"font-weight: 400;\">\u201eAKZEPTIEREN\u201c klicken, stimmen Sie zu, dass wir die von Ihnen in dem Popup-Fenster ausgew\u00e4hlten Kategorien von Cookies und Plugins verwenden, wie in dieser Cookie-Richtlinie beschrieben. Sie k\u00f6nnen die Verwendung von Cookies \u00fcber Ihren Browser deaktivieren, aber beachten Sie bitte, dass unsere Website m\u00f6glicherweise nicht richtig funktioniert.&nbsp;<\/span><\/p>\n<ol start=\"8\">\n<li><b> Aktivierung, Deaktivierung und L\u00f6schung von Cookies<\/b><\/li>\n<\/ol>\n<p><span style=\"font-weight: 400;\">Sie k\u00f6nnen Ihren Internetbrowser verwenden, um Cookies automatisch oder manuell zu l\u00f6schen. Sie k\u00f6nnen auch angeben, dass bestimmte Cookies nicht platziert werden d\u00fcrfen. Eine weitere M\u00f6glichkeit besteht darin, die Einstellungen Ihres Internetbrowsers zu \u00e4ndern, um jedes Mal eine Nachricht zu erhalten, wenn ein Cookie platziert wird. Weitere Informationen zu diesen Optionen finden Sie in den Anweisungen im Abschnitt \u201eHilfe\u201c Ihres Browsers.<\/span><span style=\"font-weight: 400;\">&nbsp;<\/span><\/p>\n<p><span style=\"font-weight: 400;\">\u25aa <\/span><b>Microsoft Internet Explorer oder Microsoft Edge<\/b><span style=\"font-weight: 400;\">:&nbsp;<\/span><\/p>\n<p><i><span style=\"font-weight: 400;\">https:\/\/support.microsoft.com\/de-de\/help\/17442\/windows-internet-explorer-delete-manage-cookies<\/span><\/i><i><span style=\"font-weight: 400;\">&nbsp;<\/span><\/i><\/p>\n<p><span style=\"font-weight: 400;\">\u25aa <\/span><b>Mozilla Firefox:&nbsp;<\/b><\/p>\n<p><i><span style=\"font-weight: 400;\">https:\/\/support.mozilla.org\/de\/kb\/cookies-loeschen-daten-von-websites-entfernen<\/span><\/i><\/p>\n<p><span style=\"font-weight: 400;\">\u25aa <\/span><b>Chrome:&nbsp;<\/b><\/p>\n<p><i><span style=\"font-weight: 400;\">https:\/\/support.google.com\/accounts\/answer\/61416?hl=de<\/span><\/i><i><span style=\"font-weight: 400;\">&nbsp;<\/span><\/i><\/p>\n<p><span style=\"font-weight: 400;\">\u25aa <\/span><b>Safari:&nbsp;<\/b><\/p>\n<p><i><span style=\"font-weight: 400;\">http:\/\/safari.helpmax.net\/de\/datenschutz-und-sicherheit\/wie-man-cookies-verwalten-kann\/<\/span><\/i><\/p>\n<p><span style=\"font-weight: 400;\">\u25aa <\/span><b>Opera:&nbsp;<\/b><\/p>\n<p><i><span style=\"font-weight: 400;\">http:\/\/help.opera.com\/Windows\/11.50\/de\/cookies.html<\/span><\/i><\/p>\n<p><span style=\"font-weight: 400;\">Dar\u00fcber hinaus k\u00f6nnen Sie den Cookie-Speicher in Ihrem Browser auch \u00fcber Tools wie die folgenden verwalten:&nbsp;<\/span><\/p>\n<p><span style=\"font-weight: 400;\">\u25aa <\/span><b>Ghostery:&nbsp;<\/b><\/p>\n<p><i><span style=\"font-weight: 400;\">https:\/\/www.ghostery.com<\/span><\/i><i><span style=\"font-weight: 400;\">&nbsp;<\/span><\/i><\/p>\n<p><span style=\"font-weight: 400;\">\u25aa <\/span><b>Your Online Choices:&nbsp;<\/b><\/p>\n<p><i><span style=\"font-weight: 400;\">http:\/\/www.youronlinechoices.com\/de\/<\/span><\/i><i><span style=\"font-weight: 400;\">&nbsp;<\/span><\/i><\/p>\n<p><span style=\"font-weight: 400;\">Beachten Sie bitte, dass unsere Website m\u00f6glicherweise nicht richtig funktioniert, wenn alle Cookies deaktiviert sind. Wenn Sie die Cookies in Ihrem Browser l\u00f6schen, werden sie nach Ihrer Zustimmung bei Ihrem n\u00e4chsten Besuch auf unserer Website erneut platziert.&nbsp;<\/span><\/p>\n<ol start=\"9\">\n<li><b> Kontaktangaben&nbsp;<\/b><\/li>\n<\/ol>\n<p><span style=\"font-weight: 400;\">F\u00fcr Fragen und\/oder Kommentare zu unserer Cookie-Richtlinie und dieser Erkl\u00e4rung <\/span><span style=\"font-weight: 400;\">&nbsp;kontaktieren Sie uns bitte unter den folgenden Kontaktdaten:&nbsp;<\/span><\/p>\n<p><span style=\"font-weight: 400;\">TECNICOS DE DISE\u00d1OS Y ESPACIOS, S.L.U. CIF: B49238389<\/span> <span style=\"font-weight: 400;\">Adresse: C\/ CHURRUCA, N\u00ba 7, ESC A, 2\u00ba DCHA<\/span><i><span style=\"font-weight: 400;\">, <\/span><\/i><span style=\"font-weight: 400;\">C.P. 49030, ZAMORA<\/span> <span style=\"font-weight: 400;\">Telefon: 654528678 E-Mail: info@topholds.com Website: www.topholds.com<\/span><\/p>\n<p><b>WEB-KONTAKTFORMULAR-MODELL<\/b><b>&nbsp;<\/b><\/p>\n<p><span style=\"font-weight: 400;\">Der Inhaber der Website <\/span><b>TECNICOS DE DISE\u00d1OS Y ESPACIOS, S.L.U. <\/b><span style=\"font-weight: 400;\">wird Ihre Daten verarbeiten, um Ihre \u00fcber unser Formular und per E-Mail gesendeten Nachrichten zu verwalten und zu beantworten.&nbsp;<\/span><\/p>\n<p><span style=\"font-weight: 400;\">Mit der \u00dcbermittlung Ihrer Daten best\u00e4tigen Sie, dass Sie unsere Datenschutzrichtlinie&nbsp; <\/span><span style=\"font-weight: 400;\">(Link) <\/span><span style=\"font-weight: 400;\">und unsere Cookie-Richtlinie <\/span><span style=\"font-weight: 400;\">(Link) <\/span>gelesen und akzeptiert haben.<\/p>\t\t\t\t\t\t\t\t<\/div>\n\t\t\t\t<\/div>\n\t\t\t\t\t<\/div>\n\t\t<\/div>\n\t\t\t\t\t<\/div>\n\t\t<\/section>\n\t\t\t\t<\/div>\n\t\t","protected":false},"excerpt":{"rendered":"<p>COOKIE-RICHTLINIE&nbsp; In \u00dcbereinstimmung mit Artikel 22.2 des Gesetzes 34\/2002 vom 11. Juli \u00fcber die Dienste der Informationsgesellschaft und den elektronischen&#8230;<\/p>\n","protected":false},"author":2,"featured_media":0,"parent":0,"menu_order":0,"comment_status":"closed","ping_status":"closed","template":"","meta":{"footnotes":""},"class_list":["post-17679","page","type-page","status-publish","hentry"],"_links":{"self":[{"href":"https:\/\/topholds.com\/de\/wp-json\/wp\/v2\/pages\/17679","targetHints":{"allow":["GET"]}}],"collection":[{"href":"https:\/\/topholds.com\/de\/wp-json\/wp\/v2\/pages"}],"about":[{"href":"https:\/\/topholds.com\/de\/wp-json\/wp\/v2\/types\/page"}],"author":[{"embeddable":true,"href":"https:\/\/topholds.com\/de\/wp-json\/wp\/v2\/users\/2"}],"replies":[{"embeddable":true,"href":"https:\/\/topholds.com\/de\/wp-json\/wp\/v2\/comments?post=17679"}],"version-history":[{"count":10,"href":"https:\/\/topholds.com\/de\/wp-json\/wp\/v2\/pages\/17679\/revisions"}],"predecessor-version":[{"id":17689,"href":"https:\/\/topholds.com\/de\/wp-json\/wp\/v2\/pages\/17679\/revisions\/17689"}],"wp:attachment":[{"href":"https:\/\/topholds.com\/de\/wp-json\/wp\/v2\/media?parent=17679"}],"curies":[{"name":"wp","href":"https:\/\/api.w.org\/{rel}","templated":true}]}}