{"id":17741,"date":"2024-08-22T22:58:13","date_gmt":"2024-08-22T22:58:13","guid":{"rendered":"https:\/\/topholds.com\/?page_id=17741"},"modified":"2024-08-22T22:58:15","modified_gmt":"2024-08-22T22:58:15","slug":"datenschutzerklaerung","status":"publish","type":"page","link":"https:\/\/topholds.com\/de\/datenschutzerklaerung\/","title":{"rendered":"Datenschutzerkl\u00e4rung"},"content":{"rendered":"\n\n\n<p><b>DATENSCHUTZRICHTLINIE<\/b><\/p>\n<p><b>Verantwortlicher f\u00fcr die Datenverarbeitung<\/b><b>\u00a0<\/b><\/p>\n<p><b>Identit\u00e4t<\/b>: <b>TECNICOS DE DISE\u00d1OS Y ESPACIOS, S.L.U.<\/b><b>\u00a0<\/b><\/p>\n<p><b>CIF<\/b>: B49238389\u00a0<\/p>\n<p><b>Postanschrift<\/b>: C\/ CHURRUCA, N\u00ba 7, ESC A, 2\u00ba DRCHA<i>, <\/i>C.P. 49030, ZAMORA \u00a0(ZAMORA)\u00a0<\/p>\n<p><b>Telefon<\/b>: 654528678 <b>E-Mail<\/b>: info@topholds.com\u00a0<\/p>\n<p><b>T\u00e4tigkeit: <\/b>SPORTARTIKEL\u00a0<\/p>\n<p><b>Zweck der Datenverarbeitung und Aufbewahrung<\/b><b>\u00a0<\/b><\/p>\n<p>\u25aa Wir verarbeiten die Informationen, die Sie uns zur Verf\u00fcgung stellen, zur Verwaltung der Kontakte, die uns f\u00fcr alle Arten von Anfragen zukommen, sowie zur Erbringung unserer Dienstleistungen. Ihre Daten werden ausschlie\u00dflich zu diesen Zwecken erhoben und nicht in einer Weise weiterverarbeitet, die mit diesen Zwecken unvereinbar ist. Wir senden Ihnen Informationen zu unseren Aktivit\u00e4ten und Dienstleistungen, die f\u00fcr Sie von Interesse sein k\u00f6nnten. Es werden keine automatisierten Entscheidungen auf der Grundlage Ihres Profils getroffen.\u00a0<\/p>\n<p>\u25aa Sie k\u00f6nnen Ihre Einwilligung jederzeit widerrufen.\u00a0<\/p>\n<p>\u25aa Die von Ihnen zur Verf\u00fcgung gestellten Daten werden f\u00fcr die Dauer der Gesch\u00e4fts- und\/oder Vertragsbeziehung oder, falls nicht zutreffend, solange aufbewahrt, bis Sie Ihre Einwilligung zu dieser Verarbeitung widerrufen und in jedem Fall f\u00fcr die Jahre, die zur Erf\u00fcllung der gesetzlichen Verpflichtungen erforderlich sind.\u00a0<\/p>\n<p><b>Rechtsgrundlage f\u00fcr die Datenverarbeitung<\/b><b>\u00a0<\/b><\/p>\n<p>\u25aa Die Rechtsgrundlage f\u00fcr die Verarbeitung Ihrer Daten ist die Einwilligung, die Sie uns erteilen, und\/oder die Erf\u00fcllung des Vertrags, dessen Gegenstand die Erbringung unserer Dienstleistungen ist.\u00a0<\/p>\n<p>\u25aa In diesem Zusammenhang kann der Widerruf Ihrer Einwilligung diese Ausf\u00fchrung nicht beeinflussen, solange der Vertrag in Kraft bleibt, da die Verarbeitung Ihrer Daten f\u00fcr die effektive Erf\u00fcllung des Vertrags erforderlich ist.\u00a0<\/p>\n<p><b>Empf\u00e4nger Ihrer Daten<\/b><b>\u00a0<\/b><\/p>\n<p>\u25aa Es ist nicht vorgesehen, personenbezogene Daten an Dritte weiterzugeben, es sei denn, es besteht eine gesetzliche Verpflichtung oder es ist zur Erbringung unserer Dienstleistungen erforderlich, und in jedem Fall unter Einhaltung der Sicherheitsma\u00dfnahmen der geltenden Vorschriften. Internationale Daten\u00fcbermittlungen sind nicht vorgesehen.<\/p>\n<p><b>Welche Rechte haben Sie?<\/b><b>\u00a0<\/b><\/p>\n<p>\u25aa Als Inhaber der von <b>TECNICOS DE DISE\u00d1OS Y <\/b><b>\u00a0<\/b><b>ESPACIOS, S.L.U. <\/b>verarbeiteten Daten haben Sie jederzeit das Recht, auf Ihre Daten zuzugreifen, sie zu berichtigen, der Verarbeitung zu widersprechen oder sie zu l\u00f6schen. Dar\u00fcber hinaus k\u00f6nnen Sie, falls gew\u00fcnscht, die \u00dcbertragbarkeit Ihrer Daten und die Einschr\u00e4nkung ihrer Verarbeitung verlangen, in welchem Fall wir sie nur f\u00fcr die Aus\u00fcbung oder Verteidigung von Anspr\u00fcchen aufbewahren werden. Sie k\u00f6nnen auch Ihre erteilte Einwilligung jederzeit widerrufen.\u00a0<\/p>\n<p>\u25aa Infolge der Anwendung des Rechts auf L\u00f6schung oder Widerspruch gegen die Verarbeitung personenbezogener Daten im Online-Umfeld haben die betroffenen Personen das Recht auf Vergessenwerden gem\u00e4\u00df der Rechtsprechung des Europ\u00e4ischen Gerichtshofs.\u00a0<\/p>\n<p>\u25aa Die betroffenen Personen k\u00f6nnen der Verarbeitung ihrer Daten zu Marketingzwecken, einschlie\u00dflich der Profilerstellung, widersprechen.\u00a0<\/p>\n<p>\u25aa Zur Aus\u00fcbung dieser Rechte k\u00f6nnen Sie sich an uns wenden, indem Sie ein Schreiben zusammen mit einem g\u00fcltigen Identit\u00e4tsnachweis, wie einer Kopie Ihres Personalausweises oder eines gleichwertigen Dokuments, an folgende Adresse senden: C\/ CHURRUCA, N\u00ba 7, ESC A, 2\u00ba DRCHA<i>, <\/i>C.P. 49030, ZAMORA (ZAMORA), oder per E-Mail an info@topholds.com, wobei Sie eine gescannte Kopie Ihres Personalausweises oder ein anderes Identit\u00e4tsnachweismittel beif\u00fcgen und im Betreff &#8222;DATENSCHUTZ&#8220; angeben. \u00dcber diesen Weg k\u00f6nnen Sie auch die entsprechenden Formulare oder Antragsmuster anfordern.\u00a0\u00a0<\/p>\n<p>\u25aa Sie haben das Recht, jede Beschwerde, die Sie f\u00fcr angemessen halten, bei der Spanischen Datenschutzbeh\u00f6rde (AEPD) einzureichen, \u00fcber ihre elektronische Adresse www.aepd.es\u00a0<\/p>\n<p><b>\u00dcbermittlung und Registrierung personenbezogener Daten<\/b><b>\u00a0<\/b><\/p>\n<p>\u25aa Die \u00dcbermittlung personenbezogener Daten ist obligatorisch, um Kontakt aufzunehmen und Informationen \u00fcber die Produkte und Dienstleistungen zu erhalten, die <b>TECNICOS DE DISE\u00d1OS Y <\/b><b>\u00a0ESPACIOS, S.L.U. <\/b>\u00fcber seine verschiedenen Marken anbietet.\u00a0<\/p>\n<p>\u25aa Die Nichtbereitstellung der angeforderten personenbezogenen Daten oder die Nichtannahme dieser Datenschutzrichtlinie macht es unm\u00f6glich, sich zu abonnieren, zu registrieren oder Informationen \u00fcber die Produkte und Dienstleistungen von <b>TECNICOS DE DISE\u00d1OS Y <\/b><b>\u00a0ESPACIOS, S.L.U.<\/b> zu erhalten.\u00a0<\/p>\n<p><b>Richtigkeit und Wahrhaftigkeit der bereitgestellten Daten<\/b><b>\u00a0<\/b><\/p>\n<p>\u25aa Der Nutzer, der die Informationen an <b>TECNICOS DE DISE\u00d1OS Y ESPACIOS, <\/b><b>\u00a0<\/b><b>S.L.U. <\/b>sendet, ist allein verantwortlich f\u00fcr die Richtigkeit und Korrektheit seiner Daten, wobei diese Entit\u00e4t von jeglicher diesbez\u00fcglichen Verantwortung freigestellt wird. Die Nutzer ga\u00a0<\/p>\n<p>rantieren und haften in jedem Fall f\u00fcr die Richtigkeit, G\u00fcltigkeit und Authentizit\u00e4t der bereitgestellten personenbezogenen Daten und verpflichten sich, diese ordnungsgem\u00e4\u00df auf dem neuesten Stand zu halten. Der Nutzer verpflichtet sich, im Anmelde- oder Abonnementformular vollst\u00e4ndige und korrekte Informationen bereitzustellen.<\/p>\n<p>\u25aa <b>TECNICOS DE DISE\u00d1OS Y ESPACIOS, S.L.U. <\/b>\u00fcbernimmt keine Verantwortung f\u00fcr die Richtigkeit der Informationen, die nicht von ihr selbst erstellt wurden und f\u00fcr die eine andere Quelle angegeben ist, und \u00fcbernimmt daher keine Verantwortung f\u00fcr etwaige Sch\u00e4den, die durch die Nutzung dieser Informationen entstehen k\u00f6nnten.\u00a0<\/p>\n<p>TECNICOS DE DISE\u00d1OS Y ESPACIOS, S.L.U. wird von jeglicher Verantwortung f\u00fcr Sch\u00e4den oder Verluste befreit, die dem Nutzer durch Fehler, M\u00e4ngel oder Auslassungen in den von <b>TECNICOS DE <\/b><b>\u00a0<\/b><b>DISE\u00d1OS Y ESPACIOS, S.L.U. <\/b>bereitgestellten Informationen entstehen k\u00f6nnten, sofern diese aus fremden Quellen stammen.\u00a0<\/p>\n<p><b>IT-Sicherheitsma\u00dfnahmen<\/b><b>\u00a0<\/b><\/p>\n<p>\u25aa <b>TECNICOS DE DISE\u00d1OS Y ESPACIOS, S.L.U. <\/b>hat die gesetzlich vorgeschriebenen Sicherheitsstufen zum Schutz personenbezogener Daten \u00fcbernommen. Wir verf\u00fcgen jedoch \u00fcber weitere zus\u00e4tzliche Mittel, wie z.B. Firewalls der neuesten Generation, sowie technische Ma\u00dfnahmen wie Software zur Verschl\u00fcsselung vertraulicher Informationen und zur Zugangskontrolle zu personenbezogenen Daten, eingeschr\u00e4nkte Benutzer, Sicherheitsrichtlinien, Benutzer und Passw\u00f6rter, die gem\u00e4\u00df den Anforderungen der Datenschutzbestimmungen ablaufen, und andere Systeme, die darauf abzielen, Missbrauch, Ver\u00e4nderung, unbefugten Zugriff und Diebstahl der an unser Unternehmen \u00fcbermittelten personenbezogenen Daten zu verhindern.\u00a0<\/p>\n<p>\u25aa <b>TECNICOS DE DISE\u00d1OS Y ESPACIOS, S.L.U. <\/b>wird nicht f\u00fcr m\u00f6gliche Sch\u00e4den oder Verluste verantwortlich gemacht, die durch St\u00f6rungen, Auslassungen, Unterbrechungen, Computerviren, Telefonst\u00f6rungen oder Verbindungsabbr\u00fcche im Betrieb dieses elektronischen Systems verursacht werden, die auf Ursachen zur\u00fcckzuf\u00fchren sind, die au\u00dferhalb der Kontrolle von <b>TECNICOS DE DISE\u00d1OS Y ESPACIOS, S.L.U.<\/b> liegen, und wird auch nicht f\u00fcr Verz\u00f6gerungen oder Blockaden bei der Nutzung dieses elektronischen Systems verantwortlich gemacht, die durch M\u00e4ngel oder \u00dcberlastungen von Telefonleitungen oder \u00dcberlastungen des Rechenzentrums (CPD), des Internetsystems oder anderer elektronischer Systeme verursacht werden, sowie f\u00fcr Sch\u00e4den, die von Dritten durch illegitime Eingriffe au\u00dferhalb der Kontrolle von <b>TECNICOS DE DISE\u00d1OS Y ESPACIOS, S.L.U. <\/b>verursacht werden k\u00f6nnten.<\/p>\n<p><b>Akzeptanz und Zustimmung<\/b><b>\u00a0<\/b><\/p>\n<p>Der Nutzer erkl\u00e4rt, \u00fcber die Bedingungen zum Schutz personenbezogener Daten informiert worden zu sein, und akzeptiert und stimmt der Verarbeitung dieser Daten durch <b>TECNICOS DE DISE\u00d1OS Y ESPACIOS, S.L.U.<\/b> in der in dieser Datenschutzrichtlinie beschriebenen Weise und zu den angegebenen Zwecken zu.<\/p>\n","protected":false},"excerpt":{"rendered":"<p>DATENSCHUTZRICHTLINIE Verantwortlicher f\u00fcr die Datenverarbeitung\u00a0 Identit\u00e4t: TECNICOS DE DISE\u00d1OS Y ESPACIOS, S.L.U.\u00a0 CIF: B49238389\u00a0 Postanschrift: C\/ CHURRUCA, N\u00ba 7, ESC&#8230;<\/p>\n","protected":false},"author":2,"featured_media":0,"parent":0,"menu_order":0,"comment_status":"closed","ping_status":"closed","template":"","meta":{"footnotes":""},"class_list":["post-17741","page","type-page","status-publish","hentry"],"_links":{"self":[{"href":"https:\/\/topholds.com\/de\/wp-json\/wp\/v2\/pages\/17741","targetHints":{"allow":["GET"]}}],"collection":[{"href":"https:\/\/topholds.com\/de\/wp-json\/wp\/v2\/pages"}],"about":[{"href":"https:\/\/topholds.com\/de\/wp-json\/wp\/v2\/types\/page"}],"author":[{"embeddable":true,"href":"https:\/\/topholds.com\/de\/wp-json\/wp\/v2\/users\/2"}],"replies":[{"embeddable":true,"href":"https:\/\/topholds.com\/de\/wp-json\/wp\/v2\/comments?post=17741"}],"version-history":[{"count":1,"href":"https:\/\/topholds.com\/de\/wp-json\/wp\/v2\/pages\/17741\/revisions"}],"predecessor-version":[{"id":17742,"href":"https:\/\/topholds.com\/de\/wp-json\/wp\/v2\/pages\/17741\/revisions\/17742"}],"wp:attachment":[{"href":"https:\/\/topholds.com\/de\/wp-json\/wp\/v2\/media?parent=17741"}],"curies":[{"name":"wp","href":"https:\/\/api.w.org\/{rel}","templated":true}]}}