{"id":17776,"date":"2024-08-22T23:41:15","date_gmt":"2024-08-22T23:41:15","guid":{"rendered":"https:\/\/topholds.com\/?page_id=17776"},"modified":"2024-08-22T23:41:19","modified_gmt":"2024-08-22T23:41:19","slug":"ueber-uns","status":"publish","type":"page","link":"https:\/\/topholds.com\/de\/ueber-uns\/","title":{"rendered":"\u00dcber Uns"},"content":{"rendered":"\n\n\n<h3 style=\"margin-top: 0px; margin-bottom: 14px; color: #3b4550; font-size: 18px; line-height: 18px; font-weight: bold;\">Wer wir sind<\/h3>\n<p>Wir sind Hersteller, die sich auf OCR-Hindernisse und Klettergriffe spezialisiert haben. Tausende von Sportlern vertrauen auf unsere Griffe, um sich auf ihre Wettk\u00e4mpfe vorzubereiten. Aufgrund unseres Engagements in der st\u00e4dtischen Kletterschule f\u00fcr Kinder sowie unserer langj\u00e4hrigen Erfahrung sind wir Spezialisten in der Entwicklung von Kletterzonen f\u00fcr den Bildungssektor in allen Phasen des Unterrichts. Wir passen uns jedem Budget an, um sicherzustellen, dass jeder die Vorteile des Kletterns genie\u00dfen kann. Warum tun wir, was wir tun? Wir m\u00f6chten Sportlern aller Niveaus helfen, die besten Ergebnisse zu erzielen und das Beste aus ihrem Training herauszuholen. Wir nutzen das Know-how unserer Kunden, um die besten Oberfl\u00e4chen\/Ergebnisse zu erzielen. Bevor wir eine Produktreihe auf den Markt bringen, testen wir sie mit den besten Sportlern und f\u00fchrenden Zentren der Branche. Ein weiterer wichtiger Punkt ist, dass unsere Produkte praktisch unzerst\u00f6rbar sind und ihre Designs sorgf\u00e4ltig durchdacht wurden, um die besten Ergebnisse zu erzielen und Verletzungen unserer Kunden zu vermeiden. Wir fertigen alle unsere Griffe aus Polyurethan der neuesten Generation.<\/p>\n<p>Wenn Sie nach etwas Besonderem suchen und es im <a href=\"\/de\/\">Shop<\/a> nicht finden, z\u00f6gern Sie bitte nicht, uns zu <a href=\"\/de\/kontakt\/\">kontaktieren<\/a>, damit wir Ihnen helfen k\u00f6nnen.<\/p>\n","protected":false},"excerpt":{"rendered":"<p>Wer wir sind Wir sind Hersteller, die sich auf OCR-Hindernisse und Klettergriffe spezialisiert haben. Tausende von Sportlern vertrauen auf unsere&#8230;<\/p>\n","protected":false},"author":2,"featured_media":0,"parent":0,"menu_order":0,"comment_status":"closed","ping_status":"closed","template":"","meta":{"footnotes":""},"class_list":["post-17776","page","type-page","status-publish","hentry"],"_links":{"self":[{"href":"https:\/\/topholds.com\/de\/wp-json\/wp\/v2\/pages\/17776","targetHints":{"allow":["GET"]}}],"collection":[{"href":"https:\/\/topholds.com\/de\/wp-json\/wp\/v2\/pages"}],"about":[{"href":"https:\/\/topholds.com\/de\/wp-json\/wp\/v2\/types\/page"}],"author":[{"embeddable":true,"href":"https:\/\/topholds.com\/de\/wp-json\/wp\/v2\/users\/2"}],"replies":[{"embeddable":true,"href":"https:\/\/topholds.com\/de\/wp-json\/wp\/v2\/comments?post=17776"}],"version-history":[{"count":1,"href":"https:\/\/topholds.com\/de\/wp-json\/wp\/v2\/pages\/17776\/revisions"}],"predecessor-version":[{"id":17777,"href":"https:\/\/topholds.com\/de\/wp-json\/wp\/v2\/pages\/17776\/revisions\/17777"}],"wp:attachment":[{"href":"https:\/\/topholds.com\/de\/wp-json\/wp\/v2\/media?parent=17776"}],"curies":[{"name":"wp","href":"https:\/\/api.w.org\/{rel}","templated":true}]}}