{"id":17803,"date":"2024-08-23T00:35:49","date_gmt":"2024-08-23T00:35:49","guid":{"rendered":"https:\/\/topholds.com\/?page_id=17803"},"modified":"2024-08-23T00:35:51","modified_gmt":"2024-08-23T00:35:51","slug":"kletterwand-kaufen","status":"publish","type":"page","link":"https:\/\/topholds.com\/de\/kletterwand-kaufen\/","title":{"rendered":"Kletterwand kaufen"},"content":{"rendered":"\n<p class=\"font_8\" style=\"text-align: justify;\"><span style=\"color: #000000;\">Wir m\u00f6chten die Vorteile des Klettersports in allen Bereichen unserer Gesellschaft bekannt machen, beginnend bei den J\u00fcngsten, damit sie durch den ersten Kontakt mit einer kleinen Kletterstruktur grundlegende Bewegungsmuster entwickeln, die ihre Psychomotorik verbessern; wir wachsen und \u00fcberwinden Stufen, gehen zum Bouldern \u00fcber und erlangen ein besseres physisches und psychisches Selbstbewusstsein, Selbst\u00fcberwindung, Selbstwertgef\u00fchl, Kameradschaft.<\/span><\/p>\n<p class=\"font_8\" style=\"text-align: justify;\"><span style=\"color: #000000;\"><span class=\"wixGuard\">\u200b<\/span>Wir konzentrieren uns auf den Bildungssektor und alle seine Lehrstufen: Vorschule, Grundschule, Sekundarstufe und Gymnasium, sowie auf Universit\u00e4ten.<\/span><\/p>\n<p class=\"font_8\" style=\"text-align: justify;\"><span style=\"color: #000000;\">Dar\u00fcber hinaus bieten wir unsere Projekte \u00f6ffentlichen und privaten Einrichtungen an: Gemeinden, Sportzentren, Privatunternehmen, Einkaufszentren, Spielpl\u00e4tze, Feuerwachen, Campingpl\u00e4tze usw.<\/span><\/p>\n<p class=\"font_8\" style=\"text-align: justify;\"><span style=\"color: #000000;\">Bei TopHolds <\/span><strong><span style=\"color: #000000;\">haben wir uns vorgenommen, dass jeder seine eigene Kletterwand hat, indem wir uns an jedes Budget anpassen<\/span><\/strong><span style=\"color: #000000;\">. Wenn Sie es vorziehen, es selbst zu bauen, beraten wir Sie gerne \u00fcber die beste Vorgehensweise; Materialien, Menge der <a href=\"\/de\/angebote\/klettergriffe\/\">Klettergriffe<\/a>, Empfehlungen &#8230;<\/span><\/p>\n<h2 class=\"font_8\" style=\"text-align: justify;\">Fordern Sie ein unverbindliches Angebot f\u00fcr den Bau Ihrer Kletterwand an.<\/h2>\n\n<div class=\"wpcf7 no-js\" id=\"wpcf7-f5644-o1\" lang=\"es-ES\" dir=\"ltr\" data-wpcf7-id=\"5644\">\n<div class=\"screen-reader-response\"><p role=\"status\" aria-live=\"polite\" aria-atomic=\"true\"><\/p> <ul><\/ul><\/div>\n<form action=\"\/de\/wp-json\/wp\/v2\/pages\/17803#wpcf7-f5644-o1\" method=\"post\" class=\"wpcf7-form init\" aria-label=\"Formulario de contacto\" novalidate=\"novalidate\" data-status=\"init\">\n<fieldset class=\"hidden-fields-container\"><input type=\"hidden\" name=\"_wpcf7\" value=\"5644\" \/><input type=\"hidden\" name=\"_wpcf7_version\" value=\"6.1.5\" \/><input type=\"hidden\" name=\"_wpcf7_locale\" value=\"es_ES\" \/><input type=\"hidden\" name=\"_wpcf7_unit_tag\" value=\"wpcf7-f5644-o1\" \/><input type=\"hidden\" name=\"_wpcf7_container_post\" value=\"0\" \/><input type=\"hidden\" name=\"_wpcf7_posted_data_hash\" value=\"\" \/><input type=\"hidden\" name=\"_wpcf7_recaptcha_response\" value=\"\" \/>\n<\/fieldset>\n<p><label> Nombre (requerido)<br \/>\n<span class=\"wpcf7-form-control-wrap\" data-name=\"your-name\"><input size=\"40\" maxlength=\"400\" class=\"wpcf7-form-control wpcf7-text wpcf7-validates-as-required\" aria-required=\"true\" aria-invalid=\"false\" value=\"\" type=\"text\" name=\"your-name\" \/><\/span> <\/label>\n<\/p>\n<p><label> Tel\u00e9fono (requerido)<br \/>\n<span class=\"wpcf7-form-control-wrap\" data-name=\"tel-282\"><input size=\"40\" maxlength=\"400\" class=\"wpcf7-form-control wpcf7-tel wpcf7-validates-as-required wpcf7-text wpcf7-validates-as-tel\" aria-required=\"true\" aria-invalid=\"false\" value=\"\" type=\"tel\" name=\"tel-282\" \/><\/span> <\/label>\n<\/p>\n<p><label> Tu correo electr\u00f3nico (requerido)<br \/>\n<span class=\"wpcf7-form-control-wrap\" data-name=\"your-email\"><input size=\"40\" maxlength=\"400\" class=\"wpcf7-form-control wpcf7-email wpcf7-validates-as-required wpcf7-text wpcf7-validates-as-email\" aria-required=\"true\" aria-invalid=\"false\" value=\"\" type=\"email\" name=\"your-email\" \/><\/span> <\/label>\n<\/p>\n<p><label> Asunto<br \/>\n<span class=\"wpcf7-form-control-wrap\" data-name=\"your-subject\"><input size=\"40\" maxlength=\"400\" class=\"wpcf7-form-control wpcf7-text\" aria-invalid=\"false\" value=\"\" type=\"text\" name=\"your-subject\" \/><\/span> <\/label>\n<\/p>\n<p><label> Mensaje<br \/>\n<span class=\"wpcf7-form-control-wrap\" data-name=\"your-message\"><textarea cols=\"40\" rows=\"10\" maxlength=\"2000\" class=\"wpcf7-form-control wpcf7-textarea\" aria-invalid=\"false\" name=\"your-message\"><\/textarea><\/span> <\/label><br \/>\n<br \/>\n<span class=\"wpcf7-form-control-wrap\" data-name=\"your-consent\"><span class=\"wpcf7-form-control wpcf7-acceptance\"><span class=\"wpcf7-list-item\"><label><input type=\"checkbox\" name=\"your-consent\" value=\"1\" aria-invalid=\"false\" \/><span class=\"wpcf7-list-item-label\">Acepto los t\u00e9rminos y <a href=\"\/politica-privacidad\/\">condicione de privacidad<\/a><\/span><\/label><\/span><\/span><\/span><br \/>\n<div class=\"cf7-cf-turnstile\" style=\"margin-top: 0px; margin-bottom: -15px;\"> <div id=\"cf-turnstile-cf7-166277626\" class=\"cf-turnstile\" data-sitekey=\"0x4AAAAAACz7fu4oHtyF3LRS\" data-theme=\"light\" data-language=\"auto\" data-size=\"normal\" data-retry=\"auto\" data-retry-interval=\"1000\" data-refresh-expired=\"auto\" data-action=\"contact-form-7\" data-appearance=\"always\"><\/div> <script>document.addEventListener(\"DOMContentLoaded\", function() { setTimeout(function(){ var e=document.getElementById(\"cf-turnstile-cf7-166277626\"); e&&!e.innerHTML.trim()&&(turnstile.remove(\"#cf-turnstile-cf7-166277626\"), turnstile.render(\"#cf-turnstile-cf7-166277626\", {sitekey:\"0x4AAAAAACz7fu4oHtyF3LRS\"})); }, 100); });<\/script> <br class=\"cf-turnstile-br cf-turnstile-br-cf7-166277626\"> <style>#cf-turnstile-cf7-166277626 { margin-left: -15px; }<\/style> <script>document.addEventListener(\"DOMContentLoaded\",function(){document.querySelectorAll('.wpcf7-form').forEach(function(e){e.addEventListener('submit',function(){if(document.getElementById('cf-turnstile-cf7-166277626')){setTimeout(function(){turnstile.reset('#cf-turnstile-cf7-166277626');},1000)}})})});<\/script> <\/div><br\/><input class=\"wpcf7-form-control wpcf7-submit has-spinner\" type=\"submit\" value=\"Enviar\" \/>\n<\/p><p style=\"display: none !important;\" class=\"akismet-fields-container\" data-prefix=\"_wpcf7_ak_\"><label>&#916;<textarea name=\"_wpcf7_ak_hp_textarea\" cols=\"45\" rows=\"8\" maxlength=\"100\"><\/textarea><\/label><input type=\"hidden\" id=\"ak_js_1\" name=\"_wpcf7_ak_js\" value=\"116\"\/><script>document.getElementById( \"ak_js_1\" ).setAttribute( \"value\", ( new Date() ).getTime() );<\/script><\/p><div class=\"wpcf7-response-output\" aria-hidden=\"true\"><\/div>\n<\/form>\n<\/div>\n\n<h4 class=\"font_8\"><strong>KATALOG<\/strong><\/h4>\n<pre>\u00dcber den folgenden Link k\u00f6nnen Sie\n\nden TOPHOLDS Kletterwand-Katalog herunterladen\n\n<\/pre>\n<p class=\"font_8\" style=\"text-align: justify;\">\u00a0\u00a0<span style=\"color: #000000;\"><strong><a href=\"https:\/\/topholds.com\/wp-content\/uploads\/2017\/02\/Cat\u00e1logo-2017-TOPHOLDS.pdf\">PDF-Katalog<\/a><\/strong><\/span><\/p>\n<p class=\"font_8\" style=\"text-align: justify;\"><span style=\"color: #000000;\"><strong><a style=\"color: #000000;\" href=\"https:\/\/topholds.com\/wp-content\/uploads\/2017\/02\/rocodromo-guarderia.jpg\"><img fetchpriority=\"high\" decoding=\"async\" class=\"alignnone wp-image-5388\" src=\"https:\/\/topholds.com\/wp-content\/uploads\/2017\/02\/rocodromo-guarderia-300x300.jpg\" alt=\"Kletterwand Kindergarten\" width=\"450\" height=\"450\" \/><\/a><a style=\"color: #000000;\" href=\"https:\/\/topholds.com\/wp-content\/uploads\/2017\/02\/rocodromo-infantil.jpg\"><img decoding=\"async\" class=\"wp-image-5385 alignnone\" src=\"https:\/\/topholds.com\/wp-content\/uploads\/2017\/02\/rocodromo-infantil-300x300.jpg\" alt=\"Kletterwand Kinder\" width=\"450\" height=\"450\" \/><\/a><\/strong><\/span><span style=\"color: #000000;\"><strong><a style=\"color: #000000;\" href=\"https:\/\/topholds.com\/wp-content\/uploads\/2017\/02\/rocodromo-parque-infantil.jpg\"><img decoding=\"async\" class=\"alignnone wp-image-5384\" src=\"https:\/\/topholds.com\/wp-content\/uploads\/2017\/02\/rocodromo-parque-infantil-300x300.jpg\" alt=\"Kletterwand Spielplatz\" width=\"450\" height=\"450\" \/><\/a><a style=\"color: #000000;\" href=\"https:\/\/topholds.com\/wp-content\/uploads\/2017\/02\/parque-infantil.jpg\"><img loading=\"lazy\" decoding=\"async\" class=\"wp-image-5383 alignnone\" src=\"https:\/\/topholds.com\/wp-content\/uploads\/2017\/02\/parque-infantil-300x300.jpg\" alt=\"Spielplatz\" width=\"450\" height=\"450\" \/><\/a><\/strong><\/span><\/p>\n<p class=\"font_8\" style=\"text-align: justify;\"><span style=\"color: #000000;\"><strong><a style=\"color: #000000;\" href=\"https:\/\/topholds.com\/wp-content\/uploads\/2017\/02\/rocodromo-universidad.jpg\"><img loading=\"lazy\" decoding=\"async\" class=\"alignnone wp-image-5382\" src=\"https:\/\/topholds.com\/wp-content\/uploads\/2017\/02\/rocodromo-universidad-300x300.jpg\" alt=\"Kletterwand Universit\u00e4t\" width=\"450\" height=\"450\" \/><\/a><a style=\"color: #000000;\" href=\"https:\/\/topholds.com\/wp-content\/uploads\/2017\/02\/rocodromo-ayuntamiento.jpg\"><img loading=\"lazy\" decoding=\"async\" class=\"alignnone wp-image-5381\" src=\"https:\/\/topholds.com\/wp-content\/uploads\/2017\/02\/rocodromo-ayuntamiento-300x300.jpg\" alt=\"Kletterwand Rathaus\" width=\"450\" height=\"450\" \/><\/a><\/strong><\/span><\/p>\n<p class=\"font_8\" style=\"text-align: justify;\"><span style=\"color: #000000;\"><strong><a style=\"color: #000000;\" href=\"https:\/\/topholds.com\/wp-content\/uploads\/2017\/02\/rocodromo-ni\u00f1os.jpg\"><img loading=\"lazy\" decoding=\"async\" class=\"alignnone wp-image-5387\" src=\"https:\/\/topholds.com\/wp-content\/uploads\/2017\/02\/rocodromo-ni\u00f1os-300x300.jpg\" alt=\"Kletterwand Kinder\" width=\"450\" height=\"450\" \/><\/a><a style=\"color: #000000;\" href=\"https:\/\/topholds.com\/wp-content\/uploads\/2017\/02\/rocodromo-ludoteca.jpg\"><img loading=\"lazy\" decoding=\"async\" class=\"wp-image-5386\" src=\"https:\/\/topholds.com\/wp-content\/uploads\/2017\/02\/rocodromo-ludoteca-300x300.jpg\" alt=\"Kletterwand Ludothek\" width=\"450\" height=\"450\" \/><\/a><\/strong><\/span><\/p>\n<p class=\"font_8\" style=\"text-align: justify;\">\n<div class=\"wpcf7 no-js\" id=\"wpcf7-f5644-o2\" lang=\"es-ES\" dir=\"ltr\" data-wpcf7-id=\"5644\">\n<div class=\"screen-reader-response\"><p role=\"status\" aria-live=\"polite\" aria-atomic=\"true\"><\/p> <ul><\/ul><\/div>\n<form action=\"\/de\/wp-json\/wp\/v2\/pages\/17803#wpcf7-f5644-o2\" method=\"post\" class=\"wpcf7-form init\" aria-label=\"Formulario de contacto\" novalidate=\"novalidate\" data-status=\"init\">\n<fieldset class=\"hidden-fields-container\"><input type=\"hidden\" name=\"_wpcf7\" value=\"5644\" \/><input type=\"hidden\" name=\"_wpcf7_version\" value=\"6.1.5\" \/><input type=\"hidden\" name=\"_wpcf7_locale\" value=\"es_ES\" \/><input type=\"hidden\" name=\"_wpcf7_unit_tag\" value=\"wpcf7-f5644-o2\" \/><input type=\"hidden\" name=\"_wpcf7_container_post\" value=\"0\" \/><input type=\"hidden\" name=\"_wpcf7_posted_data_hash\" value=\"\" \/><input type=\"hidden\" name=\"_wpcf7_recaptcha_response\" value=\"\" \/>\n<\/fieldset>\n<p><label> Nombre (requerido)<br \/>\n<span class=\"wpcf7-form-control-wrap\" data-name=\"your-name\"><input size=\"40\" maxlength=\"400\" class=\"wpcf7-form-control wpcf7-text wpcf7-validates-as-required\" aria-required=\"true\" aria-invalid=\"false\" value=\"\" type=\"text\" name=\"your-name\" \/><\/span> <\/label>\n<\/p>\n<p><label> Tel\u00e9fono (requerido)<br \/>\n<span class=\"wpcf7-form-control-wrap\" data-name=\"tel-282\"><input size=\"40\" maxlength=\"400\" class=\"wpcf7-form-control wpcf7-tel wpcf7-validates-as-required wpcf7-text wpcf7-validates-as-tel\" aria-required=\"true\" aria-invalid=\"false\" value=\"\" type=\"tel\" name=\"tel-282\" \/><\/span> <\/label>\n<\/p>\n<p><label> Tu correo electr\u00f3nico (requerido)<br \/>\n<span class=\"wpcf7-form-control-wrap\" data-name=\"your-email\"><input size=\"40\" maxlength=\"400\" class=\"wpcf7-form-control wpcf7-email wpcf7-validates-as-required wpcf7-text wpcf7-validates-as-email\" aria-required=\"true\" aria-invalid=\"false\" value=\"\" type=\"email\" name=\"your-email\" \/><\/span> <\/label>\n<\/p>\n<p><label> Asunto<br \/>\n<span class=\"wpcf7-form-control-wrap\" data-name=\"your-subject\"><input size=\"40\" maxlength=\"400\" class=\"wpcf7-form-control wpcf7-text\" aria-invalid=\"false\" value=\"\" type=\"text\" name=\"your-subject\" \/><\/span> <\/label>\n<\/p>\n<p><label> Mensaje<br \/>\n<span class=\"wpcf7-form-control-wrap\" data-name=\"your-message\"><textarea cols=\"40\" rows=\"10\" maxlength=\"2000\" class=\"wpcf7-form-control wpcf7-textarea\" aria-invalid=\"false\" name=\"your-message\"><\/textarea><\/span> <\/label><br \/>\n<br \/>\n<span class=\"wpcf7-form-control-wrap\" data-name=\"your-consent\"><span class=\"wpcf7-form-control wpcf7-acceptance\"><span class=\"wpcf7-list-item\"><label><input type=\"checkbox\" name=\"your-consent\" value=\"1\" aria-invalid=\"false\" \/><span class=\"wpcf7-list-item-label\">Acepto los t\u00e9rminos y <a href=\"\/politica-privacidad\/\">condicione de privacidad<\/a><\/span><\/label><\/span><\/span><\/span><br \/>\n<div class=\"cf7-cf-turnstile\" style=\"margin-top: 0px; margin-bottom: -15px;\"> <div id=\"cf-turnstile-cf7-1476779855\" class=\"cf-turnstile\" data-sitekey=\"0x4AAAAAACz7fu4oHtyF3LRS\" data-theme=\"light\" data-language=\"auto\" data-size=\"normal\" data-retry=\"auto\" data-retry-interval=\"1000\" data-refresh-expired=\"auto\" data-action=\"contact-form-7\" data-appearance=\"always\"><\/div> <script>document.addEventListener(\"DOMContentLoaded\", function() { setTimeout(function(){ var e=document.getElementById(\"cf-turnstile-cf7-1476779855\"); e&&!e.innerHTML.trim()&&(turnstile.remove(\"#cf-turnstile-cf7-1476779855\"), turnstile.render(\"#cf-turnstile-cf7-1476779855\", {sitekey:\"0x4AAAAAACz7fu4oHtyF3LRS\"})); }, 100); });<\/script> <br class=\"cf-turnstile-br cf-turnstile-br-cf7-1476779855\"> <style>#cf-turnstile-cf7-1476779855 { margin-left: -15px; }<\/style> <script>document.addEventListener(\"DOMContentLoaded\",function(){document.querySelectorAll('.wpcf7-form').forEach(function(e){e.addEventListener('submit',function(){if(document.getElementById('cf-turnstile-cf7-1476779855')){setTimeout(function(){turnstile.reset('#cf-turnstile-cf7-1476779855');},1000)}})})});<\/script> <\/div><br\/><input class=\"wpcf7-form-control wpcf7-submit has-spinner\" type=\"submit\" value=\"Enviar\" \/>\n<\/p><p style=\"display: none !important;\" class=\"akismet-fields-container\" data-prefix=\"_wpcf7_ak_\"><label>&#916;<textarea name=\"_wpcf7_ak_hp_textarea\" cols=\"45\" rows=\"8\" maxlength=\"100\"><\/textarea><\/label><input type=\"hidden\" id=\"ak_js_2\" name=\"_wpcf7_ak_js\" value=\"108\"\/><script>document.getElementById( \"ak_js_2\" ).setAttribute( \"value\", ( new Date() ).getTime() );<\/script><\/p><div class=\"wpcf7-response-output\" aria-hidden=\"true\"><\/div>\n<\/form>\n<\/div>\n<\/p>\n","protected":false},"excerpt":{"rendered":"<p>Wir m\u00f6chten die Vorteile des Klettersports in allen Bereichen unserer Gesellschaft bekannt machen, beginnend bei den J\u00fcngsten, damit sie durch&#8230;<\/p>\n","protected":false},"author":2,"featured_media":0,"parent":0,"menu_order":0,"comment_status":"closed","ping_status":"closed","template":"","meta":{"footnotes":""},"class_list":["post-17803","page","type-page","status-publish","hentry"],"_links":{"self":[{"href":"https:\/\/topholds.com\/de\/wp-json\/wp\/v2\/pages\/17803","targetHints":{"allow":["GET"]}}],"collection":[{"href":"https:\/\/topholds.com\/de\/wp-json\/wp\/v2\/pages"}],"about":[{"href":"https:\/\/topholds.com\/de\/wp-json\/wp\/v2\/types\/page"}],"author":[{"embeddable":true,"href":"https:\/\/topholds.com\/de\/wp-json\/wp\/v2\/users\/2"}],"replies":[{"embeddable":true,"href":"https:\/\/topholds.com\/de\/wp-json\/wp\/v2\/comments?post=17803"}],"version-history":[{"count":1,"href":"https:\/\/topholds.com\/de\/wp-json\/wp\/v2\/pages\/17803\/revisions"}],"predecessor-version":[{"id":17804,"href":"https:\/\/topholds.com\/de\/wp-json\/wp\/v2\/pages\/17803\/revisions\/17804"}],"wp:attachment":[{"href":"https:\/\/topholds.com\/de\/wp-json\/wp\/v2\/media?parent=17803"}],"curies":[{"name":"wp","href":"https:\/\/api.w.org\/{rel}","templated":true}]}}