{"id":15713,"date":"2023-07-20T09:39:07","date_gmt":"2023-07-20T09:39:07","guid":{"rendered":"https:\/\/topholds.com\/deal\/unkategorisiert\/ocr-drachen-aufhaengung\/"},"modified":"2024-08-26T05:12:13","modified_gmt":"2024-08-26T05:12:13","slug":"ocr-drachen-aufhaengung","status":"publish","type":"product","link":"https:\/\/topholds.com\/de\/angebot\/hindernisparcours\/trainingc\/aufhangung\/ocr-drachen-aufhaengung\/","title":{"rendered":"OCR Drachen Aufh\u00e4ngung"},"content":{"rendered":"<p style=\"text-align: left;\">OCR Drachen Aufh\u00e4ngung ist f\u00fcr Suspensionen\/Zug\u00fcbungen konzipiert und kann auch bei Boden\u00fcbungen zum Halten von Ballast mit den H\u00e4nden in Klemmstellung verwendet werden.<\/p>\n<p>Der obere Teil wird mit den H\u00e4nden in Sch\u00f6pfl\u00f6ffelform gehalten, aber wir k\u00f6nnen auch die Kraft und Ausdauer der H\u00e4nde trainieren, indem wir das St\u00fcck f\u00fcr eine bestimmte Zeit an den flachen Seiten festklemmen.<\/p>\n<p>Wir k\u00f6nnen Dragon auch verwenden, um Serien durchzuf\u00fchren, indem wir Lasten unterschiedlichen Gewichts halten (wir w\u00fcrden das Seil am Ballast befestigen, um am Boden zu arbeiten). Diese \u00dcbungen werden von Kletterern h\u00e4ufig genutzt, um die Klemmkraft allm\u00e4hlich zu steigern, bis maximale Ergebnisse erzielt werden.<\/p>\n<ul>\n<li>Entwickelt f\u00fcr Suspensionen und Traktionen, kann es auch bei Boden\u00fcbungen verwendet werden, um Ballast mit den H\u00e4nden in Klemmstellung zu halten.<\/li>\n<li>Bietet optimalen Halt mit seiner weichen, aber sehr haftenden Textur.<\/li>\n<li>Es ist praktisch und anpassbar an jede Trainingsumgebung, ob h\u00e4ngend oder am Boden arbeitend mit Gewichten an den Enden des Seils.<\/li>\n<li>Bitte beachten Sie, dass die Farben von der gezeigten Abbildung abweichen k\u00f6nnen, also wenn Sie eine spezielle Farbe w\u00fcnschen, z\u00f6gern Sie nicht, uns zu konsultieren.<\/li>\n<\/ul>\n","protected":false},"excerpt":{"rendered":"<ul>\n<li>Entwickelt f\u00fcr Suspensionen und Traktionen, kann es auch bei Boden\u00fcbungen verwendet werden, um Ballast mit den H\u00e4nden in Klemmstellung zu halten.<\/li>\n<li>Bietet optimalen Halt mit seiner weichen, aber sehr haftenden Textur.<\/li>\n<li>Es ist praktisch und anpassbar an jede Trainingsumgebung.<\/li>\n<li>Dieses St\u00fcck ist \u00e4hnlich wie der Stic, jedoch mit einem gr\u00f6\u00dferen Durchmesser und breiter.<\/li>\n<li>Ideal f\u00fcr OCR, Klettern, Calisthenics und Crossfit.<\/li>\n<\/ul>\n","protected":false},"featured_media":15714,"comment_status":"open","ping_status":"closed","template":"","meta":[],"product_brand":[],"product_cat":[496,403,492],"product_tag":[],"class_list":{"0":"post-15713","1":"product","2":"type-product","3":"status-publish","4":"has-post-thumbnail","6":"product_cat-aufhangung","7":"product_cat-hindernisparcours","8":"product_cat-trainingc","10":"first","11":"instock","12":"taxable","13":"shipping-taxable","14":"purchasable","15":"product-type-simple"},"_links":{"self":[{"href":"https:\/\/topholds.com\/de\/wp-json\/wp\/v2\/product\/15713","targetHints":{"allow":["GET"]}}],"collection":[{"href":"https:\/\/topholds.com\/de\/wp-json\/wp\/v2\/product"}],"about":[{"href":"https:\/\/topholds.com\/de\/wp-json\/wp\/v2\/types\/product"}],"replies":[{"embeddable":true,"href":"https:\/\/topholds.com\/de\/wp-json\/wp\/v2\/comments?post=15713"}],"wp:featuredmedia":[{"embeddable":true,"href":"https:\/\/topholds.com\/de\/wp-json\/wp\/v2\/media\/15714"}],"wp:attachment":[{"href":"https:\/\/topholds.com\/de\/wp-json\/wp\/v2\/media?parent=15713"}],"wp:term":[{"taxonomy":"product_brand","embeddable":true,"href":"https:\/\/topholds.com\/de\/wp-json\/wp\/v2\/product_brand?post=15713"},{"taxonomy":"product_cat","embeddable":true,"href":"https:\/\/topholds.com\/de\/wp-json\/wp\/v2\/product_cat?post=15713"},{"taxonomy":"product_tag","embeddable":true,"href":"https:\/\/topholds.com\/de\/wp-json\/wp\/v2\/product_tag?post=15713"}],"curies":[{"name":"wp","href":"https:\/\/api.w.org\/{rel}","templated":true}]}}