{"id":16236,"date":"2016-02-29T19:38:16","date_gmt":"2016-02-29T19:38:16","guid":{"rendered":"http:\/\/topholds.com\/grooves\/"},"modified":"2024-08-26T02:17:03","modified_gmt":"2024-08-26T02:17:03","slug":"grooves","status":"publish","type":"product","link":"https:\/\/topholds.com\/de\/angebot\/klettergriffe\/grooves\/","title":{"rendered":"Klettergriff-Paket Grooves"},"content":{"rendered":"<p><strong>Grooves ist ein Set aus 4 Klettergriffen<\/strong> mit einer realistischen Sandsteintextur, die darauf ausgelegt sind, dir ein optimales und sicheres Gripperlebnis bei deinen Kletteraktivit\u00e4ten und im Fitnessstudio zu bieten.<\/p>\n<p>Jeder Grip von Grooves <strong verf\u00fcgt \u00fcber ein spezielles Loch f\u00fcr einen Antirotationsschraube<\/strong>, was eine h\u00f6here Stabilit\u00e4t gew\u00e4hrleistet und unerw\u00fcnschte Bewegungen w\u00e4hrend der Nutzung vermeidet, und dir die Sicherheit bietet, die du ben\u00f6tigst, um komplexere Herausforderungen anzunehmen.<\/p>\n<p>Um eine angemessene und feste Installation der Griffe zu gew\u00e4hrleisten, empfehlen wir <strong>Schrauben M10x40<\/strong> zu verwenden, du kannst jedoch auch <strong>Schrauben M8x40<\/strong> w\u00e4hlen, wenn du das bevorzugst. Bitte beachte, dass die Schrauben nicht im Paket enthalten sind.<\/p>\n<p>Beachte bitte, dass die Farben des Produkts von dem angezeigten Bild abweichen k\u00f6nnen. Wenn du eine bestimmte Farbe w\u00fcnschst, z\u00f6gere nicht, uns zu kontaktieren.<\/p>\n","protected":false},"excerpt":{"rendered":"<ul>\n<li>Grooves ist ein Set von 4 Klettersportgriffen.<\/li>\n<li>Sandsteintextur.<\/li>\n<li>Alle mit einem Loch f\u00fcr eine Anti-Rotationsschraube.<\/li>\n<\/ul>\n<p>&nbsp;<\/p>\n","protected":false},"featured_media":18000,"comment_status":"open","ping_status":"closed","template":"","meta":[],"product_brand":[],"product_cat":[418],"product_tag":[],"class_list":{"0":"post-16236","1":"product","2":"type-product","3":"status-publish","4":"has-post-thumbnail","6":"product_cat-klettergriffe","8":"first","9":"instock","10":"taxable","11":"shipping-taxable","12":"purchasable","13":"product-type-simple"},"_links":{"self":[{"href":"https:\/\/topholds.com\/de\/wp-json\/wp\/v2\/product\/16236","targetHints":{"allow":["GET"]}}],"collection":[{"href":"https:\/\/topholds.com\/de\/wp-json\/wp\/v2\/product"}],"about":[{"href":"https:\/\/topholds.com\/de\/wp-json\/wp\/v2\/types\/product"}],"replies":[{"embeddable":true,"href":"https:\/\/topholds.com\/de\/wp-json\/wp\/v2\/comments?post=16236"}],"wp:featuredmedia":[{"embeddable":true,"href":"https:\/\/topholds.com\/de\/wp-json\/wp\/v2\/media\/18000"}],"wp:attachment":[{"href":"https:\/\/topholds.com\/de\/wp-json\/wp\/v2\/media?parent=16236"}],"wp:term":[{"taxonomy":"product_brand","embeddable":true,"href":"https:\/\/topholds.com\/de\/wp-json\/wp\/v2\/product_brand?post=16236"},{"taxonomy":"product_cat","embeddable":true,"href":"https:\/\/topholds.com\/de\/wp-json\/wp\/v2\/product_cat?post=16236"},{"taxonomy":"product_tag","embeddable":true,"href":"https:\/\/topholds.com\/de\/wp-json\/wp\/v2\/product_tag?post=16236"}],"curies":[{"name":"wp","href":"https:\/\/api.w.org\/{rel}","templated":true}]}}