{"id":16241,"date":"2016-02-29T20:12:13","date_gmt":"2016-02-29T20:12:13","guid":{"rendered":"http:\/\/topholds.com\/aquiles\/"},"modified":"2024-08-26T02:17:38","modified_gmt":"2024-08-26T02:17:38","slug":"aquiles","status":"publish","type":"product","link":"https:\/\/topholds.com\/de\/angebot\/klettergriffe\/aquiles\/","title":{"rendered":"Klettervolumen Aquiles"},"content":{"rendered":"<p><strong>Aquiles ist ein innovativer Klettergriff<\/strong> mit einer sanften und fesselnden Sandstein-Textur, entwickelt, um dir ein einzigartiges und realistisches Klettererlebnis an deiner Wand zu bieten.<\/p>\n<p>Die Oberfl\u00e4che von Aquiles verf\u00fcgt \u00fcber eine <strong>au\u00dfergew\u00f6hnliche Haftung, die einen optimalen Kontakt mit deinen H\u00e4nden und F\u00fc\u00dfen erm\u00f6glicht<\/strong>, um deine Leistung und Sicherheit w\u00e4hrend des Kletterns zu verbessern.<\/p>\n<p>Mit perfekt ausgewogenen Abmessungen hat Aquiles <strong>drei Seiten, die jeweils 32 cm messen, und eine H\u00f6he von 13 cm<\/strong>, was ihn zu einer idealen und vielseitigen Erg\u00e4nzung f\u00fcr jede Kletterwand-Konfiguration macht.<\/p>\n<p>Bitte beachte, dass die Farben des Produkts von dem abgebildeten Bild abweichen k\u00f6nnen. Wenn du eine bestimmte Farbe w\u00fcnschst, z\u00f6gere nicht, uns zu kontaktieren.<\/p>\n","protected":false},"excerpt":{"rendered":"<ul>\n<li>Aquiles ist ein Klettervolumen.<\/li>\n<li>Sanfte Sandsteiner Textur.<\/li>\n<li>Die Haftung seiner Oberfl\u00e4che ist perfekt.<\/li>\n<li>Seine drei Seiten messen jeweils 32 cm und die H\u00f6he betr\u00e4gt 13 cm.<\/li>\n<\/ul>\n","protected":false},"featured_media":18020,"comment_status":"open","ping_status":"closed","template":"","meta":[],"product_brand":[],"product_cat":[418],"product_tag":[],"class_list":{"0":"post-16241","1":"product","2":"type-product","3":"status-publish","4":"has-post-thumbnail","6":"product_cat-klettergriffe","8":"first","9":"instock","10":"taxable","11":"shipping-taxable","12":"purchasable","13":"product-type-simple"},"_links":{"self":[{"href":"https:\/\/topholds.com\/de\/wp-json\/wp\/v2\/product\/16241","targetHints":{"allow":["GET"]}}],"collection":[{"href":"https:\/\/topholds.com\/de\/wp-json\/wp\/v2\/product"}],"about":[{"href":"https:\/\/topholds.com\/de\/wp-json\/wp\/v2\/types\/product"}],"replies":[{"embeddable":true,"href":"https:\/\/topholds.com\/de\/wp-json\/wp\/v2\/comments?post=16241"}],"wp:featuredmedia":[{"embeddable":true,"href":"https:\/\/topholds.com\/de\/wp-json\/wp\/v2\/media\/18020"}],"wp:attachment":[{"href":"https:\/\/topholds.com\/de\/wp-json\/wp\/v2\/media?parent=16241"}],"wp:term":[{"taxonomy":"product_brand","embeddable":true,"href":"https:\/\/topholds.com\/de\/wp-json\/wp\/v2\/product_brand?post=16241"},{"taxonomy":"product_cat","embeddable":true,"href":"https:\/\/topholds.com\/de\/wp-json\/wp\/v2\/product_cat?post=16241"},{"taxonomy":"product_tag","embeddable":true,"href":"https:\/\/topholds.com\/de\/wp-json\/wp\/v2\/product_tag?post=16241"}],"curies":[{"name":"wp","href":"https:\/\/api.w.org\/{rel}","templated":true}]}}