{"id":16246,"date":"2016-02-29T20:53:36","date_gmt":"2016-02-29T20:53:36","guid":{"rendered":"http:\/\/topholds.com\/talos\/"},"modified":"2024-08-26T02:18:10","modified_gmt":"2024-08-26T02:18:10","slug":"talos","status":"publish","type":"product","link":"https:\/\/topholds.com\/de\/angebot\/klettergriffe\/talos\/","title":{"rendered":"Klettergriff-Paket Talos"},"content":{"rendered":"<p><strong>Talos ist ein Set aus 4 Klettergriffen<\/strong> mit einer realistischen Sandsteintextur, die darauf ausgelegt sind, dir ein authentisches und herausforderndes Klettererlebnis zu bieten, \u00e4hnlich dem Klettern an nat\u00fcrlichem Felsen.<\/p>\n<p>Ein hervorzuhebendes Merkmal der <em>Talos-Griffe<\/em> ist das <strong>zus\u00e4tzliche Loch f\u00fcr die Anti-Drehschraube<\/strong>, das die Stabilit\u00e4t und Sicherheit w\u00e4hrend der Benutzung erh\u00f6ht und unerwartete Bewegungen oder Rutschen der Griffe verhindert.<\/p>\n<p>Um eine sichere und feste Installation zu gew\u00e4hrleisten, empfehlen wir, <strong>M10x40 Schrauben<\/strong> zu verwenden. Du kannst jedoch auch M8x40 Schrauben w\u00e4hlen, wenn du das bevorzugst. Bitte beachte, dass die Schrauben nicht im Lieferumfang enthalten sind.<\/p>\n<p>Beachte, dass die Farben des Produkts von dem auf dem Bild gezeigten abweichen k\u00f6nnen. Wenn du eine bestimmte Farbe w\u00fcnschst, z\u00f6gere nicht, uns zu kontaktieren.<\/p>\n","protected":false},"excerpt":{"rendered":"<ul>\n<li>Talos ist ein Set von 4 Klettergriffen.<\/li>\n<li>Sandsteinstruktur.<\/li>\n<li>Mit Loch f\u00fcr Schraube gegen Drehen.<\/li>\n<\/ul>\n","protected":false},"featured_media":18050,"comment_status":"open","ping_status":"closed","template":"","meta":[],"product_brand":[],"product_cat":[418],"product_tag":[],"class_list":{"0":"post-16246","1":"product","2":"type-product","3":"status-publish","4":"has-post-thumbnail","6":"product_cat-klettergriffe","8":"first","9":"instock","10":"taxable","11":"shipping-taxable","12":"purchasable","13":"product-type-simple"},"_links":{"self":[{"href":"https:\/\/topholds.com\/de\/wp-json\/wp\/v2\/product\/16246","targetHints":{"allow":["GET"]}}],"collection":[{"href":"https:\/\/topholds.com\/de\/wp-json\/wp\/v2\/product"}],"about":[{"href":"https:\/\/topholds.com\/de\/wp-json\/wp\/v2\/types\/product"}],"replies":[{"embeddable":true,"href":"https:\/\/topholds.com\/de\/wp-json\/wp\/v2\/comments?post=16246"}],"wp:featuredmedia":[{"embeddable":true,"href":"https:\/\/topholds.com\/de\/wp-json\/wp\/v2\/media\/18050"}],"wp:attachment":[{"href":"https:\/\/topholds.com\/de\/wp-json\/wp\/v2\/media?parent=16246"}],"wp:term":[{"taxonomy":"product_brand","embeddable":true,"href":"https:\/\/topholds.com\/de\/wp-json\/wp\/v2\/product_brand?post=16246"},{"taxonomy":"product_cat","embeddable":true,"href":"https:\/\/topholds.com\/de\/wp-json\/wp\/v2\/product_cat?post=16246"},{"taxonomy":"product_tag","embeddable":true,"href":"https:\/\/topholds.com\/de\/wp-json\/wp\/v2\/product_tag?post=16246"}],"curies":[{"name":"wp","href":"https:\/\/api.w.org\/{rel}","templated":true}]}}