{"id":16251,"date":"2016-02-29T20:56:22","date_gmt":"2016-02-29T20:56:22","guid":{"rendered":"http:\/\/topholds.com\/syna\/"},"modified":"2024-08-26T02:18:49","modified_gmt":"2024-08-26T02:18:49","slug":"syna","status":"publish","type":"product","link":"https:\/\/topholds.com\/de\/angebot\/klettergriffe\/syna\/","title":{"rendered":"Klettergriff-Paket Syna"},"content":{"rendered":"<p><strong>Synia ist ein Set aus 6 Klettergriffen<\/strong>, die eine authentische Sandsteintextur aufweisen und die Bedingungen von nat\u00fcrlichem Fels emulieren, um dir ein realistischeres Klettererlebnis zu bieten.<\/p>\n<p>Diese vielseitigen Griffe verf\u00fcgen \u00fcber eine <strong>Vielzahl von Haltegriffen, die es dir erm\u00f6glichen, verschiedene Herausforderungen und Klettertechniken auszuprobieren<\/strong>, und sind zudem \u00e4u\u00dferst komfortabel f\u00fcr deine H\u00e4nde. Ohne Zweifel wird Synia zu einem unverzichtbaren Element an deiner Kletterwand werden.<\/p>\n<p>Um eine feste und sichere Installation zu gew\u00e4hrleisten, empfehlen wir <strong>M10x40 Schrauben zu verwenden<\/strong>, obwohl auch M8x40 Schrauben verwendet werden k\u00f6nnen, wenn du das bevorzugst. Beachte bitte, dass die Schrauben nicht im Paket enthalten sind.<\/p>\n<p>Bitte beachte, dass die Farben des Produkts von dem angezeigten Bild abweichen k\u00f6nnen. Wenn du eine bestimmte Farbe w\u00fcnschst, z\u00f6gere nicht, uns zu kontaktieren.<\/p>\n","protected":false},"excerpt":{"rendered":"<ul>\n<li>Syna ist ein Set von 6 Klettergriffen.<\/li>\n<li>Sandstein-Textur.<\/li>\n<\/ul>\n","protected":false},"featured_media":5148,"comment_status":"open","ping_status":"closed","template":"","meta":[],"product_brand":[],"product_cat":[418],"product_tag":[],"class_list":{"0":"post-16251","1":"product","2":"type-product","3":"status-publish","4":"has-post-thumbnail","6":"product_cat-klettergriffe","8":"first","9":"instock","10":"taxable","11":"shipping-taxable","12":"purchasable","13":"product-type-simple"},"_links":{"self":[{"href":"https:\/\/topholds.com\/de\/wp-json\/wp\/v2\/product\/16251","targetHints":{"allow":["GET"]}}],"collection":[{"href":"https:\/\/topholds.com\/de\/wp-json\/wp\/v2\/product"}],"about":[{"href":"https:\/\/topholds.com\/de\/wp-json\/wp\/v2\/types\/product"}],"replies":[{"embeddable":true,"href":"https:\/\/topholds.com\/de\/wp-json\/wp\/v2\/comments?post=16251"}],"wp:featuredmedia":[{"embeddable":true,"href":"https:\/\/topholds.com\/de\/wp-json\/wp\/v2\/media\/5148"}],"wp:attachment":[{"href":"https:\/\/topholds.com\/de\/wp-json\/wp\/v2\/media?parent=16251"}],"wp:term":[{"taxonomy":"product_brand","embeddable":true,"href":"https:\/\/topholds.com\/de\/wp-json\/wp\/v2\/product_brand?post=16251"},{"taxonomy":"product_cat","embeddable":true,"href":"https:\/\/topholds.com\/de\/wp-json\/wp\/v2\/product_cat?post=16251"},{"taxonomy":"product_tag","embeddable":true,"href":"https:\/\/topholds.com\/de\/wp-json\/wp\/v2\/product_tag?post=16251"}],"curies":[{"name":"wp","href":"https:\/\/api.w.org\/{rel}","templated":true}]}}