{"id":16256,"date":"2016-03-17T19:00:08","date_gmt":"2016-03-17T19:00:08","guid":{"rendered":"http:\/\/topholds.com\/argus\/"},"modified":"2026-03-29T10:47:59","modified_gmt":"2026-03-29T10:47:59","slug":"argus","status":"publish","type":"product","link":"https:\/\/topholds.com\/de\/angebot\/klettergriffe\/argus\/","title":{"rendered":"Klettergriff-Paket Argus"},"content":{"rendered":"<p><strong>Argus ist ein Set aus 8 Klettergriffen<\/strong> mit einer au\u00dfergew\u00f6hnlichen sandstein\u00e4hnlichen Textur, die das Erlebnis des Kletterns an nat\u00fcrlichem Fels nachahmt. Diese ergonomischen und komfortablen Griffe bieten ein hervorragendes Ma\u00df an Haftung und Komfort f\u00fcr deine H\u00e4nde.<\/p>\n<p>In diesem Set heben wir <strong>2 Griffe hervor, die speziell f\u00fcr einen sicheren und stabilen Grip mit beiden H\u00e4nden entwickelt wurden<\/strong>, was mehr Vielseitigkeit und M\u00f6glichkeiten in deinen Kletterrouten bietet.<\/p>\n<p>Um eine ordnungsgem\u00e4\u00dfe und sichere Montage zu gew\u00e4hrleisten, empfehlen wir die Verwendung von <strong>M10x40-Schrauben; alternativ k\u00f6nnen auch M8x40-Schrauben verwendet werden<\/strong>, wenn dies gew\u00fcnscht ist. Bitte beachte, dass die Schrauben im Paket nicht enthalten sind.<\/p>\n<p>Bitte beachte, dass die Farben des Produkts von dem angezeigten Bild abweichen k\u00f6nnen. Wenn du eine bestimmte Farbe w\u00fcnschst, z\u00f6gere nicht, uns zu kontaktieren.<\/p>\n","protected":false},"excerpt":{"rendered":"<ul>\n<li>Argus ist ein Set aus 8 Klettergriffen.<\/li>\n<li>Sandsteinstruktur.<\/li>\n<li>Sehr bequeme Griffe.<\/li>\n<li>2 der Griffe sind f\u00fcr den Griff mit beiden H\u00e4nden geeignet.<\/li>\n<\/ul>\n","protected":false},"featured_media":18085,"comment_status":"open","ping_status":"closed","template":"","meta":[],"product_brand":[],"product_cat":[418],"product_tag":[],"class_list":{"0":"post-16256","1":"product","2":"type-product","3":"status-publish","4":"has-post-thumbnail","6":"product_cat-klettergriffe","8":"first","9":"instock","10":"taxable","11":"shipping-taxable","12":"purchasable","13":"product-type-simple"},"_links":{"self":[{"href":"https:\/\/topholds.com\/de\/wp-json\/wp\/v2\/product\/16256","targetHints":{"allow":["GET"]}}],"collection":[{"href":"https:\/\/topholds.com\/de\/wp-json\/wp\/v2\/product"}],"about":[{"href":"https:\/\/topholds.com\/de\/wp-json\/wp\/v2\/types\/product"}],"replies":[{"embeddable":true,"href":"https:\/\/topholds.com\/de\/wp-json\/wp\/v2\/comments?post=16256"}],"wp:featuredmedia":[{"embeddable":true,"href":"https:\/\/topholds.com\/de\/wp-json\/wp\/v2\/media\/18085"}],"wp:attachment":[{"href":"https:\/\/topholds.com\/de\/wp-json\/wp\/v2\/media?parent=16256"}],"wp:term":[{"taxonomy":"product_brand","embeddable":true,"href":"https:\/\/topholds.com\/de\/wp-json\/wp\/v2\/product_brand?post=16256"},{"taxonomy":"product_cat","embeddable":true,"href":"https:\/\/topholds.com\/de\/wp-json\/wp\/v2\/product_cat?post=16256"},{"taxonomy":"product_tag","embeddable":true,"href":"https:\/\/topholds.com\/de\/wp-json\/wp\/v2\/product_tag?post=16256"}],"curies":[{"name":"wp","href":"https:\/\/api.w.org\/{rel}","templated":true}]}}