{"id":16261,"date":"2016-03-17T19:35:08","date_gmt":"2016-03-17T19:35:08","guid":{"rendered":"http:\/\/topholds.com\/hiedra\/"},"modified":"2025-03-26T07:46:05","modified_gmt":"2025-03-26T07:46:05","slug":"hiedra","status":"publish","type":"product","link":"https:\/\/topholds.com\/de\/angebot\/klettergriffe\/hiedra\/","title":{"rendered":"Klettergriff-Paket Hiedra"},"content":{"rendered":"<p><strong>Hiedra ist ein Set aus 4 Klettergriffen mit einer zarten, sanften Sandsteintextur<\/strong>, das entwickelt wurde, um ein komfortables und herausforderndes Klettererlebnis zu bieten.<\/p>\n<p>Jeder Griff in dieser Kollektion <strong>bietet abwechslungsreiche und qualitativ hochwertige Griffe<\/strong>, die es Kletterern aller Erfahrungsstufen erm\u00f6glichen, eine breite Palette von Bewegungen und Herausforderungen an jeder Neigung zu genie\u00dfen.<\/p>\n<p>F\u00fcr eine optimale und langlebige Installation wird die <strong>Verwendung von M10x40 Schrauben empfohlen<\/strong>; du kannst jedoch auch M8x40 w\u00e4hlen, wenn du das bevorzugst. Zudem sind alle Griffe mit einem Loch f\u00fcr eine Anti-Rotationsschraube versehen, die zus\u00e4tzliche Stabilit\u00e4t bietet und das Drehen w\u00e4hrend der Benutzung verhindert.<\/p>\n<p>Bitte beachte, dass die Farben des Produkts von dem gezeigten Bild abweichen k\u00f6nnen. Wenn du eine bestimmte Farbe w\u00fcnschst, z\u00f6gere nicht, uns zu kontaktieren.<\/p>\n","protected":false},"excerpt":{"rendered":"<ul>\n<li>Hiedra ist ein Set von 4 Klettergriffen.<\/li>\n<li>Weiche Sandsteintextur.<\/li>\n<li>Alle mit einem Loch f\u00fcr eine Antidrehschraube.<\/li>\n<\/ul>\n","protected":false},"featured_media":4887,"comment_status":"open","ping_status":"closed","template":"","meta":[],"product_brand":[],"product_cat":[418],"product_tag":[],"class_list":{"0":"post-16261","1":"product","2":"type-product","3":"status-publish","4":"has-post-thumbnail","6":"product_cat-klettergriffe","8":"first","9":"instock","10":"taxable","11":"shipping-taxable","12":"purchasable","13":"product-type-simple"},"_links":{"self":[{"href":"https:\/\/topholds.com\/de\/wp-json\/wp\/v2\/product\/16261","targetHints":{"allow":["GET"]}}],"collection":[{"href":"https:\/\/topholds.com\/de\/wp-json\/wp\/v2\/product"}],"about":[{"href":"https:\/\/topholds.com\/de\/wp-json\/wp\/v2\/types\/product"}],"replies":[{"embeddable":true,"href":"https:\/\/topholds.com\/de\/wp-json\/wp\/v2\/comments?post=16261"}],"wp:featuredmedia":[{"embeddable":true,"href":"https:\/\/topholds.com\/de\/wp-json\/wp\/v2\/media\/4887"}],"wp:attachment":[{"href":"https:\/\/topholds.com\/de\/wp-json\/wp\/v2\/media?parent=16261"}],"wp:term":[{"taxonomy":"product_brand","embeddable":true,"href":"https:\/\/topholds.com\/de\/wp-json\/wp\/v2\/product_brand?post=16261"},{"taxonomy":"product_cat","embeddable":true,"href":"https:\/\/topholds.com\/de\/wp-json\/wp\/v2\/product_cat?post=16261"},{"taxonomy":"product_tag","embeddable":true,"href":"https:\/\/topholds.com\/de\/wp-json\/wp\/v2\/product_tag?post=16261"}],"curies":[{"name":"wp","href":"https:\/\/api.w.org\/{rel}","templated":true}]}}