{"id":16266,"date":"2016-03-17T19:47:39","date_gmt":"2016-03-17T19:47:39","guid":{"rendered":"http:\/\/topholds.com\/circle\/"},"modified":"2026-03-06T11:50:35","modified_gmt":"2026-03-06T11:50:35","slug":"circle","status":"publish","type":"product","link":"https:\/\/topholds.com\/de\/angebot\/klettergriffe\/circle\/","title":{"rendered":"Klettergriff-Paket Circle"},"content":{"rendered":"<p><strong>Circle ist ein Set aus 3 Klettergriffen mit sandsteinartiger Textur<\/strong>, die entwickelt wurden, um hochwertige und abwechslungsreiche Griffe zu bieten, die sich perfekt an jede Neigung und sogar an \u00dcberh\u00e4nge anpassen.<\/p>\n<p>Dieses ansprechende Set bietet eine <strong>ausgezeichnete Auswahl an Griffen, von Kanten und Zangen bis hin zu flachen Griffen<\/strong>, und ist somit eine ideale Wahl sowohl f\u00fcr Anf\u00e4nger als auch f\u00fcr fortgeschrittene Kletterer.<\/p>\n<p>F\u00fcr eine sichere und langlebige Installation wird empfohlen, <strong>M10x40 Schrauben<\/strong> zu verwenden, obwohl du auch M8x40 verwenden kannst, wenn du das bevorzugst. Jeder einzelne Griff verf\u00fcgt \u00fcber ein Anti-Drehloch f\u00fcr die Schraube, was eine gr\u00f6\u00dfere Stabilit\u00e4t und Widerstandsf\u00e4higkeit gegen Rotation w\u00e4hrend der Benutzung gew\u00e4hrleistet.<\/p>\n<p>Bitte beachte, dass die Produktfarben von dem angezeigten Bild abweichen k\u00f6nnen. Wenn du eine bestimmte Farbe w\u00fcnschst, z\u00f6gere nicht, uns zu kontaktieren.<\/p>\n","protected":false},"excerpt":{"rendered":"<ul>\n<li>Circle ist ein Set aus 3 Klettergriffen.<\/li>\n<li>Sandstein-Textur.<\/li>\n<li>Geeignet f\u00fcr jede Art von Neigung und \u00dcberhang.<\/li>\n<li>Alle mit einem Loch f\u00fcr eine Anti-Dreh-Schraube.<\/li>\n<\/ul>\n","protected":false},"featured_media":18120,"comment_status":"open","ping_status":"closed","template":"","meta":[],"product_brand":[],"product_cat":[418],"product_tag":[],"class_list":{"0":"post-16266","1":"product","2":"type-product","3":"status-publish","4":"has-post-thumbnail","6":"product_cat-klettergriffe","8":"first","9":"outofstock","10":"taxable","11":"shipping-taxable","12":"purchasable","13":"product-type-simple"},"_links":{"self":[{"href":"https:\/\/topholds.com\/de\/wp-json\/wp\/v2\/product\/16266","targetHints":{"allow":["GET"]}}],"collection":[{"href":"https:\/\/topholds.com\/de\/wp-json\/wp\/v2\/product"}],"about":[{"href":"https:\/\/topholds.com\/de\/wp-json\/wp\/v2\/types\/product"}],"replies":[{"embeddable":true,"href":"https:\/\/topholds.com\/de\/wp-json\/wp\/v2\/comments?post=16266"}],"wp:featuredmedia":[{"embeddable":true,"href":"https:\/\/topholds.com\/de\/wp-json\/wp\/v2\/media\/18120"}],"wp:attachment":[{"href":"https:\/\/topholds.com\/de\/wp-json\/wp\/v2\/media?parent=16266"}],"wp:term":[{"taxonomy":"product_brand","embeddable":true,"href":"https:\/\/topholds.com\/de\/wp-json\/wp\/v2\/product_brand?post=16266"},{"taxonomy":"product_cat","embeddable":true,"href":"https:\/\/topholds.com\/de\/wp-json\/wp\/v2\/product_cat?post=16266"},{"taxonomy":"product_tag","embeddable":true,"href":"https:\/\/topholds.com\/de\/wp-json\/wp\/v2\/product_tag?post=16266"}],"curies":[{"name":"wp","href":"https:\/\/api.w.org\/{rel}","templated":true}]}}