{"id":16271,"date":"2016-03-17T19:51:27","date_gmt":"2016-03-17T19:51:27","guid":{"rendered":"http:\/\/topholds.com\/lander\/"},"modified":"2024-08-26T02:21:28","modified_gmt":"2024-08-26T02:21:28","slug":"lander","status":"publish","type":"product","link":"https:\/\/topholds.com\/de\/angebot\/klettergriffe\/lander\/","title":{"rendered":"Klettergriff-Paket Lander"},"content":{"rendered":"<p><strong>Lander ist ein Set von 4 Klettergriffen mit einer sanften Sandsteintextur<\/strong>, das vielf\u00e4ltige und hochwertige Griffe bietet, die sich an jede Art von Neigung an deiner Kletterwand anpassen.<\/p>\n<p>Dieses vollst\u00e4ndige <em>Set von Griffen<\/em> <strong>bietet eine breite Palette von Griffen, von guten Kanten bis hin zu Zangen und flachen Griffen<\/strong>, was es ideal f\u00fcr sowohl Anf\u00e4nger als auch erfahrene Kletterer macht.<\/p>\n<p>Um eine ordnungsgem\u00e4\u00dfe Installation zu gew\u00e4hrleisten, wird empfohlen, <strong>M10x40-Schrauben<\/strong> zu verwenden, wobei du auch M8x40 w\u00e4hlen kannst, wenn du es bevorzugst. Zudem verf\u00fcgt jeder Griff \u00fcber ein Anti-Rotations-Schraubenloch, das w\u00e4hrend der Nutzung f\u00fcr mehr Stabilit\u00e4t und Sicherheit sorgt.<\/p>\n<p>Bitte beachte, dass die Farben des Produkts von dem abgebildeten Bild abweichen k\u00f6nnen. Wenn du eine bestimmte Farbe w\u00fcnschst, z\u00f6gere nicht, dich mit uns in Verbindung zu setzen.<\/p>\n","protected":false},"excerpt":{"rendered":"<ul>\n<li>Lander ist ein Set von 4 Klettergriffen.<\/li>\n<li>Sanft sandsteinerne Textur.<\/li>\n<li>Eignen sich f\u00fcr jede Art von Neigung.<\/li>\n<li>Loch f\u00fcr Anti-Rotationsschraube.<\/li>\n<\/ul>\n","protected":false},"featured_media":18135,"comment_status":"open","ping_status":"closed","template":"","meta":[],"product_brand":[],"product_cat":[418],"product_tag":[],"class_list":{"0":"post-16271","1":"product","2":"type-product","3":"status-publish","4":"has-post-thumbnail","6":"product_cat-klettergriffe","8":"first","9":"instock","10":"taxable","11":"shipping-taxable","12":"purchasable","13":"product-type-simple"},"_links":{"self":[{"href":"https:\/\/topholds.com\/de\/wp-json\/wp\/v2\/product\/16271","targetHints":{"allow":["GET"]}}],"collection":[{"href":"https:\/\/topholds.com\/de\/wp-json\/wp\/v2\/product"}],"about":[{"href":"https:\/\/topholds.com\/de\/wp-json\/wp\/v2\/types\/product"}],"replies":[{"embeddable":true,"href":"https:\/\/topholds.com\/de\/wp-json\/wp\/v2\/comments?post=16271"}],"wp:featuredmedia":[{"embeddable":true,"href":"https:\/\/topholds.com\/de\/wp-json\/wp\/v2\/media\/18135"}],"wp:attachment":[{"href":"https:\/\/topholds.com\/de\/wp-json\/wp\/v2\/media?parent=16271"}],"wp:term":[{"taxonomy":"product_brand","embeddable":true,"href":"https:\/\/topholds.com\/de\/wp-json\/wp\/v2\/product_brand?post=16271"},{"taxonomy":"product_cat","embeddable":true,"href":"https:\/\/topholds.com\/de\/wp-json\/wp\/v2\/product_cat?post=16271"},{"taxonomy":"product_tag","embeddable":true,"href":"https:\/\/topholds.com\/de\/wp-json\/wp\/v2\/product_tag?post=16271"}],"curies":[{"name":"wp","href":"https:\/\/api.w.org\/{rel}","templated":true}]}}