{"id":16276,"date":"2016-03-17T20:00:18","date_gmt":"2016-03-17T20:00:18","guid":{"rendered":"http:\/\/topholds.com\/terra\/"},"modified":"2024-08-26T02:22:05","modified_gmt":"2024-08-26T02:22:05","slug":"terra","status":"publish","type":"product","link":"https:\/\/topholds.com\/de\/angebot\/klettergriffe\/terra\/","title":{"rendered":"Klettergriff-Paket Terra"},"content":{"rendered":"<p><strong>Terra ist ein Set aus 14 Klettergriffen mit einer weichen Sandsteinstruktur<\/strong>, das w\u00e4hrend des Kletterns einen komfortablen und sicheren Halt bietet.<\/p>\n<p>Um eine ordnungsgem\u00e4\u00dfe Installation an deiner Kletterwand zu gew\u00e4hrleisten, wird empfohlen, <strong>M10x40 Schrauben<\/strong> zu verwenden, obwohl du auch M8x40 verwenden kannst, wenn du das bevorzugst.<\/p>\n<p>Bitte beachte, dass die Farben des Produkts von dem abgebildeten Bild abweichen k\u00f6nnen. Wenn du eine bestimmte Farbe w\u00fcnschst, z\u00f6gere nicht, uns zu kontaktieren.<\/p>\n","protected":false},"excerpt":{"rendered":"<ul>\n<li>Terra ist ein Set aus 14 Klettergriffen.<\/li>\n<li>Sehr sanfte Sandstein-Oberfl\u00e4che.<\/li>\n<\/ul>\n","protected":false},"featured_media":18175,"comment_status":"open","ping_status":"closed","template":"","meta":[],"product_brand":[],"product_cat":[418],"product_tag":[],"class_list":{"0":"post-16276","1":"product","2":"type-product","3":"status-publish","4":"has-post-thumbnail","6":"product_cat-klettergriffe","8":"first","9":"instock","10":"taxable","11":"shipping-taxable","12":"purchasable","13":"product-type-simple"},"_links":{"self":[{"href":"https:\/\/topholds.com\/de\/wp-json\/wp\/v2\/product\/16276","targetHints":{"allow":["GET"]}}],"collection":[{"href":"https:\/\/topholds.com\/de\/wp-json\/wp\/v2\/product"}],"about":[{"href":"https:\/\/topholds.com\/de\/wp-json\/wp\/v2\/types\/product"}],"replies":[{"embeddable":true,"href":"https:\/\/topholds.com\/de\/wp-json\/wp\/v2\/comments?post=16276"}],"wp:featuredmedia":[{"embeddable":true,"href":"https:\/\/topholds.com\/de\/wp-json\/wp\/v2\/media\/18175"}],"wp:attachment":[{"href":"https:\/\/topholds.com\/de\/wp-json\/wp\/v2\/media?parent=16276"}],"wp:term":[{"taxonomy":"product_brand","embeddable":true,"href":"https:\/\/topholds.com\/de\/wp-json\/wp\/v2\/product_brand?post=16276"},{"taxonomy":"product_cat","embeddable":true,"href":"https:\/\/topholds.com\/de\/wp-json\/wp\/v2\/product_cat?post=16276"},{"taxonomy":"product_tag","embeddable":true,"href":"https:\/\/topholds.com\/de\/wp-json\/wp\/v2\/product_tag?post=16276"}],"curies":[{"name":"wp","href":"https:\/\/api.w.org\/{rel}","templated":true}]}}