{"id":16291,"date":"2016-03-19T15:31:18","date_gmt":"2016-03-19T15:31:18","guid":{"rendered":"http:\/\/topholds.com\/vesna\/"},"modified":"2026-03-30T19:11:56","modified_gmt":"2026-03-30T19:11:56","slug":"vesna","status":"publish","type":"product","link":"https:\/\/topholds.com\/de\/angebot\/klettergriffe\/vesna\/","title":{"rendered":"Klettergriff-Paket Vesna"},"content":{"rendered":"<p><strong>Vesna ist ein Set aus 14 Klettergriffen mit einer weichen Sandsteinstruktur<\/strong>, die einen bequemen und sicheren Halt beim Klettern gew\u00e4hrleistet.<\/p>\n<p>F\u00fcr die Installation dieser Griffe an deiner Wand wird empfohlen, <strong>M10x40-Schrauben<\/strong> zu verwenden, du kannst allerdings auch M8x40 w\u00e4hlen, wenn dir das lieber ist.<\/p>\n<p>Bitte beachte, dass die Farben des Produkts von dem abgebildeten Bild abweichen k\u00f6nnen. Wenn du eine bestimmte Farbe w\u00fcnschst, z\u00f6gere nicht, uns zu kontaktieren.<\/p>\n","protected":false},"excerpt":{"rendered":"<ul>\n<li>Vesna ist ein Set von 14 Klettergriffen.<\/li>\n<li>Sanfte Sandsteintextur.<\/li>\n<\/ul>\n","protected":false},"featured_media":18180,"comment_status":"open","ping_status":"closed","template":"","meta":[],"product_brand":[],"product_cat":[418],"product_tag":[],"class_list":{"0":"post-16291","1":"product","2":"type-product","3":"status-publish","4":"has-post-thumbnail","6":"product_cat-klettergriffe","8":"first","9":"outofstock","10":"taxable","11":"shipping-taxable","12":"purchasable","13":"product-type-simple"},"_links":{"self":[{"href":"https:\/\/topholds.com\/de\/wp-json\/wp\/v2\/product\/16291","targetHints":{"allow":["GET"]}}],"collection":[{"href":"https:\/\/topholds.com\/de\/wp-json\/wp\/v2\/product"}],"about":[{"href":"https:\/\/topholds.com\/de\/wp-json\/wp\/v2\/types\/product"}],"replies":[{"embeddable":true,"href":"https:\/\/topholds.com\/de\/wp-json\/wp\/v2\/comments?post=16291"}],"wp:featuredmedia":[{"embeddable":true,"href":"https:\/\/topholds.com\/de\/wp-json\/wp\/v2\/media\/18180"}],"wp:attachment":[{"href":"https:\/\/topholds.com\/de\/wp-json\/wp\/v2\/media?parent=16291"}],"wp:term":[{"taxonomy":"product_brand","embeddable":true,"href":"https:\/\/topholds.com\/de\/wp-json\/wp\/v2\/product_brand?post=16291"},{"taxonomy":"product_cat","embeddable":true,"href":"https:\/\/topholds.com\/de\/wp-json\/wp\/v2\/product_cat?post=16291"},{"taxonomy":"product_tag","embeddable":true,"href":"https:\/\/topholds.com\/de\/wp-json\/wp\/v2\/product_tag?post=16291"}],"curies":[{"name":"wp","href":"https:\/\/api.w.org\/{rel}","templated":true}]}}