{"id":16296,"date":"2016-03-19T15:43:43","date_gmt":"2016-03-19T15:43:43","guid":{"rendered":"http:\/\/topholds.com\/titan\/"},"modified":"2024-08-26T02:24:32","modified_gmt":"2024-08-26T02:24:32","slug":"titan","status":"publish","type":"product","link":"https:\/\/topholds.com\/de\/angebot\/klettergriffe\/titan\/","title":{"rendered":"Klettervolumen Titan"},"content":{"rendered":"<p><strong>Tit\u00e1n ist ein Volumen aus sanftem Sandstein<\/strong>, das hervorragende Haftung auf seiner Oberfl\u00e4che bietet.<\/p>\n<p>Seine vielseitigen Abmessungen, mit <strong>zwei Seiten, die jeweils 29 cm messen, der kurzen Seite von 25 cm und einer H\u00f6he von 12 cm<\/strong>, machen es anpassungsf\u00e4hig f\u00fcr eine Vielzahl von Konfigurationen und Schwierigkeitsgraden an deiner Kletterwand.<\/p>\n<p>Bitte beachte, dass die Farben des Produkts von dem gezeigten Bild abweichen k\u00f6nnen. Wenn du eine bestimmte Farbe w\u00fcnschst, z\u00f6gere nicht, uns zu kontaktieren.<\/p>\n","protected":false},"excerpt":{"rendered":"<ul>\n<li>Tit\u00e1n ist ein Klettervolumen.<\/li>\n<li>Sanftsandsteinklipptextur.<\/li>\n<li>Die Haftung seiner Oberfl\u00e4che ist perfekt.<\/li>\n<\/ul>\n","protected":false},"featured_media":18215,"comment_status":"open","ping_status":"closed","template":"","meta":[],"product_brand":[],"product_cat":[418],"product_tag":[],"class_list":{"0":"post-16296","1":"product","2":"type-product","3":"status-publish","4":"has-post-thumbnail","6":"product_cat-klettergriffe","8":"first","9":"instock","10":"sale","11":"taxable","12":"shipping-taxable","13":"purchasable","14":"product-type-simple"},"_links":{"self":[{"href":"https:\/\/topholds.com\/de\/wp-json\/wp\/v2\/product\/16296","targetHints":{"allow":["GET"]}}],"collection":[{"href":"https:\/\/topholds.com\/de\/wp-json\/wp\/v2\/product"}],"about":[{"href":"https:\/\/topholds.com\/de\/wp-json\/wp\/v2\/types\/product"}],"replies":[{"embeddable":true,"href":"https:\/\/topholds.com\/de\/wp-json\/wp\/v2\/comments?post=16296"}],"wp:featuredmedia":[{"embeddable":true,"href":"https:\/\/topholds.com\/de\/wp-json\/wp\/v2\/media\/18215"}],"wp:attachment":[{"href":"https:\/\/topholds.com\/de\/wp-json\/wp\/v2\/media?parent=16296"}],"wp:term":[{"taxonomy":"product_brand","embeddable":true,"href":"https:\/\/topholds.com\/de\/wp-json\/wp\/v2\/product_brand?post=16296"},{"taxonomy":"product_cat","embeddable":true,"href":"https:\/\/topholds.com\/de\/wp-json\/wp\/v2\/product_cat?post=16296"},{"taxonomy":"product_tag","embeddable":true,"href":"https:\/\/topholds.com\/de\/wp-json\/wp\/v2\/product_tag?post=16296"}],"curies":[{"name":"wp","href":"https:\/\/api.w.org\/{rel}","templated":true}]}}