{"id":16306,"date":"2016-03-19T16:17:25","date_gmt":"2016-03-19T16:17:25","guid":{"rendered":"http:\/\/topholds.com\/aquiles9\/"},"modified":"2025-11-19T15:39:08","modified_gmt":"2025-11-19T15:39:08","slug":"aquiles9","status":"publish","type":"product","link":"https:\/\/topholds.com\/de\/angebot\/klettergriffe\/aquiles9\/","title":{"rendered":"Klettervolumen Achilles 9"},"content":{"rendered":"<p><strong>Aquiles 9 ist ein Volumen zum Klettern mit einer sanften Sandsteinoberfl\u00e4che<\/strong>, das eine au\u00dfergew\u00f6hnliche Haftung bietet.<\/p>\n<p>Dieses Volumen verf\u00fcgt \u00fcber <strong>9 Angeln, die daf\u00fcr entworfen sind, zus\u00e4tzliche Griffe anzubringen<\/strong>, was die M\u00f6glichkeiten der Konfiguration vervielf\u00e4ltigt und es zu einem unverzichtbaren Element macht, um deine Kletterwand zu bereichern.<\/p>\n<p>Seine drei Seiten haben eine <strong>L\u00e4nge von jeweils 32 cm, und die H\u00f6he betr\u00e4gt 13 cm<\/strong>, was vielseitige Dimensionen bietet, um sich an eine breite Palette von Konfigurationen und Niveaus der F\u00e4higkeiten anzupassen.<\/p>\n<p>Bitte beachte, dass die Farben des Produkts von dem gezeigten Bild abweichen k\u00f6nnen. Wenn du eine bestimmte Farbe w\u00fcnschst, z\u00f6gere nicht, uns zu kontaktieren.<\/p>\n","protected":false},"excerpt":{"rendered":"<ul>\n<li>Aquiles 9 ist ein Klettervolumen.<\/li>\n<li>Sanfte Sandsteintextur.<\/li>\n<li>Die Haftung seiner Oberfl\u00e4che ist perfekt.<\/li>\n<li>Es hat 9 Anker, um Griffe zu platzieren.<\/li>\n<\/ul>\n","protected":false},"featured_media":18250,"comment_status":"open","ping_status":"closed","template":"","meta":[],"product_brand":[],"product_cat":[418],"product_tag":[],"class_list":{"0":"post-16306","1":"product","2":"type-product","3":"status-publish","4":"has-post-thumbnail","6":"product_cat-klettergriffe","8":"first","9":"instock","10":"taxable","11":"shipping-taxable","12":"purchasable","13":"product-type-simple"},"_links":{"self":[{"href":"https:\/\/topholds.com\/de\/wp-json\/wp\/v2\/product\/16306","targetHints":{"allow":["GET"]}}],"collection":[{"href":"https:\/\/topholds.com\/de\/wp-json\/wp\/v2\/product"}],"about":[{"href":"https:\/\/topholds.com\/de\/wp-json\/wp\/v2\/types\/product"}],"replies":[{"embeddable":true,"href":"https:\/\/topholds.com\/de\/wp-json\/wp\/v2\/comments?post=16306"}],"wp:featuredmedia":[{"embeddable":true,"href":"https:\/\/topholds.com\/de\/wp-json\/wp\/v2\/media\/18250"}],"wp:attachment":[{"href":"https:\/\/topholds.com\/de\/wp-json\/wp\/v2\/media?parent=16306"}],"wp:term":[{"taxonomy":"product_brand","embeddable":true,"href":"https:\/\/topholds.com\/de\/wp-json\/wp\/v2\/product_brand?post=16306"},{"taxonomy":"product_cat","embeddable":true,"href":"https:\/\/topholds.com\/de\/wp-json\/wp\/v2\/product_cat?post=16306"},{"taxonomy":"product_tag","embeddable":true,"href":"https:\/\/topholds.com\/de\/wp-json\/wp\/v2\/product_tag?post=16306"}],"curies":[{"name":"wp","href":"https:\/\/api.w.org\/{rel}","templated":true}]}}