{"id":16311,"date":"2016-03-19T19:17:40","date_gmt":"2016-03-19T19:17:40","guid":{"rendered":"http:\/\/topholds.com\/esferas\/"},"modified":"2024-08-26T02:26:20","modified_gmt":"2024-08-26T02:26:20","slug":"esferas","status":"publish","type":"product","link":"https:\/\/topholds.com\/de\/angebot\/klettergriffe\/kinder\/esferas\/","title":{"rendered":"Klettergriff-Paket Esferas"},"content":{"rendered":"<p><strong>Esferas ist ein Set aus 7 Klettergriffen mit sehr sanfter Sandsteintextur<\/strong>, ideal, um Vielfalt und Herausforderungen an deine Kletterwand zu bringen.<\/p>\n<p>Dieses <em>Set von Griffen<\/em> <strong>beinhaltet 7 perfekte Kugeln mit Durchmessern von 35, 40, 45, 50, 55, 60 und 70 mm<\/strong>, die eine breite Palette von Optionen bieten, um sich an verschiedene Fertigkeitsniveaus und Griffvorlieben anzupassen.<\/p>\n<p>Um eine sichere und stabile Befestigung zu gew\u00e4hrleisten, wird empfohlen, <strong>M10x40 oder M8x40 Schrauben zu verwenden<\/strong>.<\/p>\n<p>Bitte beachte, dass die Farben des Produkts von dem gezeigten Bild abweichen k\u00f6nnen. Wenn du eine spezifische Farbe w\u00fcnschst, z\u00f6gere nicht, uns zu kontaktieren.<\/p>\n","protected":false},"excerpt":{"rendered":"<ul>\n<li>Esferas ist ein Set von 7 Klettergriffen.<\/li>\n<li>Sehr glatte Sandsteinoberfl\u00e4che.<\/li>\n<li>Es handelt sich um 7 perfekte Kugeln mit einem Durchmesser von 35, 40, 45, 50, 55, 60 und 70 mm.<\/li>\n<\/ul>\n","protected":false},"featured_media":17544,"comment_status":"open","ping_status":"closed","template":"","meta":[],"product_brand":[],"product_cat":[457],"product_tag":[],"class_list":{"0":"post-16311","1":"product","2":"type-product","3":"status-publish","4":"has-post-thumbnail","6":"product_cat-kinder","8":"first","9":"instock","10":"taxable","11":"shipping-taxable","12":"purchasable","13":"product-type-simple"},"_links":{"self":[{"href":"https:\/\/topholds.com\/de\/wp-json\/wp\/v2\/product\/16311","targetHints":{"allow":["GET"]}}],"collection":[{"href":"https:\/\/topholds.com\/de\/wp-json\/wp\/v2\/product"}],"about":[{"href":"https:\/\/topholds.com\/de\/wp-json\/wp\/v2\/types\/product"}],"replies":[{"embeddable":true,"href":"https:\/\/topholds.com\/de\/wp-json\/wp\/v2\/comments?post=16311"}],"wp:featuredmedia":[{"embeddable":true,"href":"https:\/\/topholds.com\/de\/wp-json\/wp\/v2\/media\/17544"}],"wp:attachment":[{"href":"https:\/\/topholds.com\/de\/wp-json\/wp\/v2\/media?parent=16311"}],"wp:term":[{"taxonomy":"product_brand","embeddable":true,"href":"https:\/\/topholds.com\/de\/wp-json\/wp\/v2\/product_brand?post=16311"},{"taxonomy":"product_cat","embeddable":true,"href":"https:\/\/topholds.com\/de\/wp-json\/wp\/v2\/product_cat?post=16311"},{"taxonomy":"product_tag","embeddable":true,"href":"https:\/\/topholds.com\/de\/wp-json\/wp\/v2\/product_tag?post=16311"}],"curies":[{"name":"wp","href":"https:\/\/api.w.org\/{rel}","templated":true}]}}