{"id":16316,"date":"2016-03-19T19:22:35","date_gmt":"2016-03-19T19:22:35","guid":{"rendered":"http:\/\/topholds.com\/esfera2\/"},"modified":"2024-08-26T02:27:00","modified_gmt":"2024-08-26T02:27:00","slug":"esfera2","status":"publish","type":"product","link":"https:\/\/topholds.com\/de\/angebot\/klettergriffe\/esfera2\/","title":{"rendered":"Klettergriff-Paket Esfera 2"},"content":{"rendered":"<p><strong>Esfera2 ist ein Set aus 10 Klettergriffen mit Sandsteintextur<\/strong>, die entworfen wurden, um dein Klettererlebnis in der Kletterhalle zu bereichern, ohne viel Geld auszugeben.<\/p>\n<p>Mit H\u00f6hen, die zwischen 20 und 26 mm variieren, sind diese Griffe <strong>ideal, um sie in deiner Kletterhalle zu verteilen<\/strong>, sodass du neue und herausfordernde Bl\u00f6cke erstellen kannst, die deine Kletterf\u00e4higkeiten verbessern.<\/p>\n<p>Um eine sichere und stabile Befestigung zu gew\u00e4hrleisten, wird empfohlen, <strong>M10x30 oder M8x30 Schrauben<\/strong> zu verwenden.<\/p>\n<p>Bitte beachte, dass die Farben des Produkts von dem abgebildeten Bild abweichen k\u00f6nnen. Wenn du eine bestimmte Farbe w\u00fcnschst, z\u00f6gere nicht, uns zu kontaktieren.<\/p>\n","protected":false},"excerpt":{"rendered":"<ul>\n<li>Esfera2 ist ein Set von 10 Klettergriffen.<\/li>\n<li>Sandstein-Oberfl\u00e4che.<\/li>\n<li>Ideal, um sie in einer Kletterhalle zu verteilen.<\/li>\n<\/ul>\n","protected":false},"featured_media":18260,"comment_status":"open","ping_status":"closed","template":"","meta":[],"product_brand":[],"product_cat":[418],"product_tag":[],"class_list":{"0":"post-16316","1":"product","2":"type-product","3":"status-publish","4":"has-post-thumbnail","6":"product_cat-klettergriffe","8":"first","9":"outofstock","10":"taxable","11":"shipping-taxable","12":"purchasable","13":"product-type-simple"},"_links":{"self":[{"href":"https:\/\/topholds.com\/de\/wp-json\/wp\/v2\/product\/16316","targetHints":{"allow":["GET"]}}],"collection":[{"href":"https:\/\/topholds.com\/de\/wp-json\/wp\/v2\/product"}],"about":[{"href":"https:\/\/topholds.com\/de\/wp-json\/wp\/v2\/types\/product"}],"replies":[{"embeddable":true,"href":"https:\/\/topholds.com\/de\/wp-json\/wp\/v2\/comments?post=16316"}],"wp:featuredmedia":[{"embeddable":true,"href":"https:\/\/topholds.com\/de\/wp-json\/wp\/v2\/media\/18260"}],"wp:attachment":[{"href":"https:\/\/topholds.com\/de\/wp-json\/wp\/v2\/media?parent=16316"}],"wp:term":[{"taxonomy":"product_brand","embeddable":true,"href":"https:\/\/topholds.com\/de\/wp-json\/wp\/v2\/product_brand?post=16316"},{"taxonomy":"product_cat","embeddable":true,"href":"https:\/\/topholds.com\/de\/wp-json\/wp\/v2\/product_cat?post=16316"},{"taxonomy":"product_tag","embeddable":true,"href":"https:\/\/topholds.com\/de\/wp-json\/wp\/v2\/product_tag?post=16316"}],"curies":[{"name":"wp","href":"https:\/\/api.w.org\/{rel}","templated":true}]}}