{"id":16321,"date":"2016-03-19T19:36:59","date_gmt":"2016-03-19T19:36:59","guid":{"rendered":"http:\/\/topholds.com\/asa\/"},"modified":"2026-01-28T15:45:27","modified_gmt":"2026-01-28T15:45:27","slug":"asa","status":"publish","type":"product","link":"https:\/\/topholds.com\/de\/angebot\/klettergriffe\/asa\/","title":{"rendered":"Klettergriff-Paket Asa"},"content":{"rendered":"<p>Asa ist ein <strong>Pack von 4 Klettergriffen mit Sandsteinstruktur<\/strong>, die entwickelt wurden, um bei jedem \u00dcberhang oder Dach angenehme und sichere Griffe zu bieten.<\/p>\n<p>Diese Griffe mit <strong>ihrer realistischen Oberfl\u00e4che und ergonomischen Formen<\/strong> sind perfekt, um deine Kletterf\u00e4higkeiten in einer Vielzahl von Winkeln und Neigungen zu verbessern.<\/p>\n<p>Um eine geeignete und stabile Befestigung zu gew\u00e4hrleisten, wird empfohlen, <strong>M10x40 oder M8x40 Schrauben<\/strong> zu verwenden.<\/p>\n<p>Bitte beachte, dass die Farben des Produkts von dem abgebildeten Bild abweichen k\u00f6nnen. Wenn du eine spezifische Farbe w\u00fcnschst, z\u00f6gere nicht, uns zu kontaktieren.<\/p>\n","protected":false},"excerpt":{"rendered":"<ul>\n<li>Asa ist ein Satz von 4 Klettergriffen.<\/li>\n<li>Sandsteintextur.<\/li>\n<li>Gute Griffe f\u00fcr jede \u00dcberhang- und Deckenstelle.<\/li>\n<\/ul>\n","protected":false},"featured_media":18275,"comment_status":"open","ping_status":"closed","template":"","meta":[],"product_brand":[],"product_cat":[418],"product_tag":[],"class_list":{"0":"post-16321","1":"product","2":"type-product","3":"status-publish","4":"has-post-thumbnail","6":"product_cat-klettergriffe","8":"first","9":"instock","10":"taxable","11":"shipping-taxable","12":"purchasable","13":"product-type-simple"},"_links":{"self":[{"href":"https:\/\/topholds.com\/de\/wp-json\/wp\/v2\/product\/16321","targetHints":{"allow":["GET"]}}],"collection":[{"href":"https:\/\/topholds.com\/de\/wp-json\/wp\/v2\/product"}],"about":[{"href":"https:\/\/topholds.com\/de\/wp-json\/wp\/v2\/types\/product"}],"replies":[{"embeddable":true,"href":"https:\/\/topholds.com\/de\/wp-json\/wp\/v2\/comments?post=16321"}],"wp:featuredmedia":[{"embeddable":true,"href":"https:\/\/topholds.com\/de\/wp-json\/wp\/v2\/media\/18275"}],"wp:attachment":[{"href":"https:\/\/topholds.com\/de\/wp-json\/wp\/v2\/media?parent=16321"}],"wp:term":[{"taxonomy":"product_brand","embeddable":true,"href":"https:\/\/topholds.com\/de\/wp-json\/wp\/v2\/product_brand?post=16321"},{"taxonomy":"product_cat","embeddable":true,"href":"https:\/\/topholds.com\/de\/wp-json\/wp\/v2\/product_cat?post=16321"},{"taxonomy":"product_tag","embeddable":true,"href":"https:\/\/topholds.com\/de\/wp-json\/wp\/v2\/product_tag?post=16321"}],"curies":[{"name":"wp","href":"https:\/\/api.w.org\/{rel}","templated":true}]}}