{"id":16326,"date":"2016-03-19T20:00:29","date_gmt":"2016-03-19T20:00:29","guid":{"rendered":"http:\/\/topholds.com\/regleta\/"},"modified":"2024-08-26T02:28:15","modified_gmt":"2024-08-26T02:28:15","slug":"regleta","status":"publish","type":"product","link":"https:\/\/topholds.com\/de\/angebot\/klettergriffe\/regleta\/","title":{"rendered":"Klettergriff-Paket Regleta"},"content":{"rendered":"<p><strong>Regleta ist ein Set aus 5 Klettergriffen mit dualer Textur<\/strong>, das eine gl\u00e4nzende Oberfl\u00e4che auf dem gesamten Griff bietet, mit Ausnahme der Kante.<\/p>\n<p>Dieses <em>Griffset<\/em> ist eine <strong>ideale und kosteng\u00fcnstige M\u00f6glichkeit, deine Kletterwand zu optimieren<\/strong>, da du sie mit herk\u00f6mmlichen Griffen kombinieren kannst, um eine gro\u00dfe Vielfalt an herausfordernden und anregenden Blockaden zu schaffen.<\/p>\n<p>Um eine sichere Befestigung zu gew\u00e4hrleisten, <strong>wird die Verwendung von Schrauben ben\u00f6tigt<\/strong>.<\/p>\n<p>Bitte beachte, dass die Farben des Produkts von dem abgebildeten Bild abweichen k\u00f6nnen. Wenn du eine spezifische Farbe w\u00fcnschst, z\u00f6gere nicht, uns zu kontaktieren.<\/p>\n","protected":false},"excerpt":{"rendered":"<ul>\n<li>Regleta ist ein Satz von 5 Klettergriffen.<\/li>\n<li>Dualer Textur.<\/li>\n<li>Der gesamte Griff ist gl\u00e4nzend, au\u00dfer der Kante.<\/li>\n<\/ul>\n","protected":false},"featured_media":5746,"comment_status":"open","ping_status":"closed","template":"","meta":[],"product_brand":[],"product_cat":[418],"product_tag":[],"class_list":{"0":"post-16326","1":"product","2":"type-product","3":"status-publish","4":"has-post-thumbnail","6":"product_cat-klettergriffe","8":"first","9":"instock","10":"taxable","11":"shipping-taxable","12":"purchasable","13":"product-type-simple"},"_links":{"self":[{"href":"https:\/\/topholds.com\/de\/wp-json\/wp\/v2\/product\/16326","targetHints":{"allow":["GET"]}}],"collection":[{"href":"https:\/\/topholds.com\/de\/wp-json\/wp\/v2\/product"}],"about":[{"href":"https:\/\/topholds.com\/de\/wp-json\/wp\/v2\/types\/product"}],"replies":[{"embeddable":true,"href":"https:\/\/topholds.com\/de\/wp-json\/wp\/v2\/comments?post=16326"}],"wp:featuredmedia":[{"embeddable":true,"href":"https:\/\/topholds.com\/de\/wp-json\/wp\/v2\/media\/5746"}],"wp:attachment":[{"href":"https:\/\/topholds.com\/de\/wp-json\/wp\/v2\/media?parent=16326"}],"wp:term":[{"taxonomy":"product_brand","embeddable":true,"href":"https:\/\/topholds.com\/de\/wp-json\/wp\/v2\/product_brand?post=16326"},{"taxonomy":"product_cat","embeddable":true,"href":"https:\/\/topholds.com\/de\/wp-json\/wp\/v2\/product_cat?post=16326"},{"taxonomy":"product_tag","embeddable":true,"href":"https:\/\/topholds.com\/de\/wp-json\/wp\/v2\/product_tag?post=16326"}],"curies":[{"name":"wp","href":"https:\/\/api.w.org\/{rel}","templated":true}]}}