{"id":16341,"date":"2016-03-20T10:15:48","date_gmt":"2016-03-20T10:15:48","guid":{"rendered":"http:\/\/topholds.com\/dario\/"},"modified":"2026-03-29T10:50:19","modified_gmt":"2026-03-29T10:50:19","slug":"dario","status":"publish","type":"product","link":"https:\/\/topholds.com\/de\/angebot\/klettergriffe\/dario\/","title":{"rendered":"Klettergriff-Paket Dario"},"content":{"rendered":"<p><strong>Dario ist ein Pack mit 3 Klettergriffen mit einer einzigartigen Pure Rock Textur<\/strong>, die Sandstein und ein tiefes Relief kombiniert, um ein Griffgef\u00fchl zu bieten, das der Natur m\u00f6glichst nahekommt.<\/p>\n<p>Diese Griffe sind so gestaltet, dass sie <strong>bequeme Griffe f\u00fcr eine oder beide H\u00e4nde<\/strong> bieten und die Vielseitigkeit deines Trainings erh\u00f6hen.<\/p>\n<p>Die Durchmesser der <strong>Griffe variieren zwischen 13 und 15 cm, und ihre H\u00f6he liegt zwischen 5,5 und 6,5 cm<\/strong>, was sie f\u00fcr Kletterer unterschiedlicher F\u00e4higkeitsstufen geeignet macht.<\/p>\n<p>Um eine sichere Befestigung zu gew\u00e4hrleisten, wird empfohlen, <strong>M10x40 oder M8x40 Schrauben<\/strong> zu verwenden. Dar\u00fcber hinaus verf\u00fcgen die Griffe \u00fcber zwei zus\u00e4tzliche L\u00f6cher f\u00fcr Holzschrauben, die zus\u00e4tzliche Stabilit\u00e4t bieten.<\/p>\n<p>Bitte beachte, dass die Farben des Produkts von dem gezeigten Bild abweichen k\u00f6nnen. Wenn du eine bestimmte Farbe w\u00fcnschst, z\u00f6gere nicht, uns zu kontaktieren.<\/p>\n","protected":false},"excerpt":{"rendered":"<ul>\n<li>Dario ist ein Set aus 3 Griffen mit Pure Rock Oberfl\u00e4che.<\/li>\n<li>Griff f\u00fcr eine oder beide H\u00e4nde.<\/li>\n<li>Durchmesser zwischen 13 und 15 cm und H\u00f6he zwischen 5,5 und 6,5 cm.<\/li>\n<li>Ausgestattet mit zwei zus\u00e4tzlichen L\u00f6chern f\u00fcr Schrauben.<\/li>\n<\/ul>\n<p>&nbsp;<\/p>\n","protected":false},"featured_media":18370,"comment_status":"open","ping_status":"closed","template":"","meta":[],"product_brand":[],"product_cat":[418],"product_tag":[],"class_list":{"0":"post-16341","1":"product","2":"type-product","3":"status-publish","4":"has-post-thumbnail","6":"product_cat-klettergriffe","8":"first","9":"instock","10":"taxable","11":"shipping-taxable","12":"purchasable","13":"product-type-simple"},"_links":{"self":[{"href":"https:\/\/topholds.com\/de\/wp-json\/wp\/v2\/product\/16341","targetHints":{"allow":["GET"]}}],"collection":[{"href":"https:\/\/topholds.com\/de\/wp-json\/wp\/v2\/product"}],"about":[{"href":"https:\/\/topholds.com\/de\/wp-json\/wp\/v2\/types\/product"}],"replies":[{"embeddable":true,"href":"https:\/\/topholds.com\/de\/wp-json\/wp\/v2\/comments?post=16341"}],"wp:featuredmedia":[{"embeddable":true,"href":"https:\/\/topholds.com\/de\/wp-json\/wp\/v2\/media\/18370"}],"wp:attachment":[{"href":"https:\/\/topholds.com\/de\/wp-json\/wp\/v2\/media?parent=16341"}],"wp:term":[{"taxonomy":"product_brand","embeddable":true,"href":"https:\/\/topholds.com\/de\/wp-json\/wp\/v2\/product_brand?post=16341"},{"taxonomy":"product_cat","embeddable":true,"href":"https:\/\/topholds.com\/de\/wp-json\/wp\/v2\/product_cat?post=16341"},{"taxonomy":"product_tag","embeddable":true,"href":"https:\/\/topholds.com\/de\/wp-json\/wp\/v2\/product_tag?post=16341"}],"curies":[{"name":"wp","href":"https:\/\/api.w.org\/{rel}","templated":true}]}}