{"id":16356,"date":"2016-03-20T14:19:53","date_gmt":"2016-03-20T14:19:53","guid":{"rendered":"http:\/\/topholds.com\/campus-12\/"},"modified":"2025-04-01T14:12:14","modified_gmt":"2025-04-01T14:12:14","slug":"campus-12","status":"publish","type":"product","link":"https:\/\/topholds.com\/de\/angebot\/hindernisparcours\/trainingc\/griffe\/campus-12\/","title":{"rendered":"Klettergriff Pinza Campus 12"},"content":{"rendered":"<p><strong>Pinza Campus ist ein Klettergriff<\/strong> f\u00fcr symmetrische Paneele oder zur Verwendung in deinem Campus, der Vielseitigkeit in deinem Klettertraining bietet.<\/p>\n<p>Mit einer weichen Sandsteinstextur bietet sie einen komfortablen und sicheren Halt. <strong>Durch das Drehen des Griffs kannst du breite Griffe<\/strong> aus verschiedenen Winkeln trainieren, was deine Technik und Kraft verbessert.<\/p>\n<p>Der perfekte Griff hat einen <strong>Durchmesser von 120 mm, eine Griffbreite von 65 mm und eine H\u00f6he von 60 mm<\/strong>, was ihn f\u00fcr Kletterer verschiedener F\u00e4higkeitsstufen geeignet macht.<\/p>\n<p>Es wird empfohlen, <strong>Schrauben M10x60 oder M8x60 zu verwenden, um den Griff zu sichern<\/strong>, und er verf\u00fcgt \u00fcber ein zus\u00e4tzliches Loch f\u00fcr eine Antidrehschraube, die w\u00e4hrend des Gebrauchs f\u00fcr Stabilit\u00e4t sorgt.<\/p>\n<p>Bitte beachte, dass die Farben des Produkts von dem abgebildeten Bild abweichen k\u00f6nnen. Wenn du eine bestimmte Farbe w\u00fcnschst, z\u00f6gere nicht, uns zu kontaktieren.<\/p>\n","protected":false},"excerpt":{"rendered":"<ul>\n<li>Ideal f\u00fcr symmetrische Platten oder um sie auf unserem Campus zu platzieren.<\/li>\n<li>Sanfte Sandsteintextur.<\/li>\n<li>Mit unterschiedlichen Rotationen k\u00f6nnen wir breite Griffe aus verschiedenen Winkeln trainieren.<\/li>\n<li>Perfekt stumpf mit einem Durchmesser von 120 mm, einer Griffbreite von 65 mm und einer H\u00f6he von 60 mm.<\/li>\n<li>Zus\u00e4tzliches Loch f\u00fcr eine Anti-Rotationsschraube.<\/li>\n<\/ul>\n","protected":false},"featured_media":18380,"comment_status":"open","ping_status":"closed","template":"","meta":[],"product_brand":[],"product_cat":[497,403,492,418,458],"product_tag":[],"class_list":{"0":"post-16356","1":"product","2":"type-product","3":"status-publish","4":"has-post-thumbnail","6":"product_cat-griffe","7":"product_cat-hindernisparcours","8":"product_cat-trainingc","9":"product_cat-klettergriffe","10":"product_cat-trainingss","12":"first","13":"instock","14":"taxable","15":"shipping-taxable","16":"purchasable","17":"product-type-simple"},"_links":{"self":[{"href":"https:\/\/topholds.com\/de\/wp-json\/wp\/v2\/product\/16356","targetHints":{"allow":["GET"]}}],"collection":[{"href":"https:\/\/topholds.com\/de\/wp-json\/wp\/v2\/product"}],"about":[{"href":"https:\/\/topholds.com\/de\/wp-json\/wp\/v2\/types\/product"}],"replies":[{"embeddable":true,"href":"https:\/\/topholds.com\/de\/wp-json\/wp\/v2\/comments?post=16356"}],"wp:featuredmedia":[{"embeddable":true,"href":"https:\/\/topholds.com\/de\/wp-json\/wp\/v2\/media\/18380"}],"wp:attachment":[{"href":"https:\/\/topholds.com\/de\/wp-json\/wp\/v2\/media?parent=16356"}],"wp:term":[{"taxonomy":"product_brand","embeddable":true,"href":"https:\/\/topholds.com\/de\/wp-json\/wp\/v2\/product_brand?post=16356"},{"taxonomy":"product_cat","embeddable":true,"href":"https:\/\/topholds.com\/de\/wp-json\/wp\/v2\/product_cat?post=16356"},{"taxonomy":"product_tag","embeddable":true,"href":"https:\/\/topholds.com\/de\/wp-json\/wp\/v2\/product_tag?post=16356"}],"curies":[{"name":"wp","href":"https:\/\/api.w.org\/{rel}","templated":true}]}}