{"id":16361,"date":"2016-03-20T16:30:26","date_gmt":"2016-03-20T16:30:26","guid":{"rendered":"http:\/\/topholds.com\/althea\/"},"modified":"2024-08-26T02:32:38","modified_gmt":"2024-08-26T02:32:38","slug":"althea","status":"publish","type":"product","link":"https:\/\/topholds.com\/de\/angebot\/hindernisparcours\/trainingc\/griffe\/althea\/","title":{"rendered":"Klettergriff Althea"},"content":{"rendered":"<p><strong>Althea ist ein Klettergriff<\/strong>, der ideal f\u00fcr symmetrische Panels ist, mit einer Sandsteintextur, die optimalen Halt bietet.<\/p>\n<p>Dieser perfekte Griff, <strong>mit einem Durchmesser von 120 mm, verf\u00fcgt auf einer Seite \u00fcber eine neutrale Kante mit 4 Fingern<\/strong> und auf der gegen\u00fcberliegenden Seite \u00fcber eine Kombination aus positiver und negativer Kante, was Vielseitigkeit f\u00fcr verschiedene F\u00e4higkeitsstufen bietet.<\/p>\n<p>Es wird empfohlen, <strong>M10x60 oder M8x60 Schrauben f\u00fcr eine sichere Befestigung zu verwenden<\/strong>, und er verf\u00fcgt \u00fcber ein zus\u00e4tzliches Loch f\u00fcr eine Anti-Blockier-Schraube, die die Stabilit\u00e4t des Griffs w\u00e4hrend der Nutzung gew\u00e4hrleistet.<\/p>\n<p>Bitte beachten Sie, dass die Farben des Produkts von dem gezeigten Bild abweichen k\u00f6nnen. Wenn Sie eine bestimmte Farbe w\u00fcnschen, z\u00f6gern Sie nicht, uns zu kontaktieren.<\/p>\n","protected":false},"excerpt":{"rendered":"<ul>\n<li>Althea ist ein idealer Klettergriff f\u00fcr symmetrische Panels.<\/li>\n<li>Sandstein-Oberfl\u00e4che.<\/li>\n<li>Perfekte Abflachung mit 120 mm Durchmesser.<\/li>\n<li>Neutrale Kante mit 4 Fingern auf der einen Seite und positiv\/negativ auf der gegen\u00fcberliegenden Seite.<\/li>\n<\/ul>\n","protected":false},"featured_media":18395,"comment_status":"open","ping_status":"closed","template":"","meta":[],"product_brand":[],"product_cat":[497,403,492,418,458],"product_tag":[],"class_list":{"0":"post-16361","1":"product","2":"type-product","3":"status-publish","4":"has-post-thumbnail","6":"product_cat-griffe","7":"product_cat-hindernisparcours","8":"product_cat-trainingc","9":"product_cat-klettergriffe","10":"product_cat-trainingss","12":"first","13":"instock","14":"taxable","15":"shipping-taxable","16":"purchasable","17":"product-type-simple"},"_links":{"self":[{"href":"https:\/\/topholds.com\/de\/wp-json\/wp\/v2\/product\/16361","targetHints":{"allow":["GET"]}}],"collection":[{"href":"https:\/\/topholds.com\/de\/wp-json\/wp\/v2\/product"}],"about":[{"href":"https:\/\/topholds.com\/de\/wp-json\/wp\/v2\/types\/product"}],"replies":[{"embeddable":true,"href":"https:\/\/topholds.com\/de\/wp-json\/wp\/v2\/comments?post=16361"}],"wp:featuredmedia":[{"embeddable":true,"href":"https:\/\/topholds.com\/de\/wp-json\/wp\/v2\/media\/18395"}],"wp:attachment":[{"href":"https:\/\/topholds.com\/de\/wp-json\/wp\/v2\/media?parent=16361"}],"wp:term":[{"taxonomy":"product_brand","embeddable":true,"href":"https:\/\/topholds.com\/de\/wp-json\/wp\/v2\/product_brand?post=16361"},{"taxonomy":"product_cat","embeddable":true,"href":"https:\/\/topholds.com\/de\/wp-json\/wp\/v2\/product_cat?post=16361"},{"taxonomy":"product_tag","embeddable":true,"href":"https:\/\/topholds.com\/de\/wp-json\/wp\/v2\/product_tag?post=16361"}],"curies":[{"name":"wp","href":"https:\/\/api.w.org\/{rel}","templated":true}]}}