{"id":16376,"date":"2016-03-22T17:54:43","date_gmt":"2016-03-22T17:54:43","guid":{"rendered":"http:\/\/topholds.com\/metall-sieb-innengewinde-m8\/"},"modified":"2024-08-26T02:34:39","modified_gmt":"2024-08-26T02:34:39","slug":"metall-sieb-innengewinde-m8","status":"publish","type":"product","link":"https:\/\/topholds.com\/de\/angebot\/befestigungen\/wandanker\/metall-sieb-innengewinde-m8\/","title":{"rendered":"Metall-Sieb mit Innengewinde M8"},"content":{"rendered":"<p>*<strong>Hochleistungs-Chemieankern und Innengewinde-Pilotbohrung M8<\/strong> f\u00fcr W\u00e4nde aus Beton, Stein oder massivem Ziegel.<\/p>\n<p>*<strong>Chemieankern und Innengewinde-Pilotbohrung M8<\/strong> mit zus\u00e4tzlicher Nylon-Pilotbohrung f\u00fcr W\u00e4nde aus Hohlblockziegel.<\/p>\n<p>Diese beiden vielseitigen L\u00f6sungen erm\u00f6glichen es dir, deine Klettergriffe mit totaler Sicherheit und Vertrauen an jeder Art von Wand zu installieren.<\/p>\n<p>Die Innengewinde-Pilotbohrung haftet fest an der Oberfl\u00e4che, sodass du <a href=\"https:\/\/topholds.com\/colocar-presas-de-escalada-en-una-pared-de-hormigon\/\">die Griffe abnehmen und wieder installieren<\/a> kannst, um die Routen zu \u00e4ndern oder Reinigungen durchzuf\u00fchren, ohne die Wand zu besch\u00e4digen, im Gegensatz zu anderen Befestigungssystemen.<\/p>\n<p>Wenn du Beratung ben\u00f6tigst, schau dir unser grafisches Tutorial in <a href=\"https:\/\/topholds.com\/blog\/\">unserem Blog<\/a> an oder kontaktiere uns f\u00fcr eine pers\u00f6nliche Beratung.<\/p>\n","protected":false},"excerpt":{"rendered":"<ul>\n<li>Metallgitter mit Innengewinde M8<\/li>\n<li>F\u00fcr Verankerungen mit chemischer D\u00fcse.<\/li>\n<li>Installiere deine Griffe an Hohl- oder Massivw\u00e4nden mit maximaler Sicherheit.<\/li>\n<\/ul>\n","protected":false},"featured_media":4414,"comment_status":"open","ping_status":"closed","template":"","meta":[],"product_brand":[],"product_cat":[419,469],"product_tag":[],"class_list":{"0":"post-16376","1":"product","2":"type-product","3":"status-publish","4":"has-post-thumbnail","6":"product_cat-befestigungen","7":"product_cat-wandanker","9":"first","10":"instock","11":"taxable","12":"shipping-taxable","13":"purchasable","14":"product-type-simple"},"_links":{"self":[{"href":"https:\/\/topholds.com\/de\/wp-json\/wp\/v2\/product\/16376","targetHints":{"allow":["GET"]}}],"collection":[{"href":"https:\/\/topholds.com\/de\/wp-json\/wp\/v2\/product"}],"about":[{"href":"https:\/\/topholds.com\/de\/wp-json\/wp\/v2\/types\/product"}],"replies":[{"embeddable":true,"href":"https:\/\/topholds.com\/de\/wp-json\/wp\/v2\/comments?post=16376"}],"wp:featuredmedia":[{"embeddable":true,"href":"https:\/\/topholds.com\/de\/wp-json\/wp\/v2\/media\/4414"}],"wp:attachment":[{"href":"https:\/\/topholds.com\/de\/wp-json\/wp\/v2\/media?parent=16376"}],"wp:term":[{"taxonomy":"product_brand","embeddable":true,"href":"https:\/\/topholds.com\/de\/wp-json\/wp\/v2\/product_brand?post=16376"},{"taxonomy":"product_cat","embeddable":true,"href":"https:\/\/topholds.com\/de\/wp-json\/wp\/v2\/product_cat?post=16376"},{"taxonomy":"product_tag","embeddable":true,"href":"https:\/\/topholds.com\/de\/wp-json\/wp\/v2\/product_tag?post=16376"}],"curies":[{"name":"wp","href":"https:\/\/api.w.org\/{rel}","templated":true}]}}