{"id":16381,"date":"2016-03-22T17:59:34","date_gmt":"2016-03-22T17:59:34","guid":{"rendered":"http:\/\/topholds.com\/metall-sieb-innengewinde-m10\/"},"modified":"2025-04-07T11:36:03","modified_gmt":"2025-04-07T11:36:03","slug":"metall-sieb-innengewinde-m10","status":"publish","type":"product","link":"https:\/\/topholds.com\/de\/angebot\/befestigungen\/wandanker\/metall-sieb-innengewinde-m10\/","title":{"rendered":"Metall-Sieb mit Innengewinde M10"},"content":{"rendered":"<p>*<strong>Hochbelastbarer chemischer D\u00fcbel und Innengewinde M10<\/strong> f\u00fcr W\u00e4nde aus Beton, Stein oder Vollziegel.<\/p>\n<p>*<strong>Chemischer D\u00fcbel und Innengewinde M10<\/strong> mit zus\u00e4tzlichem Nylon-Sieb f\u00fcr W\u00e4nde aus Hohlziegel.<\/p>\n<p>Diese beiden vielseitigen Kombinationen erm\u00f6glichen es dir, <strong>deine Klettergriffe an jeder Art von Wand<\/strong> mit vollst\u00e4ndiger Sicherheit und Vertrauen zu installieren.<\/p>\n<p>Dank des Innengewinde-Siebs sitzt der Anker fest an der Oberfl\u00e4che, was dir erm\u00f6glicht, <a href=\"https:\/\/topholds.com\/colocar-presas-de-escalada-en-una-pared-de-hormigon\/\">die Griffe abzubauen und wieder zu installieren<\/a>, um die Routen zu wechseln oder Wartungsarbeiten durchzuf\u00fchren, ohne Angst zu haben, die Wand zu besch\u00e4digen, im Gegensatz zu anderen Befestigungssystemen.<\/p>\n<p>Wenn du pers\u00f6nliche Beratung ben\u00f6tigst, z\u00f6gere nicht, uns zu kontaktieren.<\/p>\n<p>Sieh dir unser grafisches Tutorial in unserem Blog an, um detaillierte Installationsanweisungen zu erhalten.<\/p>\n","protected":false},"excerpt":{"rendered":"<ul>\n<li>Metallgitter mit Innengewinde M10.<\/li>\n<li>F\u00fcr Anker mit chemischem D\u00fcbel.<\/li>\n<li>Ideal zum Installieren von Klettergriffen an hohlen oder massiven W\u00e4nden.<\/li>\n<\/ul>\n<p>&nbsp;<\/p>\n<p>&nbsp;<\/p>\n<p>&nbsp;<\/p>\n","protected":false},"featured_media":4414,"comment_status":"open","ping_status":"closed","template":"","meta":[],"product_brand":[],"product_cat":[419,469],"product_tag":[],"class_list":{"0":"post-16381","1":"product","2":"type-product","3":"status-publish","4":"has-post-thumbnail","6":"product_cat-befestigungen","7":"product_cat-wandanker","9":"first","10":"instock","11":"taxable","12":"shipping-taxable","13":"purchasable","14":"product-type-simple"},"_links":{"self":[{"href":"https:\/\/topholds.com\/de\/wp-json\/wp\/v2\/product\/16381","targetHints":{"allow":["GET"]}}],"collection":[{"href":"https:\/\/topholds.com\/de\/wp-json\/wp\/v2\/product"}],"about":[{"href":"https:\/\/topholds.com\/de\/wp-json\/wp\/v2\/types\/product"}],"replies":[{"embeddable":true,"href":"https:\/\/topholds.com\/de\/wp-json\/wp\/v2\/comments?post=16381"}],"wp:featuredmedia":[{"embeddable":true,"href":"https:\/\/topholds.com\/de\/wp-json\/wp\/v2\/media\/4414"}],"wp:attachment":[{"href":"https:\/\/topholds.com\/de\/wp-json\/wp\/v2\/media?parent=16381"}],"wp:term":[{"taxonomy":"product_brand","embeddable":true,"href":"https:\/\/topholds.com\/de\/wp-json\/wp\/v2\/product_brand?post=16381"},{"taxonomy":"product_cat","embeddable":true,"href":"https:\/\/topholds.com\/de\/wp-json\/wp\/v2\/product_cat?post=16381"},{"taxonomy":"product_tag","embeddable":true,"href":"https:\/\/topholds.com\/de\/wp-json\/wp\/v2\/product_tag?post=16381"}],"curies":[{"name":"wp","href":"https:\/\/api.w.org\/{rel}","templated":true}]}}