{"id":16391,"date":"2016-03-25T19:57:10","date_gmt":"2016-03-25T19:57:10","guid":{"rendered":"http:\/\/topholds.com\/inbusschluessel-schraube-m8\/"},"modified":"2024-08-26T02:36:29","modified_gmt":"2024-08-26T02:36:29","slug":"inbusschluessel-schraube-m8","status":"publish","type":"product","link":"https:\/\/topholds.com\/de\/angebot\/zubehoer\/inbusschluessel\/inbusschluessel-schraube-m8\/","title":{"rendered":"Inbusschl\u00fcssel f\u00fcr Schraube M8"},"content":{"rendered":"<p><strong>Ergonomischer T-Griff Inbusschl\u00fcssel<\/strong>, ideal zum bequemen und effizienten Anziehen von Griffen mit M8-Schrauben.<\/p>\n<p>Der T-Griff <strong>bietet einen optimalen Halt<\/strong> und erm\u00f6glicht es, beim Anziehen der Schrauben mehr Kraft auszu\u00fcben.<\/p>\n<p>Er verf\u00fcgt \u00fcber ein praktisches Loch im Griff, <strong>ideal um ihn an deinem Gurt zu befestigen und immer griffbereit zu haben<\/strong> w\u00e4hrend deiner Klettersessions.<\/p>\n","protected":false},"excerpt":{"rendered":"<ul>\n<li>Inbusschl\u00fcssel mit ergonomischem T-Griff.<\/li>\n<li>Zum Anziehen von Schrauben mit M8-Gewinde.<\/li>\n<li>Ein Loch im Griff, ideal um ihn an unserem Harness aufzuh\u00e4ngen.<\/li>\n<\/ul>\n<p>&nbsp;<\/p>\n","protected":false},"featured_media":4760,"comment_status":"open","ping_status":"closed","template":"","meta":[],"product_brand":[],"product_cat":[419,482,467,421],"product_tag":[],"class_list":{"0":"post-16391","1":"product","2":"type-product","3":"status-publish","4":"has-post-thumbnail","6":"product_cat-befestigungen","7":"product_cat-inbusschluessel","8":"product_cat-innensechskantschrauben","9":"product_cat-zubehoer","10":"product_shipping_class-economy-versand","12":"first","13":"instock","14":"taxable","15":"shipping-taxable","16":"purchasable","17":"product-type-simple"},"_links":{"self":[{"href":"https:\/\/topholds.com\/de\/wp-json\/wp\/v2\/product\/16391","targetHints":{"allow":["GET"]}}],"collection":[{"href":"https:\/\/topholds.com\/de\/wp-json\/wp\/v2\/product"}],"about":[{"href":"https:\/\/topholds.com\/de\/wp-json\/wp\/v2\/types\/product"}],"replies":[{"embeddable":true,"href":"https:\/\/topholds.com\/de\/wp-json\/wp\/v2\/comments?post=16391"}],"wp:featuredmedia":[{"embeddable":true,"href":"https:\/\/topholds.com\/de\/wp-json\/wp\/v2\/media\/4760"}],"wp:attachment":[{"href":"https:\/\/topholds.com\/de\/wp-json\/wp\/v2\/media?parent=16391"}],"wp:term":[{"taxonomy":"product_brand","embeddable":true,"href":"https:\/\/topholds.com\/de\/wp-json\/wp\/v2\/product_brand?post=16391"},{"taxonomy":"product_cat","embeddable":true,"href":"https:\/\/topholds.com\/de\/wp-json\/wp\/v2\/product_cat?post=16391"},{"taxonomy":"product_tag","embeddable":true,"href":"https:\/\/topholds.com\/de\/wp-json\/wp\/v2\/product_tag?post=16391"}],"curies":[{"name":"wp","href":"https:\/\/api.w.org\/{rel}","templated":true}]}}