{"id":16396,"date":"2016-05-16T18:57:57","date_gmt":"2016-05-16T18:57:57","guid":{"rendered":"https:\/\/topholds.com\/happy\/"},"modified":"2024-08-26T02:37:09","modified_gmt":"2024-08-26T02:37:09","slug":"happy","status":"publish","type":"product","link":"https:\/\/topholds.com\/de\/angebot\/klettergriffe\/kinder\/happy\/","title":{"rendered":"Kinder-Klettergriff-Paket Happy"},"content":{"rendered":"<p><strong>Happy ist ein Set mit 3 Klettergriffen f\u00fcr Kinder<\/strong> mit einer sanften, sandartigen Textur, die darauf ausgelegt sind, den kleinen Kletterern \u00e4u\u00dferst bequeme Griffe zu bieten.<\/p>\n<p>Diese lustigen und bunten Griffe verleihen deiner <strong>Kletterwand einen Hauch von Freude und Unterhaltung<\/strong> und machen sie zu einem noch attraktiveren Ort f\u00fcr die Kinder.<\/p>\n<p>Bitte beachte, dass die Farben des Produkts von dem angezeigten Bild abweichen k\u00f6nnen, aber sie werden immer variiert sein. Wenn du eine bestimmte Farbe w\u00fcnschst, z\u00f6gere nicht, uns zu kontaktieren.<\/p>\n","protected":false},"excerpt":{"rendered":"<ul>\n<li>Happy ist eine Gruppe von 3 Kinderklettergriffen.<\/li>\n<li>Weiche Sandsteintextur.<\/li>\n<li>Sehr bequeme Griffe.<\/li>\n<\/ul>\n","protected":false},"featured_media":18420,"comment_status":"open","ping_status":"closed","template":"","meta":[],"product_brand":[],"product_cat":[457],"product_tag":[],"class_list":{"0":"post-16396","1":"product","2":"type-product","3":"status-publish","4":"has-post-thumbnail","6":"product_cat-kinder","8":"first","9":"instock","10":"sale","11":"taxable","12":"shipping-taxable","13":"purchasable","14":"product-type-simple"},"_links":{"self":[{"href":"https:\/\/topholds.com\/de\/wp-json\/wp\/v2\/product\/16396","targetHints":{"allow":["GET"]}}],"collection":[{"href":"https:\/\/topholds.com\/de\/wp-json\/wp\/v2\/product"}],"about":[{"href":"https:\/\/topholds.com\/de\/wp-json\/wp\/v2\/types\/product"}],"replies":[{"embeddable":true,"href":"https:\/\/topholds.com\/de\/wp-json\/wp\/v2\/comments?post=16396"}],"wp:featuredmedia":[{"embeddable":true,"href":"https:\/\/topholds.com\/de\/wp-json\/wp\/v2\/media\/18420"}],"wp:attachment":[{"href":"https:\/\/topholds.com\/de\/wp-json\/wp\/v2\/media?parent=16396"}],"wp:term":[{"taxonomy":"product_brand","embeddable":true,"href":"https:\/\/topholds.com\/de\/wp-json\/wp\/v2\/product_brand?post=16396"},{"taxonomy":"product_cat","embeddable":true,"href":"https:\/\/topholds.com\/de\/wp-json\/wp\/v2\/product_cat?post=16396"},{"taxonomy":"product_tag","embeddable":true,"href":"https:\/\/topholds.com\/de\/wp-json\/wp\/v2\/product_tag?post=16396"}],"curies":[{"name":"wp","href":"https:\/\/api.w.org\/{rel}","templated":true}]}}