{"id":16401,"date":"2016-05-16T19:13:52","date_gmt":"2016-05-16T19:13:52","guid":{"rendered":"https:\/\/topholds.com\/kindergriff-set\/"},"modified":"2025-01-22T08:15:55","modified_gmt":"2025-01-22T08:15:55","slug":"kindergriff-set","status":"publish","type":"product","link":"https:\/\/topholds.com\/de\/angebot\/klettergriffe\/kinder\/kindergriff-set\/","title":{"rendered":"Kindergriff-Set"},"content":{"rendered":"<p>Dieses <strong>Set von 41 Griffen<\/strong> ist speziell <strong>f\u00fcr kleine Kletterer<\/strong> entworfen und bietet scharfe und positive Griffe, die perfekt in ihre kleinen H\u00e4nde passen und optimalen Halt f\u00fcr die F\u00fc\u00dfe bieten, selbst mit Schuhen.<\/p>\n<p>Die Griffe verf\u00fcgen \u00fcber eine <strong>weiche und angenehme Oberfl\u00e4che<\/strong>, die eine sichere und komfortable Klettererfahrung f\u00fcr Kinder gew\u00e4hrleistet.<\/p>\n<p>F\u00fclle deine Kletterwand mit Farbe und Spa\u00df mit diesen lebhaften Griffen, die den Raum noch <strong>attraktiver und anregender f\u00fcr kleine Abenteurer<\/strong> machen.<\/p>\n<p>Um die Griffe an einer Platte von bis zu 19 mm Dicke zu installieren, empfehlen wir, <strong>41 M10x40 Innensechskant-Schrauben und 41 M10 Spinnenn\u00fcsse<\/strong> zu verwenden (es ist auch m\u00f6glich, M8-Schrauben und -Mutter zu verwenden).<\/p>\n<p>Wenn du die Griffe auf einer anderen Oberfl\u00e4che (Ziegel, Beton, Stein usw.) anbringen m\u00f6chtest, z\u00f6gere nicht, uns zu kontaktieren, um die richtige Beratung zu erhalten.<\/p>\n<p>Solltest du ein gr\u00f6\u00dferes oder kleineres Set ben\u00f6tigen, das besser zu deinen Anforderungen passt.<\/p>\n<p>Bitte beachte, dass die Farben des Produkts von dem gezeigten Bild abweichen k\u00f6nnen, aber immer vielf\u00e4ltig sein werden. Wenn du eine bestimmte Farbe w\u00fcnscht, z\u00f6gere bitte nicht, uns zu kontaktieren.<\/p>\n","protected":false},"excerpt":{"rendered":"<ul>\n<li>Set von 41 Klettergriffen f\u00fcr Kinder.<\/li>\n<li>Weiche Textur.<\/li>\n<li>Scharfe und positive Griffe, ideal f\u00fcr H\u00e4nde und F\u00fc\u00dfe.<\/li>\n<li>Bringt Farbe und Spa\u00df an die Kletterwand.<\/li>\n<li>Einfache Installation auf Platten mit bis zu 19 mm Dicke.<\/li>\n<\/ul>\n","protected":false},"featured_media":5336,"comment_status":"open","ping_status":"closed","template":"","meta":[],"product_brand":[],"product_cat":[457],"product_tag":[],"class_list":{"0":"post-16401","1":"product","2":"type-product","3":"status-publish","4":"has-post-thumbnail","6":"product_cat-kinder","8":"first","9":"instock","10":"sale","11":"featured","12":"taxable","13":"shipping-taxable","14":"purchasable","15":"product-type-simple"},"_links":{"self":[{"href":"https:\/\/topholds.com\/de\/wp-json\/wp\/v2\/product\/16401","targetHints":{"allow":["GET"]}}],"collection":[{"href":"https:\/\/topholds.com\/de\/wp-json\/wp\/v2\/product"}],"about":[{"href":"https:\/\/topholds.com\/de\/wp-json\/wp\/v2\/types\/product"}],"replies":[{"embeddable":true,"href":"https:\/\/topholds.com\/de\/wp-json\/wp\/v2\/comments?post=16401"}],"wp:featuredmedia":[{"embeddable":true,"href":"https:\/\/topholds.com\/de\/wp-json\/wp\/v2\/media\/5336"}],"wp:attachment":[{"href":"https:\/\/topholds.com\/de\/wp-json\/wp\/v2\/media?parent=16401"}],"wp:term":[{"taxonomy":"product_brand","embeddable":true,"href":"https:\/\/topholds.com\/de\/wp-json\/wp\/v2\/product_brand?post=16401"},{"taxonomy":"product_cat","embeddable":true,"href":"https:\/\/topholds.com\/de\/wp-json\/wp\/v2\/product_cat?post=16401"},{"taxonomy":"product_tag","embeddable":true,"href":"https:\/\/topholds.com\/de\/wp-json\/wp\/v2\/product_tag?post=16401"}],"curies":[{"name":"wp","href":"https:\/\/api.w.org\/{rel}","templated":true}]}}