{"id":16406,"date":"2016-05-25T20:48:16","date_gmt":"2016-05-25T20:48:16","guid":{"rendered":"https:\/\/topholds.com\/iris\/"},"modified":"2026-03-29T10:48:27","modified_gmt":"2026-03-29T10:48:27","slug":"iris","status":"publish","type":"product","link":"https:\/\/topholds.com\/de\/angebot\/klettergriffe\/kinder\/iris\/","title":{"rendered":"Klettergriff-Paket Iris"},"content":{"rendered":"<p><strong>Iris ist ein Set aus 6 Klettergriffen<\/strong> mit einer angenehmen Sandsteintextur, die speziell entwickelt wurden, um ein komfortables Klettererlebnis zu bieten.<\/p>\n<p>Diese Griffe verf\u00fcgen \u00fcber <strong hervorragende Griffe, wie sehr positive Leisten und L\u00f6cher, die besonders f\u00fcr kleine H\u00e4nde geeignet sind<\/strong>, was sie ideal f\u00fcr Kinder oder f\u00fcr diejenigen macht, die ihre ersten Schritte im Klettern machen.<\/p>\n<p>Um eine sichere und langlebige Installation an deiner Kletterwand zu gew\u00e4hrleisten, empfehlen wir <strong>die Verwendung von M10x40 (vorzugsweise) oder M8x40 Schrauben<\/strong> beim Montieren der Griffe.<\/p>\n<p>Es ist wichtig zu erw\u00e4hnen, dass die Farben der Griffe, die du erh\u00e4ltst, von denen auf dem Foto abweichen k\u00f6nnen. Diese Variation wird jedoch die Qualit\u00e4t oder die Leistung der Griffe nicht beeintr\u00e4chtigen, wodurch ein fesselndes und anregendes Klettererlebnis mit der IRIS-Kollektion garantiert wird.<\/p>\n","protected":false},"excerpt":{"rendered":"<ul>\n<li>Iris ist ein Satz von 6 Klettergriffen.<\/li>\n<li>Sandsteinstruktur.<\/li>\n<li>Sehr positive Leisten und Zangen f\u00fcr kleine H\u00e4nde.<\/li>\n<\/ul>\n","protected":false},"featured_media":18480,"comment_status":"open","ping_status":"closed","template":"","meta":[],"product_brand":[],"product_cat":[418,457],"product_tag":[],"class_list":{"0":"post-16406","1":"product","2":"type-product","3":"status-publish","4":"has-post-thumbnail","6":"product_cat-klettergriffe","7":"product_cat-kinder","9":"first","10":"instock","11":"taxable","12":"shipping-taxable","13":"purchasable","14":"product-type-simple"},"_links":{"self":[{"href":"https:\/\/topholds.com\/de\/wp-json\/wp\/v2\/product\/16406","targetHints":{"allow":["GET"]}}],"collection":[{"href":"https:\/\/topholds.com\/de\/wp-json\/wp\/v2\/product"}],"about":[{"href":"https:\/\/topholds.com\/de\/wp-json\/wp\/v2\/types\/product"}],"replies":[{"embeddable":true,"href":"https:\/\/topholds.com\/de\/wp-json\/wp\/v2\/comments?post=16406"}],"wp:featuredmedia":[{"embeddable":true,"href":"https:\/\/topholds.com\/de\/wp-json\/wp\/v2\/media\/18480"}],"wp:attachment":[{"href":"https:\/\/topholds.com\/de\/wp-json\/wp\/v2\/media?parent=16406"}],"wp:term":[{"taxonomy":"product_brand","embeddable":true,"href":"https:\/\/topholds.com\/de\/wp-json\/wp\/v2\/product_brand?post=16406"},{"taxonomy":"product_cat","embeddable":true,"href":"https:\/\/topholds.com\/de\/wp-json\/wp\/v2\/product_cat?post=16406"},{"taxonomy":"product_tag","embeddable":true,"href":"https:\/\/topholds.com\/de\/wp-json\/wp\/v2\/product_tag?post=16406"}],"curies":[{"name":"wp","href":"https:\/\/api.w.org\/{rel}","templated":true}]}}