{"id":16411,"date":"2016-05-25T20:55:26","date_gmt":"2016-05-25T20:55:26","guid":{"rendered":"https:\/\/topholds.com\/zinia\/"},"modified":"2025-03-19T08:57:12","modified_gmt":"2025-03-19T08:57:12","slug":"zinia","status":"publish","type":"product","link":"https:\/\/topholds.com\/de\/angebot\/klettergriffe\/zinia\/","title":{"rendered":"Klettergriff-Paket Zinia"},"content":{"rendered":"<p><strong>Zinia ist ein Set von 8 Klettergriffen<\/strong> mit einer sanften, sandigen Textur, die sowohl f\u00fcr Kinder als auch f\u00fcr Anf\u00e4nger im Klettern geeignet sind.<\/p>\n<p>Diese Griffe verf\u00fcgen \u00fcber Greiffl\u00e4chen in einer Schale, <strong>ideal f\u00fcr diejenigen, die mit dem Klettern beginnen<\/strong>. Wenn du sie jedoch umdrehst, findest du herausfordernde, flache Griffe mit unterschiedlichen H\u00f6hen, die perfekt f\u00fcr erfahrenere Kletterer sind.<\/p>\n<p>Zinia ist ein vielseitiges Set, <strong>geeignet f\u00fcr jede Art von \u00dcberhang<\/strong>, und passt sich einem breiten Spektrum an F\u00e4higkeiten und Vorlieben an.<\/p>\n<p>F\u00fcr eine sichere und langlebige Installation wird empfohlen, <strong>M10x40 Schrauben (vorzugsweise) oder M8x40<\/strong> zu verwenden. Dar\u00fcber hinaus ist jeder Griff mit einem <strong>Anti-Rotationsschraubenloch<\/strong> ausgestattet, was eine gr\u00f6\u00dfere Stabilit\u00e4t gew\u00e4hrleistet und unerw\u00fcnschte Bewegungen w\u00e4hrend der Nutzung verhindert.<\/p>\n<p>Bitte beachte, dass die Farben des Produkts von dem abgebildeten Bild abweichen k\u00f6nnen. Wenn du eine bestimmte Farbe w\u00fcnschst, z\u00f6gere nicht, uns zu kontaktieren.<\/p>\n","protected":false},"excerpt":{"rendered":"<ul>\n<li>Zinia ist ein Set von 8 Klettergriffen.<\/li>\n<li>Weiche Sandsteintextur.<\/li>\n<li>Sehr gute Griffe in der Schale.<\/li>\n<li>Ideal f\u00fcr Kinder oder Anf\u00e4nger.<\/li>\n<li>Alle mit einem Loch f\u00fcr die Anti-Drehschraube.<\/li>\n<\/ul>\n","protected":false},"featured_media":18500,"comment_status":"open","ping_status":"closed","template":"","meta":[],"product_brand":[],"product_cat":[418],"product_tag":[],"class_list":{"0":"post-16411","1":"product","2":"type-product","3":"status-publish","4":"has-post-thumbnail","6":"product_cat-klettergriffe","8":"first","9":"instock","10":"sale","11":"taxable","12":"shipping-taxable","13":"purchasable","14":"product-type-simple"},"_links":{"self":[{"href":"https:\/\/topholds.com\/de\/wp-json\/wp\/v2\/product\/16411","targetHints":{"allow":["GET"]}}],"collection":[{"href":"https:\/\/topholds.com\/de\/wp-json\/wp\/v2\/product"}],"about":[{"href":"https:\/\/topholds.com\/de\/wp-json\/wp\/v2\/types\/product"}],"replies":[{"embeddable":true,"href":"https:\/\/topholds.com\/de\/wp-json\/wp\/v2\/comments?post=16411"}],"wp:featuredmedia":[{"embeddable":true,"href":"https:\/\/topholds.com\/de\/wp-json\/wp\/v2\/media\/18500"}],"wp:attachment":[{"href":"https:\/\/topholds.com\/de\/wp-json\/wp\/v2\/media?parent=16411"}],"wp:term":[{"taxonomy":"product_brand","embeddable":true,"href":"https:\/\/topholds.com\/de\/wp-json\/wp\/v2\/product_brand?post=16411"},{"taxonomy":"product_cat","embeddable":true,"href":"https:\/\/topholds.com\/de\/wp-json\/wp\/v2\/product_cat?post=16411"},{"taxonomy":"product_tag","embeddable":true,"href":"https:\/\/topholds.com\/de\/wp-json\/wp\/v2\/product_tag?post=16411"}],"curies":[{"name":"wp","href":"https:\/\/api.w.org\/{rel}","templated":true}]}}