{"id":16426,"date":"2016-06-05T13:25:08","date_gmt":"2016-06-05T13:25:08","guid":{"rendered":"https:\/\/topholds.com\/adara\/"},"modified":"2024-08-26T02:40:55","modified_gmt":"2024-08-26T02:40:55","slug":"adara","status":"publish","type":"product","link":"https:\/\/topholds.com\/de\/angebot\/klettergriffe\/adara\/","title":{"rendered":"Klettergriff-Paket Adara"},"content":{"rendered":"<p><strong>Adara ist ein Set aus 8 Klettergriffen<\/strong> mit einer sehr weichen Sandsteinstruktur.<\/p>\n<p>F\u00fcr eine gute Montage an deiner Kletterwand wird empfohlen, <strong>M10x40-Schrauben (vorzugsweise) oder M8x40<\/strong> bei der Installation der Griffe zu verwenden.<\/p>\n<p>Jeder der Griffe verf\u00fcgt \u00fcber ein <strong>Anti-Rotationsschraubenloch<\/strong>, das mehr Stabilit\u00e4t bietet und unerw\u00fcnschte Bewegungen w\u00e4hrend der Nutzung verhindert, was eine optimale Leistung bei jedem Klettervorgang garantiert.<\/p>\n<p>Bitte beachte, dass die Farben des Produkts von dem angezeigten Bild abweichen k\u00f6nnen. Wenn du eine spezifische Farbe w\u00fcnschst, z\u00f6gere nicht, uns zu kontaktieren.<\/p>\n","protected":false},"excerpt":{"rendered":"<ul>\n<li>Adara ist ein Set mit 8 Klettergriffen.<\/li>\n<li>Sehr sanfte Sandstein-Oberfl\u00e4che.<\/li>\n<li>Alle Griffe haben ein Loch f\u00fcr Schrauben zur Verhinderung der Rotation.<\/li>\n<\/ul>\n","protected":false},"featured_media":18550,"comment_status":"open","ping_status":"closed","template":"","meta":[],"product_brand":[],"product_cat":[418],"product_tag":[],"class_list":{"0":"post-16426","1":"product","2":"type-product","3":"status-publish","4":"has-post-thumbnail","6":"product_cat-klettergriffe","8":"first","9":"instock","10":"taxable","11":"shipping-taxable","12":"purchasable","13":"product-type-simple"},"_links":{"self":[{"href":"https:\/\/topholds.com\/de\/wp-json\/wp\/v2\/product\/16426","targetHints":{"allow":["GET"]}}],"collection":[{"href":"https:\/\/topholds.com\/de\/wp-json\/wp\/v2\/product"}],"about":[{"href":"https:\/\/topholds.com\/de\/wp-json\/wp\/v2\/types\/product"}],"replies":[{"embeddable":true,"href":"https:\/\/topholds.com\/de\/wp-json\/wp\/v2\/comments?post=16426"}],"wp:featuredmedia":[{"embeddable":true,"href":"https:\/\/topholds.com\/de\/wp-json\/wp\/v2\/media\/18550"}],"wp:attachment":[{"href":"https:\/\/topholds.com\/de\/wp-json\/wp\/v2\/media?parent=16426"}],"wp:term":[{"taxonomy":"product_brand","embeddable":true,"href":"https:\/\/topholds.com\/de\/wp-json\/wp\/v2\/product_brand?post=16426"},{"taxonomy":"product_cat","embeddable":true,"href":"https:\/\/topholds.com\/de\/wp-json\/wp\/v2\/product_cat?post=16426"},{"taxonomy":"product_tag","embeddable":true,"href":"https:\/\/topholds.com\/de\/wp-json\/wp\/v2\/product_tag?post=16426"}],"curies":[{"name":"wp","href":"https:\/\/api.w.org\/{rel}","templated":true}]}}