{"id":16431,"date":"2016-06-05T13:34:07","date_gmt":"2016-06-05T13:34:07","guid":{"rendered":"https:\/\/topholds.com\/aurea\/"},"modified":"2024-09-25T14:05:45","modified_gmt":"2024-09-25T14:05:45","slug":"aurea","status":"publish","type":"product","link":"https:\/\/topholds.com\/de\/angebot\/klettergriffe\/kinder\/aurea\/","title":{"rendered":"Klettergriff-Paket Aurea"},"content":{"rendered":"<p><strong>Aurea ist ein Set von 12 Klettergriffen<\/strong> mit einer feinen Sandsteintextur, die ein extrem sanftes und angenehmes Gef\u00fchl bietet.<\/p>\n<p>Um eine solide und langlebige Installation an deiner Kletterwand zu gew\u00e4hrleisten, <strongempfehlen wir die Verwendung von Schrauben M10x40 (bevorzugt) oder M8x40<\/strong> beim Anbringen der Griffe.<\/p>\n<p>Bitte beachte, dass die Farben des Produkts von dem abgebildeten Bild abweichen k\u00f6nnen. Wenn du eine spezifische Farbe w\u00fcnschst, z\u00f6gere nicht, uns zu kontaktieren.<\/p>\n","protected":false},"excerpt":{"rendered":"<ul>\n<li>Aurea ist ein Satz von 12 Klettergriffen.<\/li>\n<li>Sehr glatte Sandsteintextur.<\/li>\n<\/ul>\n","protected":false},"featured_media":4836,"comment_status":"open","ping_status":"closed","template":"","meta":[],"product_brand":[],"product_cat":[418,457],"product_tag":[],"class_list":{"0":"post-16431","1":"product","2":"type-product","3":"status-publish","4":"has-post-thumbnail","6":"product_cat-klettergriffe","7":"product_cat-kinder","9":"first","10":"instock","11":"taxable","12":"shipping-taxable","13":"purchasable","14":"product-type-simple"},"_links":{"self":[{"href":"https:\/\/topholds.com\/de\/wp-json\/wp\/v2\/product\/16431","targetHints":{"allow":["GET"]}}],"collection":[{"href":"https:\/\/topholds.com\/de\/wp-json\/wp\/v2\/product"}],"about":[{"href":"https:\/\/topholds.com\/de\/wp-json\/wp\/v2\/types\/product"}],"replies":[{"embeddable":true,"href":"https:\/\/topholds.com\/de\/wp-json\/wp\/v2\/comments?post=16431"}],"wp:featuredmedia":[{"embeddable":true,"href":"https:\/\/topholds.com\/de\/wp-json\/wp\/v2\/media\/4836"}],"wp:attachment":[{"href":"https:\/\/topholds.com\/de\/wp-json\/wp\/v2\/media?parent=16431"}],"wp:term":[{"taxonomy":"product_brand","embeddable":true,"href":"https:\/\/topholds.com\/de\/wp-json\/wp\/v2\/product_brand?post=16431"},{"taxonomy":"product_cat","embeddable":true,"href":"https:\/\/topholds.com\/de\/wp-json\/wp\/v2\/product_cat?post=16431"},{"taxonomy":"product_tag","embeddable":true,"href":"https:\/\/topholds.com\/de\/wp-json\/wp\/v2\/product_tag?post=16431"}],"curies":[{"name":"wp","href":"https:\/\/api.w.org\/{rel}","templated":true}]}}