{"id":16436,"date":"2016-06-05T16:00:11","date_gmt":"2016-06-05T16:00:11","guid":{"rendered":"https:\/\/topholds.com\/kindergriff-set2\/"},"modified":"2025-12-02T08:39:53","modified_gmt":"2025-12-02T08:39:53","slug":"kindergriff-set2","status":"publish","type":"product","link":"https:\/\/topholds.com\/de\/angebot\/klettergriffe\/kinder\/kindergriff-set2\/","title":{"rendered":"Kindergriff-Set 2"},"content":{"rendered":"<p>Der <strong>Kindersets 2 besteht aus 58 Klettergriffen<\/strong>, die speziell f\u00fcr Kinder und Anf\u00e4nger in der Kletterwelt ausgew\u00e4hlt wurden.<\/p>\n<p>Jeder dieser Griffe wurde sorgf\u00e4ltig aufgrund seiner <strong>weichen Textur und der einfachen Handhabung<\/strong> ausgew\u00e4hlt, selbst f\u00fcr die kleinsten H\u00e4nde. Dar\u00fcber hinaus haben alle Griffe eine angemessene H\u00f6he, um das Abst\u00fctzen der F\u00fc\u00dfe zu erleichtern, insbesondere weil die meisten Kinder mit Kletterschuhen klettern.<\/p>\n<p>Diese <strong>bunten und unterhaltsamen Griffe werden deine Kletterwand mit Freude und Aufregung f\u00fcllen<\/strong> und sie f\u00fcr die kleinen Kletterer attraktiv machen. Obwohl die Farben von den in der Abbildung gezeigten abweichen k\u00f6nnen, sorgen wir daf\u00fcr, dass die Farbt\u00f6ne so vielf\u00e4ltig wie m\u00f6glich sind.<\/p>\n<p>F\u00fcr die Installation der Griffe an einer Platte von bis zu 19 mm empfehlen wir das &#8222;Set Anschl\u00e4ge f\u00fcr Kindersets 2&#8220;, das folgendes enth\u00e4lt:<\/p>\n<ul>\n<li>58 M10x40 Innensechskantschrauben<\/li>\n<li>58 M10 Unterlegscheiben (es k\u00f6nnten auch M8 Schrauben und Unterlegscheiben verwendet werden)<\/li>\n<\/ul>\n<p>Wenn du ein Set in gr\u00f6\u00dferer oder kleinerer Gr\u00f6\u00dfe ben\u00f6tigst, das auf deine spezifischen Bed\u00fcrfnisse zugeschnitten ist, z\u00f6gere nicht, uns zu kontaktieren.<\/p>\n<p>Wenn du die Griffe auf einer anderen Oberfl\u00e4che, wie Ziegel, Beton oder Stein, installieren m\u00f6chtest, kontaktiere uns bitte, und wir geben dir die notwendigen Informationen f\u00fcr eine sichere und effektive Installation.<\/p>\n","protected":false},"excerpt":{"rendered":"<ul>\n<li>Set von 58 Klettergriffen.<\/li>\n<li>Ideal f\u00fcr Kinder und Anf\u00e4nger.<\/li>\n<li>Weiche Textur sowie einfache Griffigkeit f\u00fcr Kinder.<\/li>\n<\/ul>\n","protected":false},"featured_media":5329,"comment_status":"open","ping_status":"closed","template":"","meta":[],"product_brand":[],"product_cat":[457],"product_tag":[],"class_list":{"0":"post-16436","1":"product","2":"type-product","3":"status-publish","4":"has-post-thumbnail","6":"product_cat-kinder","8":"first","9":"instock","10":"sale","11":"taxable","12":"shipping-taxable","13":"purchasable","14":"product-type-simple"},"_links":{"self":[{"href":"https:\/\/topholds.com\/de\/wp-json\/wp\/v2\/product\/16436","targetHints":{"allow":["GET"]}}],"collection":[{"href":"https:\/\/topholds.com\/de\/wp-json\/wp\/v2\/product"}],"about":[{"href":"https:\/\/topholds.com\/de\/wp-json\/wp\/v2\/types\/product"}],"replies":[{"embeddable":true,"href":"https:\/\/topholds.com\/de\/wp-json\/wp\/v2\/comments?post=16436"}],"wp:featuredmedia":[{"embeddable":true,"href":"https:\/\/topholds.com\/de\/wp-json\/wp\/v2\/media\/5329"}],"wp:attachment":[{"href":"https:\/\/topholds.com\/de\/wp-json\/wp\/v2\/media?parent=16436"}],"wp:term":[{"taxonomy":"product_brand","embeddable":true,"href":"https:\/\/topholds.com\/de\/wp-json\/wp\/v2\/product_brand?post=16436"},{"taxonomy":"product_cat","embeddable":true,"href":"https:\/\/topholds.com\/de\/wp-json\/wp\/v2\/product_cat?post=16436"},{"taxonomy":"product_tag","embeddable":true,"href":"https:\/\/topholds.com\/de\/wp-json\/wp\/v2\/product_tag?post=16436"}],"curies":[{"name":"wp","href":"https:\/\/api.w.org\/{rel}","templated":true}]}}