{"id":16441,"date":"2016-07-05T18:32:13","date_gmt":"2016-07-05T18:32:13","guid":{"rendered":"https:\/\/topholds.com\/einschlagmutter-m10\/"},"modified":"2024-08-26T02:42:34","modified_gmt":"2024-08-26T02:42:34","slug":"einschlagmutter-m10","status":"publish","type":"product","link":"https:\/\/topholds.com\/de\/angebot\/befestigungen\/muttern\/einschlagmutter-m10\/","title":{"rendered":"Einschlagmutter M10"},"content":{"rendered":"<p>Die <strong>Einsteckmutter f\u00fcr Schrauben M10<\/strong> ist ein essentielles Bauteil f\u00fcr deine Montageprojekte, das \u00fcber 3 L\u00f6cher verf\u00fcgt, die speziell zur Erleichterung der Befestigung mit Schrauben entwickelt wurden.<\/p>\n<p>Dank ihrer verzinkten Oberfl\u00e4che bietet diese Einsteckmutter einen besseren Schutz gegen Korrosion und Abnutzung, was ihre Lebensdauer verl\u00e4ngert und ihr Aussehen sowie ihre Funktionalit\u00e4t intakt h\u00e4lt.<\/p>\n","protected":false},"excerpt":{"rendered":"<ul>\n<li>Verzinkte Einstehnuss M10 mit 3 L\u00f6chern zum Verschrauben mit Holzschrauben.<\/li>\n<li>Verf\u00fcgbar in gro\u00dfen Mengen.<\/li>\n<\/ul>\n","protected":false},"featured_media":4872,"comment_status":"open","ping_status":"closed","template":"","meta":[],"product_brand":[],"product_cat":[419,468],"product_tag":[],"class_list":{"0":"post-16441","1":"product","2":"type-product","3":"status-publish","4":"has-post-thumbnail","6":"product_cat-befestigungen","7":"product_cat-muttern","9":"first","10":"instock","11":"taxable","12":"shipping-taxable","13":"purchasable","14":"product-type-simple"},"_links":{"self":[{"href":"https:\/\/topholds.com\/de\/wp-json\/wp\/v2\/product\/16441","targetHints":{"allow":["GET"]}}],"collection":[{"href":"https:\/\/topholds.com\/de\/wp-json\/wp\/v2\/product"}],"about":[{"href":"https:\/\/topholds.com\/de\/wp-json\/wp\/v2\/types\/product"}],"replies":[{"embeddable":true,"href":"https:\/\/topholds.com\/de\/wp-json\/wp\/v2\/comments?post=16441"}],"wp:featuredmedia":[{"embeddable":true,"href":"https:\/\/topholds.com\/de\/wp-json\/wp\/v2\/media\/4872"}],"wp:attachment":[{"href":"https:\/\/topholds.com\/de\/wp-json\/wp\/v2\/media?parent=16441"}],"wp:term":[{"taxonomy":"product_brand","embeddable":true,"href":"https:\/\/topholds.com\/de\/wp-json\/wp\/v2\/product_brand?post=16441"},{"taxonomy":"product_cat","embeddable":true,"href":"https:\/\/topholds.com\/de\/wp-json\/wp\/v2\/product_cat?post=16441"},{"taxonomy":"product_tag","embeddable":true,"href":"https:\/\/topholds.com\/de\/wp-json\/wp\/v2\/product_tag?post=16441"}],"curies":[{"name":"wp","href":"https:\/\/api.w.org\/{rel}","templated":true}]}}