{"id":16446,"date":"2016-07-23T19:40:59","date_gmt":"2016-07-23T19:40:59","guid":{"rendered":"https:\/\/topholds.com\/the-game\/"},"modified":"2024-08-26T02:43:10","modified_gmt":"2024-08-26T02:43:10","slug":"the-game","status":"publish","type":"product","link":"https:\/\/topholds.com\/de\/angebot\/klettergriffe\/kinder\/the-game\/","title":{"rendered":"Klettergriff-Paket The Game"},"content":{"rendered":"<p><strong>The Game ist ein Set aus 5 Klettergriffen<\/strong> mit einer sanften, sandsteinhaltigen Textur, die einen bequemen und sicheren Halt bietet.<\/p>\n<p>Dank ihrer sanften Textur und der einfachen Handhabung, die <strong>positive Griffe, neutrale Griffe und Zangen<\/strong> umfasst, sind diese <em>Griffe ideal, damit die Kleinsten Spa\u00df haben<\/em> und das Beste aus der Kletterwand herausholen k\u00f6nnen.<\/p>\n<p>F\u00fcr eine sichere und stabile Montage empfehlen wir, <strong>M10x40 (vorzugsweise) oder M8x40<\/strong> Schrauben beim Anbringen der Griffe an deiner Kletterwand zu verwenden.<\/p>\n<p>Jeder Griff ist <strong>mit einem Anti-Rotationsschraubenloch ausgestattet<\/strong>, das eine h\u00f6here Stabilit\u00e4t gew\u00e4hrleistet und unerw\u00fcnschte Bewegungen w\u00e4hrend der Nutzung verhindert.<\/p>\n<p>Bitte beachte, dass die Farben des Produkts von dem gezeigten Bild abweichen k\u00f6nnen. Wenn du eine bestimmte Farbe m\u00f6chtest, z\u00f6gere nicht, uns zu kontaktieren.<\/p>\n","protected":false},"excerpt":{"rendered":"<ul>\n<li>The Game ist ein Set aus 5 Klettergriffen.<\/li>\n<li>Sanftes Sandstein-Texture.<\/li>\n<li>Alle Griffe sind mit einem Loch f\u00fcr eine Anti-Rotationsschraube ausgestattet.<\/li>\n<li>Ideal, damit die Kleinen Spa\u00df in der Kletterhalle haben.<\/li>\n<\/ul>\n<p>&nbsp;<\/p>\n","protected":false},"featured_media":18565,"comment_status":"open","ping_status":"closed","template":"","meta":[],"product_brand":[],"product_cat":[418,457],"product_tag":[],"class_list":{"0":"post-16446","1":"product","2":"type-product","3":"status-publish","4":"has-post-thumbnail","6":"product_cat-klettergriffe","7":"product_cat-kinder","9":"first","10":"instock","11":"sale","12":"taxable","13":"shipping-taxable","14":"purchasable","15":"product-type-simple"},"_links":{"self":[{"href":"https:\/\/topholds.com\/de\/wp-json\/wp\/v2\/product\/16446","targetHints":{"allow":["GET"]}}],"collection":[{"href":"https:\/\/topholds.com\/de\/wp-json\/wp\/v2\/product"}],"about":[{"href":"https:\/\/topholds.com\/de\/wp-json\/wp\/v2\/types\/product"}],"replies":[{"embeddable":true,"href":"https:\/\/topholds.com\/de\/wp-json\/wp\/v2\/comments?post=16446"}],"wp:featuredmedia":[{"embeddable":true,"href":"https:\/\/topholds.com\/de\/wp-json\/wp\/v2\/media\/18565"}],"wp:attachment":[{"href":"https:\/\/topholds.com\/de\/wp-json\/wp\/v2\/media?parent=16446"}],"wp:term":[{"taxonomy":"product_brand","embeddable":true,"href":"https:\/\/topholds.com\/de\/wp-json\/wp\/v2\/product_brand?post=16446"},{"taxonomy":"product_cat","embeddable":true,"href":"https:\/\/topholds.com\/de\/wp-json\/wp\/v2\/product_cat?post=16446"},{"taxonomy":"product_tag","embeddable":true,"href":"https:\/\/topholds.com\/de\/wp-json\/wp\/v2\/product_tag?post=16446"}],"curies":[{"name":"wp","href":"https:\/\/api.w.org\/{rel}","templated":true}]}}