{"id":16456,"date":"2016-08-07T17:16:54","date_gmt":"2016-08-07T17:16:54","guid":{"rendered":"https:\/\/topholds.com\/climbing-tokyo\/"},"modified":"2024-08-26T02:44:32","modified_gmt":"2024-08-26T02:44:32","slug":"climbing-tokyo","status":"publish","type":"product","link":"https:\/\/topholds.com\/de\/angebot\/klettergriffe\/climbing-tokyo\/","title":{"rendered":"Klettergriff-Paket Climbing Tokyo"},"content":{"rendered":"<p>Climbing Tokyo ist ein <strong>Set aus 4 Klettergriffen<\/strong> mit sandstein\u00e4hnlicher Textur. Diese Griffe bieten einen herausfordernden und abwechslungsreichen Halt, der perfekt ist, um dein Klettererlebnis zu bereichern und sich an verschiedene F\u00e4higkeitslevels anzupassen.<\/p>\n<p>F\u00fcr eine solide und sichere Montage wird empfohlen, <strong>M10x40 Schrauben (vorzugsweise) oder M8x40<\/strong> bei der Installation der Griffe an deiner Kletterwand zu verwenden.<\/p>\n<p>Dar\u00fcber hinaus verf\u00fcgt jeder <strong>Griff \u00fcber ein Anti-Drehloch<\/strong>, das zus\u00e4tzliche Stabilit\u00e4t bietet und unerw\u00fcnschte Bewegungen w\u00e4hrend der Nutzung verhindert.<\/p>\n<p>Bitte beachte, dass die Farben des Produkts von dem angezeigten Bild abweichen k\u00f6nnen. Wenn du eine bestimmte Farbe w\u00fcnschst, z\u00f6gere nicht, uns zu kontaktieren.<\/p>\n","protected":false},"excerpt":{"rendered":"<ul>\n<li>Climbing Tokyo ist ein Set von 4 Klettergriffen.<\/li>\n<li>Sandsteinstruktur.<\/li>\n<li>Alle mit einem Loch f\u00fcr einen Anti-Rotationsschraube.<\/li>\n<\/ul>\n","protected":false},"featured_media":18600,"comment_status":"open","ping_status":"closed","template":"","meta":[],"product_brand":[],"product_cat":[418],"product_tag":[],"class_list":{"0":"post-16456","1":"product","2":"type-product","3":"status-publish","4":"has-post-thumbnail","6":"product_cat-klettergriffe","8":"first","9":"instock","10":"taxable","11":"shipping-taxable","12":"purchasable","13":"product-type-simple"},"_links":{"self":[{"href":"https:\/\/topholds.com\/de\/wp-json\/wp\/v2\/product\/16456","targetHints":{"allow":["GET"]}}],"collection":[{"href":"https:\/\/topholds.com\/de\/wp-json\/wp\/v2\/product"}],"about":[{"href":"https:\/\/topholds.com\/de\/wp-json\/wp\/v2\/types\/product"}],"replies":[{"embeddable":true,"href":"https:\/\/topholds.com\/de\/wp-json\/wp\/v2\/comments?post=16456"}],"wp:featuredmedia":[{"embeddable":true,"href":"https:\/\/topholds.com\/de\/wp-json\/wp\/v2\/media\/18600"}],"wp:attachment":[{"href":"https:\/\/topholds.com\/de\/wp-json\/wp\/v2\/media?parent=16456"}],"wp:term":[{"taxonomy":"product_brand","embeddable":true,"href":"https:\/\/topholds.com\/de\/wp-json\/wp\/v2\/product_brand?post=16456"},{"taxonomy":"product_cat","embeddable":true,"href":"https:\/\/topholds.com\/de\/wp-json\/wp\/v2\/product_cat?post=16456"},{"taxonomy":"product_tag","embeddable":true,"href":"https:\/\/topholds.com\/de\/wp-json\/wp\/v2\/product_tag?post=16456"}],"curies":[{"name":"wp","href":"https:\/\/api.w.org\/{rel}","templated":true}]}}