{"id":16466,"date":"2016-09-08T19:20:00","date_gmt":"2016-09-08T19:20:00","guid":{"rendered":"https:\/\/topholds.com\/acuario\/"},"modified":"2025-06-23T11:02:02","modified_gmt":"2025-06-23T11:02:02","slug":"acuario","status":"publish","type":"product","link":"https:\/\/topholds.com\/de\/angebot\/klettergriffe\/kinder\/acuario\/","title":{"rendered":"Klettergriff-Paket Aquarium"},"content":{"rendered":"<p>Acuario ist ein <strong>Pack mit 6 Klettergriffen<\/strong> mit einer sanften und glatten Textur, die darauf ausgelegt sind, ein einzigartiges Grifferlebnis zu bieten. Diese Auswahl an Griffen passt perfekt zu verschiedenen Schwierigkeitsgraden und Kletterstilen.<\/p>\n<p>F\u00fcr die Installation empfehlen wir die <strong>Verwendung von Schrauben M10x40 oder M8x40<\/strong>.<\/p>\n<p>Bitte beachte, dass die Farben des Produkts von dem gezeigten Bild abweichen k\u00f6nnen. Wenn du eine bestimmte Farbe w\u00fcnschst, z\u00f6gere nicht, uns zu kontaktieren.<\/p>\n","protected":false},"excerpt":{"rendered":"<ul>\n<li>Acuario ist ein Set aus 6 Klettergriffen.<\/li>\n<li>Glatte Textur.<\/li>\n<\/ul>\n","protected":false},"featured_media":18635,"comment_status":"open","ping_status":"closed","template":"","meta":[],"product_brand":[],"product_cat":[457],"product_tag":[],"class_list":{"0":"post-16466","1":"product","2":"type-product","3":"status-publish","4":"has-post-thumbnail","6":"product_cat-kinder","8":"first","9":"instock","10":"sale","11":"taxable","12":"shipping-taxable","13":"purchasable","14":"product-type-simple"},"_links":{"self":[{"href":"https:\/\/topholds.com\/de\/wp-json\/wp\/v2\/product\/16466","targetHints":{"allow":["GET"]}}],"collection":[{"href":"https:\/\/topholds.com\/de\/wp-json\/wp\/v2\/product"}],"about":[{"href":"https:\/\/topholds.com\/de\/wp-json\/wp\/v2\/types\/product"}],"replies":[{"embeddable":true,"href":"https:\/\/topholds.com\/de\/wp-json\/wp\/v2\/comments?post=16466"}],"wp:featuredmedia":[{"embeddable":true,"href":"https:\/\/topholds.com\/de\/wp-json\/wp\/v2\/media\/18635"}],"wp:attachment":[{"href":"https:\/\/topholds.com\/de\/wp-json\/wp\/v2\/media?parent=16466"}],"wp:term":[{"taxonomy":"product_brand","embeddable":true,"href":"https:\/\/topholds.com\/de\/wp-json\/wp\/v2\/product_brand?post=16466"},{"taxonomy":"product_cat","embeddable":true,"href":"https:\/\/topholds.com\/de\/wp-json\/wp\/v2\/product_cat?post=16466"},{"taxonomy":"product_tag","embeddable":true,"href":"https:\/\/topholds.com\/de\/wp-json\/wp\/v2\/product_tag?post=16466"}],"curies":[{"name":"wp","href":"https:\/\/api.w.org\/{rel}","templated":true}]}}