{"id":16476,"date":"2016-09-08T19:47:22","date_gmt":"2016-09-08T19:47:22","guid":{"rendered":"https:\/\/topholds.com\/schluesselanhaenger-bulder\/"},"modified":"2024-08-26T02:47:29","modified_gmt":"2024-08-26T02:47:29","slug":"schluesselanhaenger-bulder","status":"publish","type":"product","link":"https:\/\/topholds.com\/de\/angebot\/zubehoer\/schluesselanhaenger\/schluesselanhaenger-bulder\/","title":{"rendered":"Klettergriff Schl\u00fcsselanh\u00e4nger Bulder"},"content":{"rendered":"<p>Der <strong>Schl\u00fcsselanh\u00e4nger in Form eines Boulder-Klettergriffs<\/strong> wurde speziell f\u00fcr Kletter- und Abenteuerliebhaber entworfen.<\/p>\n<p>Dieses Accessoire ist nicht nur funktional, sondern <strong>weckt auch positive Emotionen jedes Mal, wenn du deine Schl\u00fcssel nimmst<\/strong>. Der perfekte Schl\u00fcsselanh\u00e4nger f\u00fcr alle, die das Feuer des Abenteuers jederzeit am Leben erhalten m\u00f6chten.<\/p>\n<p>Bitte beachten Sie, dass die Farben des Produkts von dem abgebildeten Bild abweichen k\u00f6nnen. Wenn Sie eine spezifische Farbe w\u00fcnschen, z\u00f6gern Sie nicht, uns zu kontaktieren.<\/p>\n","protected":false},"excerpt":{"rendered":"<ul>\n<li>Schl\u00fcsselanh\u00e4nger in Form eines Klettergriffs.<\/li>\n<\/ul>\n","protected":false},"featured_media":18660,"comment_status":"open","ping_status":"closed","template":"","meta":[],"product_brand":[],"product_cat":[481,421],"product_tag":[],"class_list":{"0":"post-16476","1":"product","2":"type-product","3":"status-publish","4":"has-post-thumbnail","6":"product_cat-schluesselanhaenger","7":"product_cat-zubehoer","9":"first","10":"outofstock","11":"taxable","12":"shipping-taxable","13":"purchasable","14":"product-type-simple"},"_links":{"self":[{"href":"https:\/\/topholds.com\/de\/wp-json\/wp\/v2\/product\/16476","targetHints":{"allow":["GET"]}}],"collection":[{"href":"https:\/\/topholds.com\/de\/wp-json\/wp\/v2\/product"}],"about":[{"href":"https:\/\/topholds.com\/de\/wp-json\/wp\/v2\/types\/product"}],"replies":[{"embeddable":true,"href":"https:\/\/topholds.com\/de\/wp-json\/wp\/v2\/comments?post=16476"}],"wp:featuredmedia":[{"embeddable":true,"href":"https:\/\/topholds.com\/de\/wp-json\/wp\/v2\/media\/18660"}],"wp:attachment":[{"href":"https:\/\/topholds.com\/de\/wp-json\/wp\/v2\/media?parent=16476"}],"wp:term":[{"taxonomy":"product_brand","embeddable":true,"href":"https:\/\/topholds.com\/de\/wp-json\/wp\/v2\/product_brand?post=16476"},{"taxonomy":"product_cat","embeddable":true,"href":"https:\/\/topholds.com\/de\/wp-json\/wp\/v2\/product_cat?post=16476"},{"taxonomy":"product_tag","embeddable":true,"href":"https:\/\/topholds.com\/de\/wp-json\/wp\/v2\/product_tag?post=16476"}],"curies":[{"name":"wp","href":"https:\/\/api.w.org\/{rel}","templated":true}]}}