{"id":16486,"date":"2016-10-15T21:51:57","date_gmt":"2016-10-15T21:51:57","guid":{"rendered":"https:\/\/topholds.com\/oferta\/presas-escalada\/angle-copiar\/caprichos\/"},"modified":"2024-08-26T02:50:34","modified_gmt":"2024-08-26T02:50:34","slug":"caprichos","status":"publish","type":"product","link":"https:\/\/topholds.com\/de\/angebot\/klettergriffe\/caprichos\/","title":{"rendered":"Klettergriff-Paket Caprichos"},"content":{"rendered":"<p><strong>Caprichos ist ein Set aus 8 Klettergriffen<\/strong> mit einer sanften, angenehmen Sandsteinstextur.<\/p>\n<p>Diese Auswahl an <strong>Griffen umfasst positive und neutrale Kanten<\/strong>, die eine gro\u00dfe Vielfalt an Haltepositionen und Herausforderungen f\u00fcr Kletterer aller Niveaus garantieren.<\/p>\n<p>Um diese Griffe optimal zu installieren, wird empfohlen, <strong>M10x40 oder M8x40 Schrauben<\/strong> zu verwenden, um eine solide und dauerhafte Befestigung an deiner Kletterwand zu gew\u00e4hrleisten.<\/p>\n<p>Bitte beachte, dass die Farben des Produkts von dem angezeigten Bild abweichen k\u00f6nnen. Wenn du eine spezifische Farbe w\u00fcnschst, z\u00f6gere nicht, uns zu kontaktieren.<\/p>\n","protected":false},"excerpt":{"rendered":"<ul>\n<li>Caprichos ist ein Set aus 8 Klettergriffen.<\/li>\n<li>Weiche Sandsteintextur.<\/li>\n<li>Positive und neutrale Kanten.<\/li>\n<\/ul>\n","protected":false},"featured_media":18675,"comment_status":"open","ping_status":"closed","template":"","meta":[],"product_brand":[],"product_cat":[418],"product_tag":[],"class_list":{"0":"post-16486","1":"product","2":"type-product","3":"status-publish","4":"has-post-thumbnail","6":"product_cat-klettergriffe","8":"first","9":"instock","10":"taxable","11":"shipping-taxable","12":"purchasable","13":"product-type-simple"},"_links":{"self":[{"href":"https:\/\/topholds.com\/de\/wp-json\/wp\/v2\/product\/16486","targetHints":{"allow":["GET"]}}],"collection":[{"href":"https:\/\/topholds.com\/de\/wp-json\/wp\/v2\/product"}],"about":[{"href":"https:\/\/topholds.com\/de\/wp-json\/wp\/v2\/types\/product"}],"replies":[{"embeddable":true,"href":"https:\/\/topholds.com\/de\/wp-json\/wp\/v2\/comments?post=16486"}],"wp:featuredmedia":[{"embeddable":true,"href":"https:\/\/topholds.com\/de\/wp-json\/wp\/v2\/media\/18675"}],"wp:attachment":[{"href":"https:\/\/topholds.com\/de\/wp-json\/wp\/v2\/media?parent=16486"}],"wp:term":[{"taxonomy":"product_brand","embeddable":true,"href":"https:\/\/topholds.com\/de\/wp-json\/wp\/v2\/product_brand?post=16486"},{"taxonomy":"product_cat","embeddable":true,"href":"https:\/\/topholds.com\/de\/wp-json\/wp\/v2\/product_cat?post=16486"},{"taxonomy":"product_tag","embeddable":true,"href":"https:\/\/topholds.com\/de\/wp-json\/wp\/v2\/product_tag?post=16486"}],"curies":[{"name":"wp","href":"https:\/\/api.w.org\/{rel}","templated":true}]}}