{"id":16491,"date":"2016-10-15T22:31:21","date_gmt":"2016-10-15T22:31:21","guid":{"rendered":"https:\/\/topholds.com\/oferta\/presas-escalada\/lote-presas-bebe\/babygriff-set\/"},"modified":"2026-03-29T10:47:30","modified_gmt":"2026-03-29T10:47:30","slug":"babygriff-set","status":"publish","type":"product","link":"https:\/\/topholds.com\/de\/angebot\/klettergriffe\/kinder\/babygriff-set\/","title":{"rendered":"Babygriff-Set"},"content":{"rendered":"<p>Das <strong>Set von Klettergriffen f\u00fcr Babys enth\u00e4lt 19 Klettergriffe<\/strong> mit einer glatten Textur, die speziell aufgrund ihrer <strong>Ergonomie f\u00fcr die kleinen H\u00e4nde von Babys<\/strong> ausgew\u00e4hlt wurden.<\/p>\n<p>F\u00fcge Farbe und Spa\u00df zu deiner Kletterwand hinzu und schaffe eine ansprechende und stimulierende Umgebung f\u00fcr junge Kletterer.<\/p>\n<p>F\u00fcr die <strong>Montage der Griffe auf einer Platte von bis zu 19 mm<\/strong> wird das folgende Anker-Kit empfohlen (siehe &#8222;Set Anker f\u00fcr Set Klettergriffe f\u00fcr Babys&#8220;):<\/p>\n<ul>\n<li>19 M10x40 Inbusschrauben<\/li>\n<li>19 M10 Fl\u00fcgelmuttern (es k\u00f6nnen auch M8 Schrauben und Muttern verwendet werden)<\/li>\n<\/ul>\n<p>Wenn du die Griffe auf anderen Oberfl\u00e4chen wie Ziegel, Beton oder Stein anbringen m\u00f6chtest, z\u00f6gere nicht, uns zu kontaktieren, um die beste Montagesl\u00f6sung zu erhalten.<\/p>\n<p>Wenn du ein Set in einer anderen Gr\u00f6\u00dfe ben\u00f6tigst, kontaktiere uns und wir helfen dir gerne, ein individuelles Set nach deinen Bed\u00fcrfnissen zu erstellen.<\/p>\n<p>Bitte beachte, dass die Farben des Produkts von der abgebildeten Anzeige abweichen k\u00f6nnen, aber immer abwechslungsreich sind. Wenn du eine bestimmte Farbe w\u00fcnschst, z\u00f6gere nicht, uns zu kontaktieren.<\/p>\n","protected":false},"excerpt":{"rendered":"<ul>\n<li>Regt das Interesse und den Spa\u00df der Babys beim Klettern an.<\/li>\n<li>Speziell f\u00fcr kleine H\u00e4nde entwickelt.<\/li>\n<li>Sanfte und kinderfreundliche Textur.<\/li>\n<li>Einfacher Aufbau.<\/li>\n<\/ul>\n","protected":false},"featured_media":18695,"comment_status":"open","ping_status":"closed","template":"","meta":[],"product_brand":[],"product_cat":[457],"product_tag":[],"class_list":{"0":"post-16491","1":"product","2":"type-product","3":"status-publish","4":"has-post-thumbnail","6":"product_cat-kinder","8":"first","9":"instock","10":"taxable","11":"shipping-taxable","12":"purchasable","13":"product-type-simple"},"_links":{"self":[{"href":"https:\/\/topholds.com\/de\/wp-json\/wp\/v2\/product\/16491","targetHints":{"allow":["GET"]}}],"collection":[{"href":"https:\/\/topholds.com\/de\/wp-json\/wp\/v2\/product"}],"about":[{"href":"https:\/\/topholds.com\/de\/wp-json\/wp\/v2\/types\/product"}],"replies":[{"embeddable":true,"href":"https:\/\/topholds.com\/de\/wp-json\/wp\/v2\/comments?post=16491"}],"wp:featuredmedia":[{"embeddable":true,"href":"https:\/\/topholds.com\/de\/wp-json\/wp\/v2\/media\/18695"}],"wp:attachment":[{"href":"https:\/\/topholds.com\/de\/wp-json\/wp\/v2\/media?parent=16491"}],"wp:term":[{"taxonomy":"product_brand","embeddable":true,"href":"https:\/\/topholds.com\/de\/wp-json\/wp\/v2\/product_brand?post=16491"},{"taxonomy":"product_cat","embeddable":true,"href":"https:\/\/topholds.com\/de\/wp-json\/wp\/v2\/product_cat?post=16491"},{"taxonomy":"product_tag","embeddable":true,"href":"https:\/\/topholds.com\/de\/wp-json\/wp\/v2\/product_tag?post=16491"}],"curies":[{"name":"wp","href":"https:\/\/api.w.org\/{rel}","templated":true}]}}