{"id":16496,"date":"2016-11-01T14:35:17","date_gmt":"2016-11-01T14:35:17","guid":{"rendered":"https:\/\/topholds.com\/oferta\/presas-escalada\/crono\/crono\/"},"modified":"2024-08-26T02:52:29","modified_gmt":"2024-08-26T02:52:29","slug":"crono","status":"publish","type":"product","link":"https:\/\/topholds.com\/de\/angebot\/klettergriffe\/crono\/","title":{"rendered":"Klettergriff-Paket Crono"},"content":{"rendered":"<p><strong>Crono ist ein Set aus 6 Klettergriffen<\/strong> mit einer sandsteinartigen Textur, die sich an verschiedene Stile und K\u00f6nnensniveaus anpassen lassen.<\/p>\n<p>Es wird empfohlen, <strong>M10x40 oder M8x40 Schrauben<\/strong> zu verwenden, um eine sichere und dauerhafte Installation an deiner Kletterwand zu gew\u00e4hrleisten.<\/p>\n<p>Jeder Griff verf\u00fcgt \u00fcber ein <strong>Anti-Rotationsschraubenloch<\/strong>, das zus\u00e4tzliche Stabilit\u00e4t bietet und unerw\u00fcnschte Bewegungen w\u00e4hrend der Benutzung verhindert.<\/p>\n<p>Bitte beachte, dass die Farben des Produkts von dem abgebildeten Bild abweichen k\u00f6nnen. Wenn du eine bestimmte Farbe w\u00fcnschst, z\u00f6gere nicht, uns zu kontaktieren.<\/p>\n","protected":false},"excerpt":{"rendered":"<ul>\n<li>Crono ist ein Set mit 6 Klettergriffen.<\/li>\n<li>Sandstein-Textur.<\/li>\n<li>Alle Griffe sind mit einem Loch f\u00fcr eine Anti-Drehschraube ausgestattet.<\/li>\n<\/ul>\n<p>&nbsp;<\/p>\n<p>&nbsp;<\/p>\n","protected":false},"featured_media":18560,"comment_status":"open","ping_status":"closed","template":"","meta":[],"product_brand":[],"product_cat":[418],"product_tag":[],"class_list":{"0":"post-16496","1":"product","2":"type-product","3":"status-publish","4":"has-post-thumbnail","6":"product_cat-klettergriffe","8":"first","9":"instock","10":"sale","11":"taxable","12":"shipping-taxable","13":"purchasable","14":"product-type-simple"},"_links":{"self":[{"href":"https:\/\/topholds.com\/de\/wp-json\/wp\/v2\/product\/16496","targetHints":{"allow":["GET"]}}],"collection":[{"href":"https:\/\/topholds.com\/de\/wp-json\/wp\/v2\/product"}],"about":[{"href":"https:\/\/topholds.com\/de\/wp-json\/wp\/v2\/types\/product"}],"replies":[{"embeddable":true,"href":"https:\/\/topholds.com\/de\/wp-json\/wp\/v2\/comments?post=16496"}],"wp:featuredmedia":[{"embeddable":true,"href":"https:\/\/topholds.com\/de\/wp-json\/wp\/v2\/media\/18560"}],"wp:attachment":[{"href":"https:\/\/topholds.com\/de\/wp-json\/wp\/v2\/media?parent=16496"}],"wp:term":[{"taxonomy":"product_brand","embeddable":true,"href":"https:\/\/topholds.com\/de\/wp-json\/wp\/v2\/product_brand?post=16496"},{"taxonomy":"product_cat","embeddable":true,"href":"https:\/\/topholds.com\/de\/wp-json\/wp\/v2\/product_cat?post=16496"},{"taxonomy":"product_tag","embeddable":true,"href":"https:\/\/topholds.com\/de\/wp-json\/wp\/v2\/product_tag?post=16496"}],"curies":[{"name":"wp","href":"https:\/\/api.w.org\/{rel}","templated":true}]}}