{"id":16506,"date":"2016-11-01T17:01:32","date_gmt":"2016-11-01T17:01:32","guid":{"rendered":"https:\/\/topholds.com\/oferta\/presas-escalada\/keops\/keops\/"},"modified":"2024-08-26T02:54:48","modified_gmt":"2024-08-26T02:54:48","slug":"keops","status":"publish","type":"product","link":"https:\/\/topholds.com\/de\/angebot\/klettergriffe\/keops\/","title":{"rendered":"Klettergriff-Paket Keops"},"content":{"rendered":"<p><strong>Keops ist ein Set aus 3 polygonalen Klettergriffen<\/strong>, das sich durch seine vielf\u00e4ltigen Winkel und die Sandsteintextur auszeichnet, die darauf ausgelegt ist, dein Klettertraining zu bereichern und herauszufordern.<\/p>\n<p>Die Sandsteintextur der <strong>Keops-Griffe bietet hervorragenden Halt und ein authentisches Gef\u00fchl<\/strong> w\u00e4hrend des Kletterns.<\/p>\n<p>Es wird empfohlen, <strong>M10x40 oder M8x40 Schrauben<\/strong> zu verwenden, um eine solide und dauerhafte Befestigung zu gew\u00e4hrleisten. Dar\u00fcber hinaus verf\u00fcgt jeder Griff \u00fcber ein Loch f\u00fcr eine Anti-Rotations-Schraube, die zus\u00e4tzliche Stabilit\u00e4t und Sicherheit bei der Verwendung bietet.<\/p>\n<p>Bitte beachte, dass die Farben des Produkts von dem auf dem Bild dargestellten abweichen k\u00f6nnen. Wenn du eine bestimmte Farbe w\u00fcnschst, z\u00f6gere nicht, uns zu kontaktieren.<\/p>\n","protected":false},"excerpt":{"rendered":"<ul>\n<li>Keops ist ein Set aus 3 polyedrischen Klettergriffen mit unterschiedlichen Winkeln.<\/li>\n<li>Sandstein-textur.<\/li>\n<li>Alle Griffe sind mit einem Loch f\u00fcr eine Antidrehschraube ausgestattet.<\/li>\n<\/ul>\n<p>&nbsp;<\/p>\n","protected":false},"featured_media":5050,"comment_status":"open","ping_status":"closed","template":"","meta":[],"product_brand":[],"product_cat":[418],"product_tag":[],"class_list":{"0":"post-16506","1":"product","2":"type-product","3":"status-publish","4":"has-post-thumbnail","6":"product_cat-klettergriffe","8":"first","9":"instock","10":"taxable","11":"shipping-taxable","12":"purchasable","13":"product-type-simple"},"_links":{"self":[{"href":"https:\/\/topholds.com\/de\/wp-json\/wp\/v2\/product\/16506","targetHints":{"allow":["GET"]}}],"collection":[{"href":"https:\/\/topholds.com\/de\/wp-json\/wp\/v2\/product"}],"about":[{"href":"https:\/\/topholds.com\/de\/wp-json\/wp\/v2\/types\/product"}],"replies":[{"embeddable":true,"href":"https:\/\/topholds.com\/de\/wp-json\/wp\/v2\/comments?post=16506"}],"wp:featuredmedia":[{"embeddable":true,"href":"https:\/\/topholds.com\/de\/wp-json\/wp\/v2\/media\/5050"}],"wp:attachment":[{"href":"https:\/\/topholds.com\/de\/wp-json\/wp\/v2\/media?parent=16506"}],"wp:term":[{"taxonomy":"product_brand","embeddable":true,"href":"https:\/\/topholds.com\/de\/wp-json\/wp\/v2\/product_brand?post=16506"},{"taxonomy":"product_cat","embeddable":true,"href":"https:\/\/topholds.com\/de\/wp-json\/wp\/v2\/product_cat?post=16506"},{"taxonomy":"product_tag","embeddable":true,"href":"https:\/\/topholds.com\/de\/wp-json\/wp\/v2\/product_tag?post=16506"}],"curies":[{"name":"wp","href":"https:\/\/api.w.org\/{rel}","templated":true}]}}