{"id":16516,"date":"2016-11-01T17:18:18","date_gmt":"2016-11-01T17:18:18","guid":{"rendered":"https:\/\/topholds.com\/oferta\/presas-escalada\/hiperion\/hiperion\/"},"modified":"2024-11-19T09:51:35","modified_gmt":"2024-11-19T09:51:35","slug":"hiperion","status":"publish","type":"product","link":"https:\/\/topholds.com\/de\/angebot\/klettergriffe\/hiperion\/","title":{"rendered":"Klettergriff Hyperion"},"content":{"rendered":"<p><strong>Hiperion ist ein sehr vielseitiger Klettergriff<\/strong>, mit <strong>mehreren Griffm\u00f6glichkeiten f\u00fcr eine oder zwei H\u00e4nde<\/strong>, anpassbar an jede \u00dcberhangsituation und entworfen, um dein Klettertraining zu bereichern.<\/p>\n<p>Durch einfaches Drehen des <em>Hiperion-Griffs<\/em> erh\u00e4ltst du eine <strong>v\u00f6llig andere Grifferfahrung<\/strong>, die es dir erm\u00f6glicht, neue M\u00f6glichkeiten und Herausforderungen in deinen Klettersitzungen zu erkunden.<\/p>\n<p>Die sandige Textur des Hiperion <strong>bietet optimalen Halt und ein realistisches Gef\u00fchl<\/strong> w\u00e4hrend des Kletterns.<\/p>\n<p>Mit den Ma\u00dfen 300 x 100 x 105 mm bietet der Hiperion-Griff eine geeignete Gr\u00f6\u00dfe, um sich verschiedenen Kletterstilen und -techniken anzupassen.<\/p>\n<p>F\u00fcr die Installation wird empfohlen, <strong>M10x50 oder M8x50 Schrauben<\/strong> zu verwenden. Dar\u00fcber hinaus verf\u00fcgt der Griff \u00fcber zwei zus\u00e4tzliche L\u00f6cher f\u00fcr Senkkopfschrauben.<\/p>\n<p>Bitte beachte, dass die Farben des Produkts von dem dargestellten Bild abweichen k\u00f6nnen. Wenn du eine bestimmte Farbe w\u00fcnschst, z\u00f6gere nicht, uns zu kontaktieren.<\/p>\n","protected":false},"excerpt":{"rendered":"<ul>\n<li>Sehr vielseitiger Griff mit verschiedenen Haltegriffen f\u00fcr eine oder zwei H\u00e4nde.<\/li>\n<li>Geeignet f\u00fcr jede \u00dcberh\u00e4ngung.<\/li>\n<li>Wir erhalten einen v\u00f6llig anderen Griff, wenn wir ihn einfach drehen.<\/li>\n<li>Sandsteinartige Textur.<\/li>\n<li>Ausgestattet mit zwei zus\u00e4tzlichen L\u00f6chern f\u00fcr Holzschrauben.<\/li>\n<\/ul>\n<p>&nbsp;<\/p>\n<p>&nbsp;<\/p>\n","protected":false},"featured_media":18745,"comment_status":"open","ping_status":"closed","template":"","meta":[],"product_brand":[],"product_cat":[418],"product_tag":[],"class_list":{"0":"post-16516","1":"product","2":"type-product","3":"status-publish","4":"has-post-thumbnail","6":"product_cat-klettergriffe","8":"first","9":"instock","10":"sale","11":"taxable","12":"shipping-taxable","13":"purchasable","14":"product-type-simple"},"_links":{"self":[{"href":"https:\/\/topholds.com\/de\/wp-json\/wp\/v2\/product\/16516","targetHints":{"allow":["GET"]}}],"collection":[{"href":"https:\/\/topholds.com\/de\/wp-json\/wp\/v2\/product"}],"about":[{"href":"https:\/\/topholds.com\/de\/wp-json\/wp\/v2\/types\/product"}],"replies":[{"embeddable":true,"href":"https:\/\/topholds.com\/de\/wp-json\/wp\/v2\/comments?post=16516"}],"wp:featuredmedia":[{"embeddable":true,"href":"https:\/\/topholds.com\/de\/wp-json\/wp\/v2\/media\/18745"}],"wp:attachment":[{"href":"https:\/\/topholds.com\/de\/wp-json\/wp\/v2\/media?parent=16516"}],"wp:term":[{"taxonomy":"product_brand","embeddable":true,"href":"https:\/\/topholds.com\/de\/wp-json\/wp\/v2\/product_brand?post=16516"},{"taxonomy":"product_cat","embeddable":true,"href":"https:\/\/topholds.com\/de\/wp-json\/wp\/v2\/product_cat?post=16516"},{"taxonomy":"product_tag","embeddable":true,"href":"https:\/\/topholds.com\/de\/wp-json\/wp\/v2\/product_tag?post=16516"}],"curies":[{"name":"wp","href":"https:\/\/api.w.org\/{rel}","templated":true}]}}