{"id":16526,"date":"2016-11-13T20:53:39","date_gmt":"2016-11-13T20:53:39","guid":{"rendered":"https:\/\/topholds.com\/oferta\/presas-escalada\/minta\/minta\/"},"modified":"2024-08-26T02:58:26","modified_gmt":"2024-08-26T02:58:26","slug":"minta","status":"publish","type":"product","link":"https:\/\/topholds.com\/de\/angebot\/klettergriffe\/minta\/","title":{"rendered":"Klettergriff-Paket Minta"},"content":{"rendered":"<p><strong>Minta ist ein Set aus 4 Klettergriffen<\/strong> mit sandstein\u00e4hnlicher Textur, das sich durch seine Vielseitigkeit und die F\u00e4higkeit auszeichnet, mehrere Griffe zu bieten.<\/p>\n<p>Durch Drehen dieser Griffe kannst du <strong>verschiedene Griffe am Rand sowie Einfinger- und Zweifingergriffe in der Mitte erzielen<\/strong>, was es erm\u00f6glicht, sie an unterschiedliche Schwierigkeitsgrade und Herausforderungen anzupassen.<\/p>\n<p>Um eine feste und dauerhafte Installation zu gew\u00e4hrleisten, wird empfohlen, <strong>M10x40 oder M8x40 Schrauben<\/strong> zu verwenden.<\/p>\n<p>Jeder <em>Grip des Minta-Sets<\/em> verf\u00fcgt \u00fcber <strong>ein zus\u00e4tzliches Loch f\u00fcr eine Anti-Rotationsschraube<\/strong>, was eine h\u00f6here Stabilit\u00e4t und Sicherheit w\u00e4hrend der Benutzung gew\u00e4hrleistet.<\/p>\n<p>Bitte beachte, dass die Farben des Produkts von dem angezeigten Bild abweichen k\u00f6nnen. Wenn du eine bestimmte Farbe w\u00fcnschst, z\u00f6gere nicht, uns zu kontaktieren.<\/p>\n","protected":false},"excerpt":{"rendered":"<ul>\n<li>Minta ist eine Sammlung von 4 Klettergriffen.<\/li>\n<li>Sandstein-Textur.<\/li>\n<li>Sehr vielseitige Griffe, mit deren Drehung wir verschiedene Haltepositionen erreichen.<\/li>\n<li>Alle mit einem Loch f\u00fcr eine Anti-Rotationsschraube.<\/li>\n<\/ul>\n","protected":false},"featured_media":18770,"comment_status":"open","ping_status":"closed","template":"","meta":[],"product_brand":[],"product_cat":[418],"product_tag":[],"class_list":{"0":"post-16526","1":"product","2":"type-product","3":"status-publish","4":"has-post-thumbnail","6":"product_cat-klettergriffe","8":"first","9":"instock","10":"taxable","11":"shipping-taxable","12":"purchasable","13":"product-type-simple"},"_links":{"self":[{"href":"https:\/\/topholds.com\/de\/wp-json\/wp\/v2\/product\/16526","targetHints":{"allow":["GET"]}}],"collection":[{"href":"https:\/\/topholds.com\/de\/wp-json\/wp\/v2\/product"}],"about":[{"href":"https:\/\/topholds.com\/de\/wp-json\/wp\/v2\/types\/product"}],"replies":[{"embeddable":true,"href":"https:\/\/topholds.com\/de\/wp-json\/wp\/v2\/comments?post=16526"}],"wp:featuredmedia":[{"embeddable":true,"href":"https:\/\/topholds.com\/de\/wp-json\/wp\/v2\/media\/18770"}],"wp:attachment":[{"href":"https:\/\/topholds.com\/de\/wp-json\/wp\/v2\/media?parent=16526"}],"wp:term":[{"taxonomy":"product_brand","embeddable":true,"href":"https:\/\/topholds.com\/de\/wp-json\/wp\/v2\/product_brand?post=16526"},{"taxonomy":"product_cat","embeddable":true,"href":"https:\/\/topholds.com\/de\/wp-json\/wp\/v2\/product_cat?post=16526"},{"taxonomy":"product_tag","embeddable":true,"href":"https:\/\/topholds.com\/de\/wp-json\/wp\/v2\/product_tag?post=16526"}],"curies":[{"name":"wp","href":"https:\/\/api.w.org\/{rel}","templated":true}]}}