{"id":16531,"date":"2016-11-13T21:07:10","date_gmt":"2016-11-13T21:07:10","guid":{"rendered":"https:\/\/topholds.com\/oferta\/presas-escalada\/loto\/loto\/"},"modified":"2024-08-26T03:00:31","modified_gmt":"2024-08-26T03:00:31","slug":"loto","status":"publish","type":"product","link":"https:\/\/topholds.com\/de\/angebot\/klettergriffe\/loto\/","title":{"rendered":"Klettergriff-Paket Loto"},"content":{"rendered":"<p><strong>Loto ist ein Set aus 5 Klettergriffen<\/strong> mit Sandsteinoberfl\u00e4che, das durch seine Vielseitigkeit und die F\u00e4higkeit, multiple Griffe anzubieten, hervorhebt.<\/p>\n<p>Indem du diese Griffe drehst, kannst du <strong>verschiedene Griffe erzielen, einschlie\u00dflich 2 einfingeriger Unterst\u00fctzungsgriffe<\/strong>, was es erm\u00f6glicht, sie an verschiedene Schwierigkeitsgrade und Herausforderungen anzupassen.<\/p>\n<p>Um eine feste und langlebige Installation zu gew\u00e4hrleisten, wird empfohlen, <strong>M10x40 oder M8x40 Schrauben<\/strong> zu verwenden.<\/p>\n<p>Jeder Griff des <em>Loto Griffsets<\/em> verf\u00fcgt \u00fcber ein zus\u00e4tzliches Loch f\u00fcr eine Antidrehschraube, um w\u00e4hrend der Benutzung eine h\u00f6here Stabilit\u00e4t und Sicherheit zu gew\u00e4hrleisten.<\/p>\n<p>Bitte beachte, dass die Farben des Produkts von der abgebildeten Farbe abweichen k\u00f6nnen. Wenn du eine bestimmte Farbe w\u00fcnschst, z\u00f6gere nicht, uns zu kontaktieren.<\/p>\n","protected":false},"excerpt":{"rendered":"<ul>\n<li>Loto ist ein Set von 5 Klettergriffen.<\/li>\n<li>Sandstein-Textur.<\/li>\n<li>Sehr vielseitige Griffe, durch Drehen erhalten wir verschiedene Haltegriffe, einschlie\u00dflich 2 Fingerl\u00f6cher als Unterst\u00fctzung.<\/li>\n<li>Alle mit einem Loch f\u00fcr eine Anti-Rotationsschraube.<\/li>\n<\/ul>\n","protected":false},"featured_media":18435,"comment_status":"open","ping_status":"closed","template":"","meta":[],"product_brand":[],"product_cat":[418],"product_tag":[],"class_list":{"0":"post-16531","1":"product","2":"type-product","3":"status-publish","4":"has-post-thumbnail","6":"product_cat-klettergriffe","8":"first","9":"instock","10":"taxable","11":"shipping-taxable","12":"purchasable","13":"product-type-simple"},"_links":{"self":[{"href":"https:\/\/topholds.com\/de\/wp-json\/wp\/v2\/product\/16531","targetHints":{"allow":["GET"]}}],"collection":[{"href":"https:\/\/topholds.com\/de\/wp-json\/wp\/v2\/product"}],"about":[{"href":"https:\/\/topholds.com\/de\/wp-json\/wp\/v2\/types\/product"}],"replies":[{"embeddable":true,"href":"https:\/\/topholds.com\/de\/wp-json\/wp\/v2\/comments?post=16531"}],"wp:featuredmedia":[{"embeddable":true,"href":"https:\/\/topholds.com\/de\/wp-json\/wp\/v2\/media\/18435"}],"wp:attachment":[{"href":"https:\/\/topholds.com\/de\/wp-json\/wp\/v2\/media?parent=16531"}],"wp:term":[{"taxonomy":"product_brand","embeddable":true,"href":"https:\/\/topholds.com\/de\/wp-json\/wp\/v2\/product_brand?post=16531"},{"taxonomy":"product_cat","embeddable":true,"href":"https:\/\/topholds.com\/de\/wp-json\/wp\/v2\/product_cat?post=16531"},{"taxonomy":"product_tag","embeddable":true,"href":"https:\/\/topholds.com\/de\/wp-json\/wp\/v2\/product_tag?post=16531"}],"curies":[{"name":"wp","href":"https:\/\/api.w.org\/{rel}","templated":true}]}}