{"id":16541,"date":"2016-11-20T17:48:38","date_gmt":"2016-11-20T17:48:38","guid":{"rendered":"https:\/\/topholds.com\/oferta\/presas-escalada\/tiky\/tiky\/"},"modified":"2024-08-26T03:04:00","modified_gmt":"2024-08-26T03:04:00","slug":"tiky","status":"publish","type":"product","link":"https:\/\/topholds.com\/de\/angebot\/klettergriffe\/kinder\/tiky\/","title":{"rendered":"Kinder-Klettergriff Tiky"},"content":{"rendered":"<p><strong>Tiky ist ein Kinderklettergriff<\/strong>, der entwickelt wurde, um die Psychomotorik zu bereichern und aktives Spiel sowie die k\u00f6rperliche Entwicklung bei den Kleinen zu f\u00f6rdern.<\/p>\n<p>Der Tiky-Griff ist <strong>geeignet f\u00fcr die Verwendung mit Stangen, Rohren mit 25 mm Durchmesser und Schwimmrohren<\/strong> mit 60 mm Durchmesser und bietet eine gro\u00dfe Auswahl an M\u00f6glichkeiten zur Erstellung von Parcours und Aktivit\u00e4ten.<\/p>\n<p>Mit diesen Griffen <strong>kannst du herausfordernde Hindernisse und B\u00f6gen gestalten und bauen<\/strong>, die die Kinder \u00fcberwinden und durchqueren m\u00fcssen, wodurch ihre Koordination und motorischen F\u00e4higkeiten gef\u00f6rdert werden.<\/p>\n<p>Dank seines Gewichts und seiner Stabilit\u00e4t ist der <strong>Tiky-Griff ideal, um sowohl am Boden als auch an der Wand angebracht zu werden<\/strong>. Dadurch lassen sich B\u00f6gen zwischen Wand und Boden oder Bodenparcours mit Stangen erstellen.<\/p>\n<p>Verwandle deinen Spielbereich in eine Umgebung voller Freude und Unterhaltung f\u00fcr die Kleinen, indem du unz\u00e4hlige Aktivit\u00e4ten und Herausforderungen anbietest, um sie aktiv und motiviert zu halten.<\/p>\n<p>Der Tiky-Griff kann <strong>einfach mit M10-, M8-Schrauben oder Schraubenzwingen an der Wand befestigt werden<\/strong>, was eine solide und langlebige Installation gew\u00e4hrleistet.<\/p>\n<p>Bitte beachte, dass die Farben des Produkts von dem abgebildeten Bild abweichen k\u00f6nnen. Wenn du eine bestimmte Farbe w\u00fcnschst, z\u00f6gere nicht, uns zu kontaktieren.<\/p>\n","protected":false},"excerpt":{"rendered":"<ul>\n<li>Tiky ist ein Kletterger\u00e4t f\u00fcr Kinder, um psychomotorische Parcours zu erstellen.<\/li>\n<li>Es f\u00f6rdert die Psychomotorik und die k\u00f6rperliche Entwicklung bei Kindern.<\/li>\n<li>Kompatibel mit 25 mm Stangen, Rohren und 60 mm Schwimmrohren.<\/li>\n<li>Erleichtert die Erstellung von Hindernissen und B\u00f6gen in Parcours.<\/li>\n<li>F\u00f6rdert den Spa\u00df und das Spiel bei den Kleinsten.<\/li>\n<\/ul>\n","protected":false},"featured_media":18825,"comment_status":"open","ping_status":"closed","template":"","meta":[],"product_brand":[],"product_cat":[457],"product_tag":[],"class_list":{"0":"post-16541","1":"product","2":"type-product","3":"status-publish","4":"has-post-thumbnail","6":"product_cat-kinder","8":"first","9":"instock","10":"sale","11":"taxable","12":"shipping-taxable","13":"purchasable","14":"product-type-simple"},"_links":{"self":[{"href":"https:\/\/topholds.com\/de\/wp-json\/wp\/v2\/product\/16541","targetHints":{"allow":["GET"]}}],"collection":[{"href":"https:\/\/topholds.com\/de\/wp-json\/wp\/v2\/product"}],"about":[{"href":"https:\/\/topholds.com\/de\/wp-json\/wp\/v2\/types\/product"}],"replies":[{"embeddable":true,"href":"https:\/\/topholds.com\/de\/wp-json\/wp\/v2\/comments?post=16541"}],"wp:featuredmedia":[{"embeddable":true,"href":"https:\/\/topholds.com\/de\/wp-json\/wp\/v2\/media\/18825"}],"wp:attachment":[{"href":"https:\/\/topholds.com\/de\/wp-json\/wp\/v2\/media?parent=16541"}],"wp:term":[{"taxonomy":"product_brand","embeddable":true,"href":"https:\/\/topholds.com\/de\/wp-json\/wp\/v2\/product_brand?post=16541"},{"taxonomy":"product_cat","embeddable":true,"href":"https:\/\/topholds.com\/de\/wp-json\/wp\/v2\/product_cat?post=16541"},{"taxonomy":"product_tag","embeddable":true,"href":"https:\/\/topholds.com\/de\/wp-json\/wp\/v2\/product_tag?post=16541"}],"curies":[{"name":"wp","href":"https:\/\/api.w.org\/{rel}","templated":true}]}}