{"id":16551,"date":"2016-11-20T18:54:02","date_gmt":"2016-11-20T18:54:02","guid":{"rendered":"https:\/\/topholds.com\/oferta\/presas-escalada\/tubis\/tubis\/"},"modified":"2024-08-26T03:06:53","modified_gmt":"2024-08-26T03:06:53","slug":"tubis","status":"publish","type":"product","link":"https:\/\/topholds.com\/de\/angebot\/klettergriffe\/kinder\/tubis\/","title":{"rendered":"Kinder-Klettergriff-Paket Tubis"},"content":{"rendered":"<p><strong>Tubis ist ein Set aus 6 Klettergriffen<\/strong>, die multifunktional gestaltet sind, um Bewegungsparcours zu erstellen und das Spiel sowie die k\u00f6rperliche Aktivit\u00e4t bei den Kleinsten zu f\u00f6rdern.<\/p>\n<p>Die Tubis-Griffe sind <strong>kompatibel mit Stangen und Rohren mit einem Durchmesser von 25 mm<\/strong>, wie zum Beispiel mit Rohrleitungen, die du leicht mit bunten B\u00e4ndern dekorieren kannst, um \u00e4sthetisch ansprechende und lustige Ergebnisse zu erzielen \u2013 und das zu geringen Kosten. Mit diesem <em>Set von Kindergiffen<\/em> kannst du Hindernisse und B\u00f6gen erschaffen, durch die die Kinder klettern m\u00fcssen, was ihre Koordination und motorischen F\u00e4higkeiten anregt.<\/p>\n<p>Wenn sie nicht mit Rohren verwendet werden, sind die Tubis-Griffe sorgf\u00e4ltig <strong>so gestaltet, dass sie sich an kleine H\u00e4nde anpassen<\/strong> und positive Leisten, Kanten und Mulden bieten, trotz ihrer kompakten Gr\u00f6\u00dfe.<\/p>\n<p>Verwandle deine <strong>Kletterwand in einen Raum voller Freude und Spa\u00df f\u00fcr die Kleinen<\/strong>, sodass unz\u00e4hlige Spiele und Aktivit\u00e4ten geschaffen werden k\u00f6nnen, um sie besch\u00e4ftigt und aktiv zu halten.<\/p>\n<p>F\u00fcr die Installation wird empfohlen, <strong>M10x30 oder M8x30 Schrauben<\/strong> zu verwenden.<\/p>\n<p>Bitte beachten, dass die Farben des Produkts von dem gezeigten Bild abweichen k\u00f6nnen. Wenn du eine bestimmte Farbe w\u00fcnschst, z\u00f6gere nicht, uns zu kontaktieren.<\/p>\n","protected":false},"excerpt":{"rendered":"<ul>\n<li>Tubis ist ein Set aus 6 Klettergriffen f\u00fcr Kinder.<\/li>\n<li>F\u00f6rdert die Psychomotorik und Koordination bei Kindern.<\/li>\n<li>Kompatibel mit Stangen und Rohren mit einem Durchmesser von 25 mm.<\/li>\n<li>Stimuliert die Kreativit\u00e4t beim Erstellen von Kursen und Hindernissen.<\/li>\n<li>Entwickelt, um sich an kleine H\u00e4nde anzupassen.<\/li>\n<\/ul>\n","protected":false},"featured_media":18636,"comment_status":"open","ping_status":"closed","template":"","meta":[],"product_brand":[],"product_cat":[457],"product_tag":[],"class_list":{"0":"post-16551","1":"product","2":"type-product","3":"status-publish","4":"has-post-thumbnail","6":"product_cat-kinder","8":"first","9":"instock","10":"taxable","11":"shipping-taxable","12":"purchasable","13":"product-type-simple"},"_links":{"self":[{"href":"https:\/\/topholds.com\/de\/wp-json\/wp\/v2\/product\/16551","targetHints":{"allow":["GET"]}}],"collection":[{"href":"https:\/\/topholds.com\/de\/wp-json\/wp\/v2\/product"}],"about":[{"href":"https:\/\/topholds.com\/de\/wp-json\/wp\/v2\/types\/product"}],"replies":[{"embeddable":true,"href":"https:\/\/topholds.com\/de\/wp-json\/wp\/v2\/comments?post=16551"}],"wp:featuredmedia":[{"embeddable":true,"href":"https:\/\/topholds.com\/de\/wp-json\/wp\/v2\/media\/18636"}],"wp:attachment":[{"href":"https:\/\/topholds.com\/de\/wp-json\/wp\/v2\/media?parent=16551"}],"wp:term":[{"taxonomy":"product_brand","embeddable":true,"href":"https:\/\/topholds.com\/de\/wp-json\/wp\/v2\/product_brand?post=16551"},{"taxonomy":"product_cat","embeddable":true,"href":"https:\/\/topholds.com\/de\/wp-json\/wp\/v2\/product_cat?post=16551"},{"taxonomy":"product_tag","embeddable":true,"href":"https:\/\/topholds.com\/de\/wp-json\/wp\/v2\/product_tag?post=16551"}],"curies":[{"name":"wp","href":"https:\/\/api.w.org\/{rel}","templated":true}]}}