{"id":16561,"date":"2017-01-04T14:57:53","date_gmt":"2017-01-04T14:57:53","guid":{"rendered":"https:\/\/topholds.com\/oferta\/accesorios\/bola-de-magnesio-recargable\/wiederaufladbarer-magnesiumball\/"},"modified":"2024-08-26T03:09:36","modified_gmt":"2024-08-26T03:09:36","slug":"wiederaufladbarer-magnesiumball","status":"publish","type":"product","link":"https:\/\/topholds.com\/de\/angebot\/zubehoer\/magnesium-zubehoer\/wiederaufladbarer-magnesiumball\/","title":{"rendered":"Wiederaufladbarer Magnesiumball"},"content":{"rendered":"<p>Die <strong>wiederaufladbare Magnesiumkugel<\/strong> ist eine praktische L\u00f6sung, um deine H\u00e4nde w\u00e4hrend deiner sportlichen Aktivit\u00e4ten trocken und mit optimalem Grip zu halten.<\/p>\n<p>Mit einer Kapazit\u00e4t von 56 g Magnesium f\u00fcllst du die Kugel einfach bei Bedarf mit Magnesium auf, um eine optimale Leistung aufrechtzuerhalten.<\/p>\n","protected":false},"excerpt":{"rendered":"<ul>\n<li>Wiederaufladbarer Magnesiumball 56g.<\/li>\n<li>Erzielt Griff und trocknet deine H\u00e4nde, ohne alles zu beschmutzen.<\/li>\n<li>Bequemer und sicherer Verschluss.<\/li>\n<\/ul>\n","protected":false},"featured_media":18870,"comment_status":"open","ping_status":"closed","template":"","meta":[],"product_brand":[],"product_cat":[485,421],"product_tag":[],"class_list":{"0":"post-16561","1":"product","2":"type-product","3":"status-publish","4":"has-post-thumbnail","6":"product_cat-magnesium-zubehoer","7":"product_cat-zubehoer","8":"product_shipping_class-economy-versand","10":"first","11":"instock","12":"taxable","13":"shipping-taxable","14":"purchasable","15":"product-type-simple"},"_links":{"self":[{"href":"https:\/\/topholds.com\/de\/wp-json\/wp\/v2\/product\/16561","targetHints":{"allow":["GET"]}}],"collection":[{"href":"https:\/\/topholds.com\/de\/wp-json\/wp\/v2\/product"}],"about":[{"href":"https:\/\/topholds.com\/de\/wp-json\/wp\/v2\/types\/product"}],"replies":[{"embeddable":true,"href":"https:\/\/topholds.com\/de\/wp-json\/wp\/v2\/comments?post=16561"}],"wp:featuredmedia":[{"embeddable":true,"href":"https:\/\/topholds.com\/de\/wp-json\/wp\/v2\/media\/18870"}],"wp:attachment":[{"href":"https:\/\/topholds.com\/de\/wp-json\/wp\/v2\/media?parent=16561"}],"wp:term":[{"taxonomy":"product_brand","embeddable":true,"href":"https:\/\/topholds.com\/de\/wp-json\/wp\/v2\/product_brand?post=16561"},{"taxonomy":"product_cat","embeddable":true,"href":"https:\/\/topholds.com\/de\/wp-json\/wp\/v2\/product_cat?post=16561"},{"taxonomy":"product_tag","embeddable":true,"href":"https:\/\/topholds.com\/de\/wp-json\/wp\/v2\/product_tag?post=16561"}],"curies":[{"name":"wp","href":"https:\/\/api.w.org\/{rel}","templated":true}]}}